{"id":57394,"date":"2021-08-06T16:33:00","date_gmt":"2021-08-06T14:33:00","guid":{"rendered":"https:\/\/www.xaro.nl\/product\/thermocold-professional-einbau-eckkuehlschrank-1181-liter\/"},"modified":"2021-08-06T16:33:00","modified_gmt":"2021-08-06T14:33:00","slug":"thermocold-professional-einbau-eckkuehlschrank-1181-liter","status":"publish","type":"product","link":"https:\/\/www.xaro.nl\/de\/thermocold-professional-einbau-eckkuehlschrank-1181-liter\/","title":{"rendered":"Thermocold Professional Einbau-Eckk\u00fchlschrank &#8211; 1181 Liter"},"content":{"rendered":"<h5>Thermocold Eckk\u00fchlschrank professionell integrierbar:<\/h5>\n<p>Der gr\u00f6\u00dfte und leistungsst\u00e4rkste Eckk\u00fchlschrank f\u00fcr <strong>Profis<\/strong> und <strong>Unternehmen<\/strong>.<\/p>\n<p><strong>Exklusiv bei XARO erh\u00e4ltlich!<\/strong><\/p>\n<p>Der Traum vom guten und freien Platz in Ihrem K\u00fchlschrank kann wahr werden. Der in Norwegen hergestellte Eckk\u00fchlschrank von Thermocold ist hochwertig, hygienisch, einfach zu bedienen, verbraucht wenig Energie und hat ein modernes Design.  Die W\u00e4nde, B\u00f6den und Decken sind aus Stahl und haben eine bakterient\u00f6tende und lebensmittelsichere Oberfl\u00e4che. Die lebensmittelechte Oberfl\u00e4che h\u00e4lt der Abnutzung \u00fcber einen langen Zeitraum stand und ist sehr leicht sauber zu halten. Die Einlegeb\u00f6den des Eckk\u00fchlschranks sind stabil und sicher. Sie halten der Verwendung von Stahlkesseln stand, ohne zu verkratzen und mit der Zeit matt zu werden. Der K\u00fchlschrank hat ein Fassungsverm\u00f6gen von 1181 Litern; das entspricht dem Fassungsverm\u00f6gen von 5 Standard-K\u00fchlschr\u00e4nken.<\/p>\n<ul>\n<li>Nettovolumen: 1181 Liter<\/li>\n<li>H\u00f6he: 1948 + Sockel (Sockel 150 mm verstellbar +\/-)<\/li>\n<li>Tiefe: 583 linke Seite 577, rechte Seite 573 + 40 Luftspalt<\/li>\n<li>Breite: 1015 aus jedem Winkel<\/li>\n<li>Lassen Sie immer mindestens 10 mm Abstand zur vorhandenen Wand<\/li>\n<li>Isolierung: 54 mm Polyurethan<\/li>\n<li>Stromverbrauch: 1,4 A 220V 220-240V -50Hz<\/li>\n<li>Klimaklasse: T<\/li>\n<li>K\u00e4ltemittel: R600a, Menge: 106 g<\/li>\n<li>Thermostat Typ: Digitaler Thermostat<\/li>\n<li>Abtauung: automatische Abtauung<\/li>\n<li>5 Jahre Herstellergarantie<\/li>\n<\/ul>\n<p><strong>Achtung! Dieser Eckk\u00fchlschrank ist nur f\u00fcr den gewerblichen Gebrauch bestimmt.<\/strong><\/p>\n<p>Viele Kinderg\u00e4rten nutzen diesen Eckk\u00fchlschrank, um ihre Lebensmittel intelligenter und effektiver zu lagern. Der Schrank hat ein zartes wei\u00dfes Interieur mit gl\u00e4nzenden Einlegeb\u00f6den, die vor wei\u00dfen W\u00e4nden gut aussehen. Der Innenraum wird voll ausgenutzt, denn die weit nach vorne gezogenen Einlegeb\u00f6den schaffen unschlagbaren Stauraum. Die verdrahteten Einlegeb\u00f6den sorgen f\u00fcr eine schnellere K\u00fchlung und eine l\u00e4ngere Haltbarkeit Ihrer Lebensmittel. Gleichzeitig erhalten Sie einen guten \u00dcberblick und die Kontrolle dar\u00fcber, was Sie im K\u00fchlschrank haben. Im Inneren des K\u00fchlschranks befindet sich eine bakteriostatische, lebensmittelechte Oberfl\u00e4che. Dies sorgt f\u00fcr eine haltbare und hygienische Oberfl\u00e4che. Der K\u00fchlschrank ist so gebaut, dass Sie problemlos lange T\u00f6pfe und (Wasser-)Kannen hineinstellen k\u00f6nnen. Superleistung mit intelligenter Technologie: Das Ger\u00e4t selbst verf\u00fcgt \u00fcber einen einzigartigen invertergesteuerten Kompressor, der die Leistung bei Bedarf automatisch anpasst, d.h. der K\u00fchlschrank kann bei Bedarf umschalten und zus\u00e4tzliche K\u00fchlleistung liefern oder einfach nur niedrige Temperaturen halten. Dies sorgt f\u00fcr eine schnellere K\u00fchlung und eine l\u00e4ngere Haltbarkeit der Lebensmittel.        <\/p>\n<p>Die LED-Lampe mit Bewegungssensor sorgt f\u00fcr ein starkes und gutes Licht, das sich im Schrank ausbreitet.<\/p>\n<p>Als zus\u00e4tzliche Ausstattung k\u00f6nnen Sie w\u00e4hlen:<\/p>\n<ul>\n<li>Eine kalte Aschet\u00fcr (die verhindert, dass kalte Luft aus dem Schrank str\u00f6mt).<\/li>\n<li>Eine Mineralwassertafel f\u00fcr Softdrinks oder Wein.<\/li>\n<li>Regale, die das Ablegen kleinerer Produkte erleichtern.<\/li>\n<\/ul>\n<p><strong>Warum Thermocold?<\/strong><\/p>\n<ul>\n<li>Geringster Energieverbrauch auf dem Markt<\/li>\n<li>Gro\u00dfes Innenvolumen, 1181 Liter<\/li>\n<li>Niedriger Ger\u00e4uschpegel<\/li>\n<li>Gr\u00f6\u00dfte Ablagefl\u00e4che<\/li>\n<li>Antimikrobielle W\u00e4nde, B\u00f6den und Decken<\/li>\n<li>Einfache Wartung mit Staubfilter<\/li>\n<li>H\u00f6chste K\u00fchlleistung<\/li>\n<li>Norwegische Qualit\u00e4t &#8211; solide und langlebig<\/li>\n<li>Einfache Installation<\/li>\n<\/ul>\n","protected":false},"excerpt":{"rendered":"<p>Der Traum vom guten und freien Platz in Ihrem K\u00fchlschrank kann wahr werden. Der in Norwegen hergestellte Eckk\u00fchlschrank von Thermocold ist hochwertig, hygienisch, einfach zu bedienen, verbraucht wenig Energie und hat ein modernes Design. <\/p>\n","protected":false},"featured_media":24789,"comment_status":"open","ping_status":"closed","template":"","meta":{"_acf_changed":false,"inline_featured_image":false},"product_brand":[],"product_cat":[320],"product_tag":[426],"class_list":{"0":"post-57394","1":"product","2":"type-product","3":"status-publish","4":"has-post-thumbnail","6":"product_cat-eckkuhlschranke","7":"product_tag-thermocold-de","8":"tm-no-options","10":"first","11":"instock","12":"taxable","13":"shipping-taxable","14":"purchasable","15":"product-type-simple"},"acf":[],"jetpack_sharing_enabled":true,"tiered_pricing_type":"fixed","tiered_pricing_fixed_rules":[],"tiered_pricing_product_settings":{"layout":"default","base_unit_name":{"singular":null,"plural":null},"default_variation":null},"tiered_pricing_minimum_quantity":null,"tiered_pricing_roles_data":[],"tiered_pricing_percentage_rules":[],"_links":{"self":[{"href":"https:\/\/www.xaro.nl\/de\/wp-json\/wp\/v2\/product\/57394","targetHints":{"allow":["GET"]}}],"collection":[{"href":"https:\/\/www.xaro.nl\/de\/wp-json\/wp\/v2\/product"}],"about":[{"href":"https:\/\/www.xaro.nl\/de\/wp-json\/wp\/v2\/types\/product"}],"replies":[{"embeddable":true,"href":"https:\/\/www.xaro.nl\/de\/wp-json\/wp\/v2\/comments?post=57394"}],"version-history":[{"count":0,"href":"https:\/\/www.xaro.nl\/de\/wp-json\/wp\/v2\/product\/57394\/revisions"}],"wp:featuredmedia":[{"embeddable":true,"href":"https:\/\/www.xaro.nl\/de\/wp-json\/wp\/v2\/media\/24789"}],"wp:attachment":[{"href":"https:\/\/www.xaro.nl\/de\/wp-json\/wp\/v2\/media?parent=57394"}],"wp:term":[{"taxonomy":"product_brand","embeddable":true,"href":"https:\/\/www.xaro.nl\/de\/wp-json\/wp\/v2\/product_brand?post=57394"},{"taxonomy":"product_cat","embeddable":true,"href":"https:\/\/www.xaro.nl\/de\/wp-json\/wp\/v2\/product_cat?post=57394"},{"taxonomy":"product_tag","embeddable":true,"href":"https:\/\/www.xaro.nl\/de\/wp-json\/wp\/v2\/product_tag?post=57394"}],"curies":[{"name":"wp","href":"https:\/\/api.w.org\/{rel}","templated":true}]}}