{"id":55060,"date":"2025-02-19T12:46:30","date_gmt":"2025-02-19T11:46:30","guid":{"rendered":"https:\/\/www.xaro.nl\/?post_type=product&#038;p=55060"},"modified":"2025-12-19T13:40:55","modified_gmt":"2025-12-19T12:40:55","slug":"nimo-trockner-warmepumpe-dc-120-ww-weis","status":"publish","type":"product","link":"https:\/\/www.xaro.nl\/de\/nimo-trockner-warmepumpe-dc-120-ww-weis\/","title":{"rendered":"NIMO Lufttrockner &#8211; DC 120 WW &#8211; Wei\u00df"},"content":{"rendered":"<h2 style=\"font-size: 16px; font-weight: 600; font-family: open sans; color: #202b34; text-align: left;\">NIMO Lufttrockner &#8211; DC 120 WW &#8211; Wei\u00df<\/h2>\n<p style=\"font-weight: 400;\">Der <strong>NIMO DC 120 WW<\/strong> ist ein fortschrittlicher <strong>Ablufttrockner<\/strong> mit <strong>sensorgesteuerter Technologie<\/strong>, die die Luftfeuchtigkeit im Schrank misst und die Trockenzeit automatisch anpasst. Dank der intelligenten Luftstromsteuerung wird die Kleidung effizient und energiesparend getrocknet, ohne \u00fcberm\u00e4\u00dfige Hitze, die die Textilien besch\u00e4digen kann. Damit ist der Trockner ideal f\u00fcr Sportvereine und professionelle Anwendungen, wie das Trocknen von Arbeitskleidung und Feuerwehranz\u00fcgen.<\/p>\n<p style=\"font-weight: 400;\">Der Trockner bietet mehrere <strong>abnehmbare Aufh\u00e4ngel\u00f6sungen<\/strong>. 4 Spezialb\u00fcgel f\u00fcr Anz\u00fcge und 4 Handschuhb\u00fcgel an den T\u00fcren geh\u00f6ren zur Standardausstattung. Ein Deckenb\u00fcgel f\u00fcr Schuhe und Handschuhe ist auch separat erh\u00e4ltlich, um diese Kleidungsst\u00fccke zu impr\u00e4gnieren. Dies gew\u00e4hrleistet eine optimale Luftzirkulation durch die Kleidungsst\u00fccke und eine gleichm\u00e4\u00dfige Trocknung. Au\u00dferdem verhindert der Trockner das Austreten von feuchter Luft, indem er mit <strong>Unterdruck<\/strong> arbeitet, was einen kontrollierten und effizienten Luftabzug gew\u00e4hrleistet.<\/p>\n<h2 style=\"font-size: 16px; font-weight: 600; font-family: open sans; color: #202b34; text-align: left;\">Wie funktioniert der DC 120 WW W\u00e4schetrockner-Absauger?<\/h2>\n<p style=\"font-weight: 400;\">Der <strong>Trockenschrank DC 120 WW<\/strong> verwendet ein leistungsstarkes Abluftsystem. Die feuchte Luft wird aus dem Schrank gesaugt und \u00fcber einen <strong>L\u00fcftungskanal<\/strong> direkt nach au\u00dfen abgeleitet. So werden die Kleidungsst\u00fccke schnell und effizient getrocknet, ohne dass sich im Raum Kondenswasser bildet.<\/p>\n<p style=\"font-weight: 400;\">Mit einer <strong>Trocknungskapazit\u00e4t<\/strong> von 4 Packungen bietet der Schrank gen\u00fcgend Platz f\u00fcr verschiedene Arten von Textilien, einschlie\u00dflich empfindlicher Stoffe und Spezialkleidung.<\/p>\n<p><strong>Der Trockner verf\u00fcgt \u00fcber zwei automatische Trockenprogramme:<\/strong><\/p>\n<ol>\n<li>\n<p data-start=\"0\" data-end=\"252\"><strong data-start=\"0\" data-end=\"15\">Impr\u00e4gnierung<\/strong> &#8211; Wird zum Trocknen neuerer Interventionskleidung mit einer impr\u00e4gnierten Oberfl\u00e4chenschicht verwendet. Das Programm restauriert\/erneuert diese Oberfl\u00e4chenschicht. Bei diesem Programm wird eine hohe Temperatur f\u00fcr die Impr\u00e4gnierung verwendet.<\/p>\n<\/li>\n<li>\n<p data-start=\"0\" data-end=\"252\"><strong data-start=\"254\" data-end=\"265\">Normal<\/strong> &#8211; Wird zum Trocknen \u00e4lterer, gef\u00fctterter Interventionskleidung verwendet. Dieses Programm trocknet bei einer niedrigeren Temperatur.<\/p>\n<\/li>\n<\/ol>\n<p style=\"font-weight: 400;\">Der integrierte <strong>Trocknungssensor<\/strong> erkennt automatisch den Feuchtigkeitsgehalt der Kleidung und stoppt das Programm, sobald die Textilien vollst\u00e4ndig trocken sind. So wird keine Energie verschwendet und die Kleidung bleibt in bestem Zustand.<\/p>\n<h3 style=\"font-size: 16px; font-weight: 600; font-family: open sans; color: #202b34; text-align: left;\">Trockenschrank Abluft vs. W\u00e4rmepumpe<\/h3>\n<p style=\"font-weight: 400;\">Im Gegensatz zu einem W\u00e4rmepumpentrockner, der die warme Luft umw\u00e4lzt und die Feuchtigkeit kondensiert, leitet ein Ablufttrockner die <strong>feuchte Luft direkt nach au\u00dfen<\/strong> ab. Dies gew\u00e4hrleistet eine **k\u00fcrzere Trocknungszeit** und ist ideal f\u00fcr R\u00e4ume mit geeigneter Abluft.<\/p>\n<p style=\"font-weight: 400;\">Ein Ablufttrockner eignet sich besonders f\u00fcr Situationen, in denen es auf Schnelligkeit und Effizienz ankommt, wie z.B. in Sportanlagen, Umkleider\u00e4umen und Werkst\u00e4tten. Das System ist robust und wartungsarm, was es zu einer dauerhaften Wahl f\u00fcr eine intensive Nutzung macht.<\/p>\n<h3 style=\"font-size: 16px; font-weight: 600; font-family: open sans; color: #202b34; text-align: left;\">Technische Daten DC 120 WW<\/h3>\n<ul>\n<li><strong>Trocknungssystem:<\/strong> Abluft<\/li>\n<li><strong>Stromanschluss:<\/strong> 3N AC 400V 50HZ<\/li>\n<li><strong>Anzahl der Programme: <\/strong>2<\/li>\n<li><strong>Trocknungssensor:<\/strong> Ja<\/li>\n<li><strong>Bedienung:<\/strong> Touchscreen<\/li>\n<li><strong>Programmsteuerung:<\/strong> Mikroprozessor<\/li>\n<li><strong>\u00dcberhitzungsschutz:<\/strong> Ja<\/li>\n<li><strong>Farbe:<\/strong> Wei\u00df<\/li>\n<li><strong>H\u00f6he:<\/strong> 1970 mm<\/li>\n<li><strong>Breite:<\/strong> 1200 mm<\/li>\n<li><strong>Tiefe: <\/strong>750 mm<\/li>\n<li><strong>Gewicht:<\/strong> 172 kg<\/li>\n<li><strong>T\u00fcr:<\/strong> Doppelt\u00fcren<\/li>\n<li><strong>Leistung normale Trocknung:<\/strong> 57 g\/min<\/li>\n<li><strong>Luftstrom:<\/strong> 250 m\u00b3\/h<\/li>\n<\/ul>\n","protected":false},"excerpt":{"rendered":"<p>Der DC 120 WW Ablufttrockenschrank ist eine effiziente L\u00f6sung zum Trocknen von Berufsbekleidung. Mit 4 abnehmbaren B\u00fcgeln ist dieser Trockner f\u00fcr das Trocknen und Impr\u00e4gnieren von Interventionskleidung und \u00e4hnlicher Membrankleidung geeignet! &#8211; trocknet Textilien schnell und gr\u00fcndlich. Dank der direkten Luftabsaugung gibt es keine Kondensation und der Luftstrom bleibt optimal. Au\u00dferdem besteht keine Gefahr der Abnutzung von Textilien, was ein wesentlicher Vorteil gegen\u00fcber herk\u00f6mmlichen W\u00e4schetrocknern mit rotierender Trommel ist.<\/p>\n<p><strong>Bitte beachten Sie:<\/strong> Die Lieferung erfolgt standardm\u00e4\u00dfig mit <strong>4<\/strong> Kleiderb\u00fcgeln f\u00fcr Anz\u00fcge und <strong>4<\/strong> Handschuhhaltern, die an den T\u00fcren befestigt sind. Schuhe und Handschuhhalter f\u00fcr die Impr\u00e4gnierung sind separat erh\u00e4ltlich.<\/p>\n","protected":false},"featured_media":56617,"comment_status":"closed","ping_status":"closed","template":"","meta":{"_acf_changed":false,"inline_featured_image":false},"product_brand":[],"product_cat":[316,315],"product_tag":[491,383,381,382],"class_list":{"0":"post-55060","1":"product","2":"type-product","3":"status-publish","4":"has-post-thumbnail","6":"product_cat-ablufttrockner","7":"product_cat-trockenschranke","8":"product_tag-airways","9":"product_tag-dry-box","10":"product_tag-nimo-trockenschrank","11":"product_tag-nimoverken-de","12":"product_shipping_class-trockenschraenke-de","13":"tm-no-options","15":"first","16":"instock","17":"taxable","18":"shipping-taxable","19":"purchasable","20":"product-type-simple"},"acf":[],"jetpack_sharing_enabled":true,"tiered_pricing_type":"fixed","tiered_pricing_fixed_rules":[],"tiered_pricing_product_settings":{"layout":"default","base_unit_name":{"singular":null,"plural":null},"default_variation":null},"tiered_pricing_minimum_quantity":null,"tiered_pricing_roles_data":[],"tiered_pricing_percentage_rules":[],"_links":{"self":[{"href":"https:\/\/www.xaro.nl\/de\/wp-json\/wp\/v2\/product\/55060","targetHints":{"allow":["GET"]}}],"collection":[{"href":"https:\/\/www.xaro.nl\/de\/wp-json\/wp\/v2\/product"}],"about":[{"href":"https:\/\/www.xaro.nl\/de\/wp-json\/wp\/v2\/types\/product"}],"replies":[{"embeddable":true,"href":"https:\/\/www.xaro.nl\/de\/wp-json\/wp\/v2\/comments?post=55060"}],"version-history":[{"count":5,"href":"https:\/\/www.xaro.nl\/de\/wp-json\/wp\/v2\/product\/55060\/revisions"}],"predecessor-version":[{"id":56604,"href":"https:\/\/www.xaro.nl\/de\/wp-json\/wp\/v2\/product\/55060\/revisions\/56604"}],"wp:featuredmedia":[{"embeddable":true,"href":"https:\/\/www.xaro.nl\/de\/wp-json\/wp\/v2\/media\/56617"}],"wp:attachment":[{"href":"https:\/\/www.xaro.nl\/de\/wp-json\/wp\/v2\/media?parent=55060"}],"wp:term":[{"taxonomy":"product_brand","embeddable":true,"href":"https:\/\/www.xaro.nl\/de\/wp-json\/wp\/v2\/product_brand?post=55060"},{"taxonomy":"product_cat","embeddable":true,"href":"https:\/\/www.xaro.nl\/de\/wp-json\/wp\/v2\/product_cat?post=55060"},{"taxonomy":"product_tag","embeddable":true,"href":"https:\/\/www.xaro.nl\/de\/wp-json\/wp\/v2\/product_tag?post=55060"}],"curies":[{"name":"wp","href":"https:\/\/api.w.org\/{rel}","templated":true}]}}