{"id":55038,"date":"2024-12-11T15:52:14","date_gmt":"2024-12-11T14:52:14","guid":{"rendered":"https:\/\/www.xaro.nl\/product\/winefit-all-in-1-slim-weinlagerungssystem-open-panel\/"},"modified":"2025-02-12T21:55:51","modified_gmt":"2025-02-12T20:55:51","slug":"winefit-all-in-1-slim-weinlagersystem-open-panel","status":"publish","type":"product","link":"https:\/\/www.xaro.nl\/de\/winefit-all-in-1-slim-weinlagersystem-open-panel\/","title":{"rendered":"Winefit ALL-IN 1 SLIM Weinlagersystem &#8211; Open Panel"},"content":{"rendered":"<h2 style=\"font-size: 17px; font-weight: bold; font-family: open sans; color: #1d242d; text-align: left;\">Perfektes Weinerlebnis f\u00fcr zu Hause oder f\u00fcr den professionellen Gebrauch<\/h2>\n<p>Das Winefit ALL-IN 1 SLIM Weinlagersystem ist die innovative Einbaul\u00f6sung, die f\u00fcr private Weinliebhaber und Profis gleicherma\u00dfen entwickelt wurde. Dieses raffinierte Ger\u00e4t f\u00fcgt sich nahtlos in Luxusk\u00fcchen ein und bietet ein \u00e4sthetisches Design, das h\u00f6chsten Qualit\u00e4tsanspr\u00fcchen gerecht wird. Seine patentierte Technologie erm\u00f6glicht es Ihnen, Ihre Lieblingsflaschen mit stillem Wein, Sekt und sogar Lebensmitteln perfekt aufzubewahren. Sparen Sie Kosten, reduzieren Sie Abfall und genie\u00dfen Sie den besten Geschmack und die besten Aromen noch Wochen nach dem \u00d6ffnen.<\/p>\n<h2 style=\"font-size: 17px; font-weight: bold; font-family: open sans; color: #1d242d; text-align: left;\">Die wichtigsten Merkmale des Winefit ALL-IN 1 SLIM<\/h2>\n<h3 style=\"font-size: 16px; font-weight: 600; font-family: open sans; color: #1d242d; text-align: left;\">1. Stille Weinkonservierung<\/h3>\n<p>Dank der patentierten Vakuumtechnologie wird die Oxidation von stillen Weinen verhindert. Dadurch bleiben Geschmack und Aroma erhalten, so dass Sie Ihren Lieblingswein wochenlang genie\u00dfen k\u00f6nnen, als ob er gerade erst ge\u00f6ffnet worden w\u00e4re.<\/p>\n<h3 style=\"font-size: 16px; font-weight: 600; font-family: open sans; color: #1d242d; text-align: left;\">2. Sekt &amp; Champagner<\/h3>\n<p>Das einzigartige Co2-Konservierungssystem h\u00e4lt den perfekten Druck in Schaumweinen aufrecht. Der speziell entwickelte Stopfen sorgt daf\u00fcr, dass Bl\u00e4schen und Geschmack intakt bleiben, mit einer garantierten Haltbarkeit von mindestens zwei Wochen.<\/p>\n<h3 style=\"font-size: 16px; font-weight: 600; font-family: open sans; color: #1d242d; text-align: left;\">3. Lebensmittel frisch<\/h3>\n<p>Verwenden Sie das Vakuumierzubeh\u00f6r und den luftdichten Beh\u00e4lter (im Lieferumfang enthalten), um Lebensmittel frisch zu halten. Die Oxidation wird blockiert, das Bakterienwachstum verlangsamt und Schimmelbildung verhindert. Das macht ihn ideal f\u00fcr Haushalte und Gro\u00dfk\u00fcchen, die Lebensmittelabf\u00e4lle reduzieren m\u00f6chten.<\/p>\n<h2 style=\"font-size: 17px; font-weight: bold; font-family: open sans; color: #1d242d; text-align: left;\">Nachhaltigkeit und Kosteneinsparungen<\/h2>\n<p>Der ALL-IN 1 SLIM ist eine umweltfreundliche Wahl. Das Vakuumsystem macht Argongas \u00fcberfl\u00fcssig, und die pr\u00e4zise Co2-Injektion verhindert Abfall. Weniger Glas-, Papier- und Plastikabf\u00e4lle bedeuten einen nachhaltigen Lebensstil sowie direkte Einsparungen bei den Kosten f\u00fcr Wein und Lebensmittel. F\u00fcr Profis bietet das Ger\u00e4t eine schnelle Amortisierung der Investition, da es in der Lage ist, Wein glasweise anzubieten, einschlie\u00dflich exklusiver und hochwertiger Weine.<\/p>\n<h2 style=\"font-size: 17px; font-weight: bold; font-family: open sans; color: #1d242d; text-align: left;\">Ein Design f\u00fcr Luxusk\u00fcchen<\/h2>\n<p>Der Winefit ALL-IN 1 SLIM ist in zwei Versionen erh\u00e4ltlich:<\/p>\n<p>&#8211; Full Panel: ein elegantes schwarzes Glaspaneel, das die D\u00fcse unsichtbar macht, wenn sie nicht in Gebrauch ist. Ideal f\u00fcr einen raffinierten Look in Luxusk\u00fcchen.<br \/>\n&#8211; Offene Platte: direkter Zugang zur D\u00fcse, perfekt f\u00fcr Bars, Restaurants und Profik\u00fcchen, wo Geschwindigkeit und Effizienz wichtig sind.<\/p>\n<p>Suchen Sie nach einem einzigartigen Look? Mit der Option der individuellen Frontblende k\u00f6nnen Sie ein individuelles Design anfertigen lassen, das perfekt zu Ihrer K\u00fccheneinrichtung passt. Sie k\u00f6nnen daf\u00fcr ein unverbindliches Angebot anfordern. Bitte senden Sie eine E-Mail an info@xaro.nl.<\/p>\n<h2 style=\"font-size: 17px; font-weight: bold; font-family: open sans; color: #1d242d; text-align: left;\">100% Hergestellt in Italien<\/h2>\n<p>Der Winefit ALL-IN 1 SLIM wird vollst\u00e4ndig in Italien hergestellt und erf\u00fcllt die strengsten Qualit\u00e4tsstandards. Hochwertige Materialien und sorgf\u00e4ltige Qualit\u00e4tskontrollen machen dieses Ger\u00e4t zu einer Investition in Haltbarkeit und Luxus.<\/p>\n<h2 style=\"font-size: 17px; font-weight: bold; font-family: open sans; color: #1d242d; text-align: left;\">Bestellen Sie das Winefit ALL-IN 1 SLIM noch heute!<\/h2>\n<p>Entdecken Sie, wie der Winefit ALL-IN 1 SLIM Ihr Wein- und Essenserlebnis auf die n\u00e4chste Stufe hebt. Kombinieren Sie Luxus, Haltbarkeit und Technologie in einer eleganten L\u00f6sung.<\/p>\n<form action=\"\" enctype=\"multipart\/form-data\" method=\"post\">\n<div style=\"display: flex; gap: 5px;\"><button class=\"single_add_to_cart_button button alt\" name=\"add-to-cart\" type=\"submit\" value=\" 54627\">In den Warenkorb legen<\/button><br \/>\n<button class=\"wd-buy-now-btn button alt\" formaction=\"\/checkout\/?add-to-cart= 54627\" name=\"wd-add-to-cart\" type=\"submit\" value=\" 54627\">Jetzt kaufen<\/button><\/div>\n<\/form>\n","protected":false},"excerpt":{"rendered":"<p>Das Winefit ALL-IN 1 SLIM Weinlagersystem ist die perfekte Einbaul\u00f6sung f\u00fcr Privatanwender und Profis gleicherma\u00dfen. Dieses intelligente System bewahrt stille Weine, Schaumweine und Lebensmittel l\u00e4nger auf, dank der patentierten Vakuum- und Co2-Technologie. Es verhindert die Oxidation und bewahrt Geschmack, Aroma und Bl\u00e4schen auch noch Wochen nach dem \u00d6ffnen.<\/p>\n<ul>\n<li>Stillwein: bewahrt Geschmack und Aroma durch die Vakuumtechnik.<\/li>\n<li>Schaumwein: h\u00e4lt Blasen und Druck f\u00fcr 2 Wochen aufrecht.<\/li>\n<li>Lebensmittel frisch: verl\u00e4ngert die Frische durch Vakuumlagerung.<\/li>\n<\/ul>\n","protected":false},"featured_media":54629,"comment_status":"closed","ping_status":"closed","template":"","meta":{"_acf_changed":false,"inline_featured_image":false},"product_brand":[],"product_cat":[479,329],"product_tag":[484,487,486,489,488,483,485,482],"class_list":{"0":"post-55038","1":"product","2":"type-product","3":"status-publish","4":"has-post-thumbnail","6":"product_cat-weinlagersystem-weinschranke","7":"product_cat-weinschranke","8":"product_tag-all-in-1-slim-de","9":"product_tag-bewahren-de","10":"product_tag-bewahren","11":"product_tag-speichern-sie","12":"product_tag-wein","13":"product_tag-wein-fit","14":"product_tag-wein-lagerungssystem","15":"product_tag-winefit-de","16":"tm-no-options","18":"first","19":"instock","20":"taxable","21":"shipping-taxable","22":"purchasable","23":"product-type-simple"},"acf":[],"jetpack_sharing_enabled":true,"tiered_pricing_type":"fixed","tiered_pricing_fixed_rules":[],"tiered_pricing_product_settings":{"layout":"default","base_unit_name":{"singular":null,"plural":null},"default_variation":null},"tiered_pricing_minimum_quantity":null,"tiered_pricing_roles_data":[],"tiered_pricing_percentage_rules":[],"_links":{"self":[{"href":"https:\/\/www.xaro.nl\/de\/wp-json\/wp\/v2\/product\/55038","targetHints":{"allow":["GET"]}}],"collection":[{"href":"https:\/\/www.xaro.nl\/de\/wp-json\/wp\/v2\/product"}],"about":[{"href":"https:\/\/www.xaro.nl\/de\/wp-json\/wp\/v2\/types\/product"}],"replies":[{"embeddable":true,"href":"https:\/\/www.xaro.nl\/de\/wp-json\/wp\/v2\/comments?post=55038"}],"version-history":[{"count":3,"href":"https:\/\/www.xaro.nl\/de\/wp-json\/wp\/v2\/product\/55038\/revisions"}],"predecessor-version":[{"id":55041,"href":"https:\/\/www.xaro.nl\/de\/wp-json\/wp\/v2\/product\/55038\/revisions\/55041"}],"wp:featuredmedia":[{"embeddable":true,"href":"https:\/\/www.xaro.nl\/de\/wp-json\/wp\/v2\/media\/54629"}],"wp:attachment":[{"href":"https:\/\/www.xaro.nl\/de\/wp-json\/wp\/v2\/media?parent=55038"}],"wp:term":[{"taxonomy":"product_brand","embeddable":true,"href":"https:\/\/www.xaro.nl\/de\/wp-json\/wp\/v2\/product_brand?post=55038"},{"taxonomy":"product_cat","embeddable":true,"href":"https:\/\/www.xaro.nl\/de\/wp-json\/wp\/v2\/product_cat?post=55038"},{"taxonomy":"product_tag","embeddable":true,"href":"https:\/\/www.xaro.nl\/de\/wp-json\/wp\/v2\/product_tag?post=55038"}],"curies":[{"name":"wp","href":"https:\/\/api.w.org\/{rel}","templated":true}]}}