{"id":54073,"date":"2021-08-06T16:34:15","date_gmt":"2021-08-06T14:34:15","guid":{"rendered":"https:\/\/www.xaro.nl\/product\/pevino-weinklimaschrank-ms-einzelzone-161-flaschen\/"},"modified":"2021-08-06T16:34:15","modified_gmt":"2021-08-06T14:34:15","slug":"pevino-weinklimaschrank-ms-einzelzone-161-flaschen","status":"publish","type":"product","link":"https:\/\/www.xaro.nl\/de\/pevino-weinklimaschrank-ms-einzelzone-161-flaschen\/","title":{"rendered":"PeVino Weinklimaschrank MS (Einzelzone) &#8211; 161 Flaschen"},"content":{"rendered":"<h5>PeVino Weinklimaschrank PMW248S-HHB-1:<\/h5>\n<p>  Dieser Weink\u00fchler von PeVino bietet Platz f\u00fcr bis zu 161 Flaschen in einer Temperaturzone.<br \/>\nIhre Flaschen stehen horizontal auf 16 schwarzen, voll versenkbaren (100%) Metallregalen mit Eichenfront, die von einer attraktiven orangefarbenen Leuchte beleuchtet werden.<br \/>\nDiese Regalkonfiguration, die oft von Profis verwendet wird, ist sowohl optisch beeindruckend als auch praktisch und erm\u00f6glicht einen einfachen Zugriff auf Ihre Weine.<br \/>\nPeVino bietet auch ein Pr\u00e4sentationsregal (separat zu erwerben) f\u00fcr Ihre besten Flaschen.<br \/>\nDer Weinklimaschrank ist wie geschaffen f\u00fcr die sichere Aufbewahrung Ihres kostbaren Weins.<br \/>\nDer eingebaute Alarm \u00fcberwacht die Luftfeuchtigkeit und Temperatur im Inneren und informiert Sie, wenn die T\u00fcr nicht richtig geschlossen ist.<br \/>\nDie intelligente Winterfunktion erm\u00f6glicht es Ihnen, den Weinklimaschrank in einem unbeheizten Raum wie einer Garage oder einem Keller aufzustellen und dabei die Temperatur im Inneren des Weink\u00fchlers aufrechtzuerhalten.<br \/>\nDieses brandneue Modell hat eine Temperaturzone (5-20\u00b0C), eine schwarze Front und eine Glast\u00fcr mit energieeffizientem LOW-E Glas.<br \/>\nEr bietet Platz f\u00fcr bis zu 161 Flaschen Bordeaux, Burgunder und Champagner.<br \/>\nPeVino Weinklimaschr\u00e4nke sind marktf\u00fchrend in Design und Funktionalit\u00e4t.          Die Weinklimaschr\u00e4nke werden in D\u00e4nemark entworfen und entwickelt und sind vollgepackt mit modernster Technologie und Funktionen, um Ihrem Wein die bestm\u00f6glichen Lagerbedingungen zu bieten.<\/p>\n","protected":false},"excerpt":{"rendered":"<p>Dieser Weink\u00fchler von PeVino bietet Platz f\u00fcr bis zu 161 Flaschen in einer Temperaturzone.<\/p>\n","protected":false},"featured_media":25053,"comment_status":"open","ping_status":"closed","template":"","meta":{"_acf_changed":false,"inline_featured_image":false},"product_brand":[],"product_cat":[333,329],"product_tag":[379],"class_list":{"0":"post-54073","1":"product","2":"type-product","3":"status-publish","4":"has-post-thumbnail","6":"product_cat-weinklimaschranke","7":"product_cat-weinschranke","8":"product_tag-pevino-de","9":"tm-no-options","11":"first","12":"outofstock","13":"taxable","14":"shipping-taxable","15":"purchasable","16":"product-type-simple"},"acf":[],"jetpack_sharing_enabled":true,"tiered_pricing_type":"fixed","tiered_pricing_fixed_rules":[],"tiered_pricing_product_settings":{"layout":"default","base_unit_name":{"singular":null,"plural":null},"default_variation":null},"tiered_pricing_minimum_quantity":null,"tiered_pricing_roles_data":[],"tiered_pricing_percentage_rules":[],"_links":{"self":[{"href":"https:\/\/www.xaro.nl\/de\/wp-json\/wp\/v2\/product\/54073","targetHints":{"allow":["GET"]}}],"collection":[{"href":"https:\/\/www.xaro.nl\/de\/wp-json\/wp\/v2\/product"}],"about":[{"href":"https:\/\/www.xaro.nl\/de\/wp-json\/wp\/v2\/types\/product"}],"replies":[{"embeddable":true,"href":"https:\/\/www.xaro.nl\/de\/wp-json\/wp\/v2\/comments?post=54073"}],"version-history":[{"count":0,"href":"https:\/\/www.xaro.nl\/de\/wp-json\/wp\/v2\/product\/54073\/revisions"}],"wp:featuredmedia":[{"embeddable":true,"href":"https:\/\/www.xaro.nl\/de\/wp-json\/wp\/v2\/media\/25053"}],"wp:attachment":[{"href":"https:\/\/www.xaro.nl\/de\/wp-json\/wp\/v2\/media?parent=54073"}],"wp:term":[{"taxonomy":"product_brand","embeddable":true,"href":"https:\/\/www.xaro.nl\/de\/wp-json\/wp\/v2\/product_brand?post=54073"},{"taxonomy":"product_cat","embeddable":true,"href":"https:\/\/www.xaro.nl\/de\/wp-json\/wp\/v2\/product_cat?post=54073"},{"taxonomy":"product_tag","embeddable":true,"href":"https:\/\/www.xaro.nl\/de\/wp-json\/wp\/v2\/product_tag?post=54073"}],"curies":[{"name":"wp","href":"https:\/\/api.w.org\/{rel}","templated":true}]}}