{"id":54071,"date":"2021-08-06T16:34:15","date_gmt":"2021-08-06T14:34:15","guid":{"rendered":"https:\/\/www.xaro.nl\/product\/pevino-weinklimaschrank-push-open-doppelzone-42-flaschen-2\/"},"modified":"2021-08-06T16:34:15","modified_gmt":"2021-08-06T14:34:15","slug":"pevino-weinklimaschrank-push-open-doppelzone-42-flaschen-2","status":"publish","type":"product","link":"https:\/\/www.xaro.nl\/de\/pevino-weinklimaschrank-push-open-doppelzone-42-flaschen-2\/","title":{"rendered":"PeVino Weinklimaschrank Push Open (Doppelzone) &#8211; 42 Flaschen"},"content":{"rendered":"<h5>PeVino Einbau-Weinklimaschrank (wei\u00df) Push Open PI48D-WP:<\/h5>\n<p>  Dieser integrierte Weink\u00fchler von PeVino bietet Platz f\u00fcr bis zu 42 Flaschen in zwei Temperaturzonen.<br \/>\nDie clevere Push-Open-Funktion sorgt f\u00fcr einen superleichten Zugriff auf Ihren Wein.<br \/>\nPeVino Weinklimaschr\u00e4nke sind marktf\u00fchrend in Design und Funktionalit\u00e4t.   Die Weinklimaschr\u00e4nke werden in D\u00e4nemark entworfen und entwickelt und sind vollgepackt mit modernster Technologie und Funktionen, um Ihrem Wein die bestm\u00f6glichen Lagerbedingungen zu bieten. Dieser brandneue integrierte Weinklimaschrank hat zwei Temperaturzonen (5-20 \u00b0C), eine wei\u00dfe Glast\u00fcr mit energieeffizientem Low-E-Glas.<br \/>\nEr bietet Platz f\u00fcr bis zu 42 Flaschen vom Typ Bordeaux.<br \/>\nIhre Flaschen stehen auf f\u00fcnf ausziehbaren Eichenholzb\u00f6den, die von einer sch\u00f6nen orangefarbenen LED-Leuchte beleuchtet werden. <strong>HINWEIS<\/strong>: Alle (PeVino) Weinklimaschr\u00e4nke m\u00fcssen perfekt lotrecht und waagerecht sein!  <\/p>\n","protected":false},"excerpt":{"rendered":"<p>Dieser integrierte Weink\u00fchler von PeVino bietet Platz f\u00fcr bis zu 42 Flaschen in zwei Temperaturzonen.<\/p>\n","protected":false},"featured_media":25050,"comment_status":"open","ping_status":"closed","template":"","meta":{"_acf_changed":false,"inline_featured_image":false},"product_brand":[],"product_cat":[330,333,329],"product_tag":[379],"class_list":{"0":"post-54071","1":"product","2":"type-product","3":"status-publish","4":"has-post-thumbnail","6":"product_cat-einbauschranke","7":"product_cat-weinklimaschranke","8":"product_cat-weinschranke","9":"product_tag-pevino-de","10":"tm-no-options","12":"first","13":"instock","14":"taxable","15":"shipping-taxable","16":"purchasable","17":"product-type-simple"},"acf":[],"jetpack_sharing_enabled":true,"tiered_pricing_type":"fixed","tiered_pricing_fixed_rules":[],"tiered_pricing_product_settings":{"layout":"default","base_unit_name":{"singular":null,"plural":null},"default_variation":null},"tiered_pricing_minimum_quantity":null,"tiered_pricing_roles_data":[],"tiered_pricing_percentage_rules":[],"_links":{"self":[{"href":"https:\/\/www.xaro.nl\/de\/wp-json\/wp\/v2\/product\/54071","targetHints":{"allow":["GET"]}}],"collection":[{"href":"https:\/\/www.xaro.nl\/de\/wp-json\/wp\/v2\/product"}],"about":[{"href":"https:\/\/www.xaro.nl\/de\/wp-json\/wp\/v2\/types\/product"}],"replies":[{"embeddable":true,"href":"https:\/\/www.xaro.nl\/de\/wp-json\/wp\/v2\/comments?post=54071"}],"version-history":[{"count":0,"href":"https:\/\/www.xaro.nl\/de\/wp-json\/wp\/v2\/product\/54071\/revisions"}],"wp:featuredmedia":[{"embeddable":true,"href":"https:\/\/www.xaro.nl\/de\/wp-json\/wp\/v2\/media\/25050"}],"wp:attachment":[{"href":"https:\/\/www.xaro.nl\/de\/wp-json\/wp\/v2\/media?parent=54071"}],"wp:term":[{"taxonomy":"product_brand","embeddable":true,"href":"https:\/\/www.xaro.nl\/de\/wp-json\/wp\/v2\/product_brand?post=54071"},{"taxonomy":"product_cat","embeddable":true,"href":"https:\/\/www.xaro.nl\/de\/wp-json\/wp\/v2\/product_cat?post=54071"},{"taxonomy":"product_tag","embeddable":true,"href":"https:\/\/www.xaro.nl\/de\/wp-json\/wp\/v2\/product_tag?post=54071"}],"curies":[{"name":"wp","href":"https:\/\/api.w.org\/{rel}","templated":true}]}}