{"id":54060,"date":"2021-08-06T16:34:16","date_gmt":"2021-08-06T14:34:16","guid":{"rendered":"https:\/\/www.xaro.nl\/product\/pevino-zigarren-humidor-1200-zigarren\/"},"modified":"2021-08-06T16:34:16","modified_gmt":"2021-08-06T14:34:16","slug":"pevino-zigarren-humidor-1200-zigarren","status":"publish","type":"product","link":"https:\/\/www.xaro.nl\/de\/pevino-zigarren-humidor-1200-zigarren\/","title":{"rendered":"PeVino Zigarren-Humidor &#8211; 1200 Zigarren"},"content":{"rendered":"<h5>PeVino NG Zigarren-Humidor &#8211; 1200 Zigarren &#8211; schwarze Glasfront:<\/h5>\n<p>  DER ULTIMATISCHE HUMIDOR: Dieser minimalistische, auff\u00e4llige Zigarrenhumidor ist ein Muss f\u00fcr die bedeutendsten Sammler feiner Zigarren.<br \/>\nSeine acht ausziehbaren Schubladen sind perfekt f\u00fcr die Aufbewahrung von bis zu 1.200 Zigarren.<br \/>\nDas LED-Display gibt Ihnen die volle Kontrolle \u00fcber die wichtigsten Aspekte der Zigarrenlagerung, wie Temperatur und Luftfeuchtigkeit.<br \/>\nEin eleganter wei\u00dfer LED-Lichtstreifen direkt unter dem Display beleuchtet Ihre kostbaren Zigarren.<br \/>\nDie Weink\u00fchler und Humidore von PeVino sind marktf\u00fchrend in Design und Funktionalit\u00e4t.<br \/>\nDie Weink\u00fchler und Humidore werden in D\u00e4nemark entworfen und entwickelt und sind bis zum Rand mit der neuesten Technologie und den neuesten Funktionen gef\u00fcllt, um Ihren Weinen und Zigarren die bestm\u00f6glichen Lagerbedingungen zu bieten.<br \/>\nDieses brandneue Modell bietet Platz f\u00fcr bis zu 1.200 Zigarren. <strong>Bitte beachten Sie<\/strong>, dass es wichtig ist, Ihren Zigarrenk\u00fchler mit einem Erdungsstecker anzuschlie\u00dfen.      <\/p>\n","protected":false},"excerpt":{"rendered":"<p>DER ULTIMATISCHE HUMIDOR: Dieser minimalistische, auff\u00e4llige Zigarrenhumidor ist ein Muss f\u00fcr die bedeutendsten Sammler feiner Zigarren.<br \/>\nSeine acht ausziehbaren Schubladen sind perfekt f\u00fcr die Aufbewahrung von bis zu 1.200 Zigarren.<br \/>\nDas LED-Display gibt Ihnen die volle Kontrolle \u00fcber die wichtigsten Aspekte der Zigarrenlagerung, wie z.B. die Temperatur- und Feuchtigkeitseinstellungen.<br \/>\nEin eleganter Streifen wei\u00dfes LED-Licht direkt unter dem Display beleuchtet Ihre kostbaren Zigarren.   <\/p>\n","protected":false},"featured_media":25065,"comment_status":"open","ping_status":"closed","template":"","meta":{"_acf_changed":false,"inline_featured_image":false},"product_brand":[],"product_cat":[321],"product_tag":[379],"class_list":{"0":"post-54060","1":"product","2":"type-product","3":"status-publish","4":"has-post-thumbnail","6":"product_cat-humidore","7":"product_tag-pevino-de","8":"tm-no-options","10":"first","11":"outofstock","12":"taxable","13":"shipping-taxable","14":"purchasable","15":"product-type-simple"},"acf":[],"jetpack_sharing_enabled":true,"tiered_pricing_type":"fixed","tiered_pricing_fixed_rules":[],"tiered_pricing_product_settings":{"layout":"default","base_unit_name":{"singular":null,"plural":null},"default_variation":null},"tiered_pricing_minimum_quantity":null,"tiered_pricing_roles_data":[],"tiered_pricing_percentage_rules":[],"_links":{"self":[{"href":"https:\/\/www.xaro.nl\/de\/wp-json\/wp\/v2\/product\/54060","targetHints":{"allow":["GET"]}}],"collection":[{"href":"https:\/\/www.xaro.nl\/de\/wp-json\/wp\/v2\/product"}],"about":[{"href":"https:\/\/www.xaro.nl\/de\/wp-json\/wp\/v2\/types\/product"}],"replies":[{"embeddable":true,"href":"https:\/\/www.xaro.nl\/de\/wp-json\/wp\/v2\/comments?post=54060"}],"version-history":[{"count":0,"href":"https:\/\/www.xaro.nl\/de\/wp-json\/wp\/v2\/product\/54060\/revisions"}],"wp:featuredmedia":[{"embeddable":true,"href":"https:\/\/www.xaro.nl\/de\/wp-json\/wp\/v2\/media\/25065"}],"wp:attachment":[{"href":"https:\/\/www.xaro.nl\/de\/wp-json\/wp\/v2\/media?parent=54060"}],"wp:term":[{"taxonomy":"product_brand","embeddable":true,"href":"https:\/\/www.xaro.nl\/de\/wp-json\/wp\/v2\/product_brand?post=54060"},{"taxonomy":"product_cat","embeddable":true,"href":"https:\/\/www.xaro.nl\/de\/wp-json\/wp\/v2\/product_cat?post=54060"},{"taxonomy":"product_tag","embeddable":true,"href":"https:\/\/www.xaro.nl\/de\/wp-json\/wp\/v2\/product_tag?post=54060"}],"curies":[{"name":"wp","href":"https:\/\/api.w.org\/{rel}","templated":true}]}}