{"id":54049,"date":"2021-08-06T16:34:42","date_gmt":"2021-08-06T14:34:42","guid":{"rendered":"https:\/\/www.xaro.nl\/product\/pevino-weinklimaschrank-einzelne-zone-24-flaschen\/"},"modified":"2021-08-06T16:34:42","modified_gmt":"2021-08-06T14:34:42","slug":"pevino-weinklimaschrank-einzelne-zone-24-flaschen","status":"publish","type":"product","link":"https:\/\/www.xaro.nl\/de\/pevino-weinklimaschrank-einzelne-zone-24-flaschen\/","title":{"rendered":"PeVino Weinklimaschrank (einzelne Zone) &#8211; 24 Flaschen"},"content":{"rendered":"<h5>PeVino Einbau-Weinklimaschrank (Edelstahl) PI24S-S:<\/h5>\n<p>  Dieser energieeffiziente, integrierte PeVino Weinklimaschrank mit einer Temperaturzone bietet Platz f\u00fcr 24 Flaschen. W\u00e4hlen Sie eine der Oberfl\u00e4chen f\u00fcr die Vorderseite der Regale: <\/p>\n<ul>\n<li>Holz (Standard)<\/li>\n<li>Schwarzes Aluminium (Aufpreis)<\/li>\n<li>Rostfreier Stahl (Aufpreis)<\/li>\n<\/ul>\n<p>  Um Ihre wertvollen Weinflaschen zu sch\u00fctzen, bieten alle PeVino Weinschr\u00e4nke einen ausgezeichneten Schutz vor UV-Strahlung, eine eingebaute Heizung f\u00fcr kalte Umgebungen und Regale aus hochwertiger Eiche, die auf ausziehbaren Teleskopschienen befestigt sind.<br \/>\nDie LED-Anzeige garantiert die volle Kontrolle \u00fcber die Temperatur.<br \/>\nEin integrierter Weinklimaschrank passt perfekt in die moderne K\u00fcche.<br \/>\nDie Front eines integrierten Modells ist etwas breiter als der Rest des Weinschranks, so dass er perfekt in einen Standard-K\u00fcchenschrank passt. <strong>HINWEIS<\/strong>: Alle (PeVino) Weinklimaschr\u00e4nke m\u00fcssen perfekt lotrecht und waagerecht stehen!   <\/p>\n","protected":false},"excerpt":{"rendered":"<p>Dieser energieeffiziente, integrierte PeVino Weinklimaschrank mit einer Temperaturzone bietet Platz f\u00fcr 24 Flaschen. W\u00e4hlen Sie eine der Oberfl\u00e4chen f\u00fcr die Vorderseite der Regale: <\/p>\n<ul>\n<li>Holz (Standard)<\/li>\n<li>Schwarzes Aluminium (Aufpreis)<\/li>\n<li>Rostfreier Stahl (Aufpreis)<\/li>\n<\/ul>\n","protected":false},"featured_media":25084,"comment_status":"open","ping_status":"closed","template":"","meta":{"_acf_changed":false,"inline_featured_image":false},"product_brand":[],"product_cat":[330,333,329],"product_tag":[379],"class_list":{"0":"post-54049","1":"product","2":"type-product","3":"status-publish","4":"has-post-thumbnail","6":"product_cat-einbauschranke","7":"product_cat-weinklimaschranke","8":"product_cat-weinschranke","9":"product_tag-pevino-de","10":"tm-no-options","12":"first","13":"instock","14":"taxable","15":"shipping-taxable","16":"purchasable","17":"product-type-variable","18":"has-default-attributes"},"acf":[],"jetpack_sharing_enabled":true,"tiered_pricing_type":"fixed","tiered_pricing_fixed_rules":[],"tiered_pricing_product_settings":{"layout":"default","base_unit_name":{"singular":null,"plural":null},"default_variation":null},"tiered_pricing_minimum_quantity":null,"tiered_pricing_roles_data":[],"tiered_pricing_percentage_rules":[],"_links":{"self":[{"href":"https:\/\/www.xaro.nl\/de\/wp-json\/wp\/v2\/product\/54049","targetHints":{"allow":["GET"]}}],"collection":[{"href":"https:\/\/www.xaro.nl\/de\/wp-json\/wp\/v2\/product"}],"about":[{"href":"https:\/\/www.xaro.nl\/de\/wp-json\/wp\/v2\/types\/product"}],"replies":[{"embeddable":true,"href":"https:\/\/www.xaro.nl\/de\/wp-json\/wp\/v2\/comments?post=54049"}],"version-history":[{"count":0,"href":"https:\/\/www.xaro.nl\/de\/wp-json\/wp\/v2\/product\/54049\/revisions"}],"wp:featuredmedia":[{"embeddable":true,"href":"https:\/\/www.xaro.nl\/de\/wp-json\/wp\/v2\/media\/25084"}],"wp:attachment":[{"href":"https:\/\/www.xaro.nl\/de\/wp-json\/wp\/v2\/media?parent=54049"}],"wp:term":[{"taxonomy":"product_brand","embeddable":true,"href":"https:\/\/www.xaro.nl\/de\/wp-json\/wp\/v2\/product_brand?post=54049"},{"taxonomy":"product_cat","embeddable":true,"href":"https:\/\/www.xaro.nl\/de\/wp-json\/wp\/v2\/product_cat?post=54049"},{"taxonomy":"product_tag","embeddable":true,"href":"https:\/\/www.xaro.nl\/de\/wp-json\/wp\/v2\/product_tag?post=54049"}],"curies":[{"name":"wp","href":"https:\/\/api.w.org\/{rel}","templated":true}]}}