{"id":54044,"date":"2021-08-06T16:35:18","date_gmt":"2021-08-06T14:35:18","guid":{"rendered":"https:\/\/www.xaro.nl\/product\/pevino-weinklimaschrank-ng-schwarze-glasfront-einzelzone-200-flaschen\/"},"modified":"2021-08-06T16:35:18","modified_gmt":"2021-08-06T14:35:18","slug":"pevino-weinklimaschrank-ng-schwarze-glasfront-einzelzone-200-flaschen","status":"publish","type":"product","link":"https:\/\/www.xaro.nl\/de\/pevino-weinklimaschrank-ng-schwarze-glasfront-einzelzone-200-flaschen\/","title":{"rendered":"PeVino Weinklimaschrank NG schwarze Glasfront (Einzelzone) &#8211; 200 Flaschen"},"content":{"rendered":"<h5>PeVino Weinklimaschrank PNG180S-HHB:<\/h5>\n<p>  Dieser Weink\u00fchler von PeVino bietet Platz f\u00fcr bis zu 200 Flaschen in einer Temperaturzone. W\u00e4hlen Sie eine der Oberfl\u00e4chen f\u00fcr die Vorderseite der Regale: <\/p>\n<ul>\n<li>Holz (Standard)<\/li>\n<li>Schwarzes Aluminium (Aufpreis)<\/li>\n<li>Rostfreier Stahl (Aufpreis)<\/li>\n<\/ul>\n<p>  Dieses brandneue Modell hat eine Temperaturzone (5-20\u00b0C), eine schwarze Front und eine schwarze Glast\u00fcr mit energieeffizientem LOW-E-Glas.<br \/>\nEs bietet Platz f\u00fcr bis zu 200 Bordeaux-Flaschen.<br \/>\nIhre Flaschen werden auf 13 voll ausziehbaren (80%) Buchenholzb\u00f6den und einem Pr\u00e4sentationsboden gelagert, die von einer sch\u00f6nen LED-Beleuchtung (wei\u00df, blau oder orange) beleuchtet werden.   Dieser Weinklimaschrank ist sowohl optisch beeindruckend als auch sehr praktisch. Er verf\u00fcgt \u00fcber die leistungsst\u00e4rksten Kompressoren und Ventilatoren, die ihn zu einem der zuverl\u00e4ssigsten und leisesten (39dB) seiner Klasse machen.<br \/>\nAusgestattet mit dem leistungsst\u00e4rksten Embraco Inverter-Kompressor, der dank seiner F\u00e4higkeit, die Drehzahl zu erh\u00f6hen und zu verringern, sehr leise ist.<br \/>\nDer eingebaute Alarm \u00fcberwacht die Innentemperatur und informiert Sie, wenn die T\u00fcr nicht richtig geschlossen ist. <strong>Hinweis<\/strong>: Es ist wichtig, dass Sie Ihren Weink\u00fchler mit einem geerdeten Stecker anschlie\u00dfen.<br \/>\nAlle Weink\u00fchlschr\u00e4nke sollten perfekt lotrecht und waagerecht stehen.   <\/p>\n","protected":false},"excerpt":{"rendered":"<p>Dieser Weink\u00fchler von PeVino bietet Platz f\u00fcr bis zu 200 Flaschen in einer Temperaturzone. W\u00e4hlen Sie eine der Oberfl\u00e4chen f\u00fcr die Vorderseite der Regale: <\/p>\n<ul>\n<li>Holz (Standard)<\/li>\n<li>Schwarzes Aluminium (Aufpreis)<\/li>\n<li>Rostfreier Stahl (Aufpreis)<\/li>\n<\/ul>\n","protected":false},"featured_media":25142,"comment_status":"open","ping_status":"closed","template":"","meta":{"_acf_changed":false,"inline_featured_image":false},"product_brand":[],"product_cat":[333,329],"product_tag":[379],"class_list":{"0":"post-54044","1":"product","2":"type-product","3":"status-publish","4":"has-post-thumbnail","6":"product_cat-weinklimaschranke","7":"product_cat-weinschranke","8":"product_tag-pevino-de","9":"tm-no-options","11":"first","12":"instock","13":"taxable","14":"shipping-taxable","15":"purchasable","16":"product-type-variable","17":"has-default-attributes"},"acf":[],"jetpack_sharing_enabled":true,"tiered_pricing_type":"fixed","tiered_pricing_fixed_rules":[],"tiered_pricing_product_settings":{"layout":"default","base_unit_name":{"singular":null,"plural":null},"default_variation":null},"tiered_pricing_minimum_quantity":null,"tiered_pricing_roles_data":[],"tiered_pricing_percentage_rules":[],"_links":{"self":[{"href":"https:\/\/www.xaro.nl\/de\/wp-json\/wp\/v2\/product\/54044","targetHints":{"allow":["GET"]}}],"collection":[{"href":"https:\/\/www.xaro.nl\/de\/wp-json\/wp\/v2\/product"}],"about":[{"href":"https:\/\/www.xaro.nl\/de\/wp-json\/wp\/v2\/types\/product"}],"replies":[{"embeddable":true,"href":"https:\/\/www.xaro.nl\/de\/wp-json\/wp\/v2\/comments?post=54044"}],"version-history":[{"count":0,"href":"https:\/\/www.xaro.nl\/de\/wp-json\/wp\/v2\/product\/54044\/revisions"}],"wp:featuredmedia":[{"embeddable":true,"href":"https:\/\/www.xaro.nl\/de\/wp-json\/wp\/v2\/media\/25142"}],"wp:attachment":[{"href":"https:\/\/www.xaro.nl\/de\/wp-json\/wp\/v2\/media?parent=54044"}],"wp:term":[{"taxonomy":"product_brand","embeddable":true,"href":"https:\/\/www.xaro.nl\/de\/wp-json\/wp\/v2\/product_brand?post=54044"},{"taxonomy":"product_cat","embeddable":true,"href":"https:\/\/www.xaro.nl\/de\/wp-json\/wp\/v2\/product_cat?post=54044"},{"taxonomy":"product_tag","embeddable":true,"href":"https:\/\/www.xaro.nl\/de\/wp-json\/wp\/v2\/product_tag?post=54044"}],"curies":[{"name":"wp","href":"https:\/\/api.w.org\/{rel}","templated":true}]}}