{"id":54032,"date":"2021-08-06T16:35:48","date_gmt":"2021-08-06T14:35:48","guid":{"rendered":"https:\/\/www.xaro.nl\/product\/pevino-weinklimaschrank-ng-schwarz-dual-zone-39-flaschen-2\/"},"modified":"2021-08-06T16:35:48","modified_gmt":"2021-08-06T14:35:48","slug":"pevino-weinklimaschrank-ng-schwarz-dual-zone-39-flaschen-2","status":"publish","type":"product","link":"https:\/\/www.xaro.nl\/de\/pevino-weinklimaschrank-ng-schwarz-dual-zone-39-flaschen-2\/","title":{"rendered":"PeVino Weinklimaschrank NG schwarz (Dual Zone) &#8211; 39 Flaschen"},"content":{"rendered":"<h5>PeVino Weinklimaschrank PNG46D-HHB:<\/h5>\n<p>  Dieser Weink\u00fchler von PeVino bietet Platz f\u00fcr bis zu 39 Flaschen in zwei Temperaturzonen. W\u00e4hlen Sie eine der Oberfl\u00e4chen f\u00fcr die Vorderseite der Regale: <\/p>\n<ul>\n<li>Holz (Standard)<\/li>\n<li>Schwarzes Aluminium (Aufpreis)<\/li>\n<li>Rostfreier Stahl (Aufpreis)<\/li>\n<\/ul>\n<p>  Herk\u00f6mmliche Zweizonen-Weink\u00fchler haben in der Regel eine Zone f\u00fcr niedrigere Temperaturen (f\u00fcr Wei\u00dfwein, Sekt usw.), w\u00e4hrend die andere Zone f\u00fcr Rotwein vorgesehen ist. Die neuen PeVino NG-Modelle mit zwei Zonen verf\u00fcgen \u00fcber zwei v\u00f6llig getrennte K\u00fchlsysteme, die Ihnen die volle Kontrolle \u00fcber die Temperatur in beiden Zonen geben. Ihre Flaschen stehen auf f\u00fcnf voll ausziehbaren (80%) Buchenholzb\u00f6den, die von einem sch\u00f6nen LED-Licht (wei\u00df, blau oder orange) beleuchtet werden.<br \/>\nMit seiner etwas kleineren T\u00fcr, dem versenkten Boden und der Tiefe von 57 cm ist der Schrank f\u00fcr die Aufstellung in der K\u00fcche geeignet.<br \/>\nDer Weinklimaschrank verf\u00fcgt \u00fcber den leistungsst\u00e4rksten Kompressor und die leistungsst\u00e4rksten Ventilatoren, die ihn zu einem der zuverl\u00e4ssigsten und leisesten (36dB) seiner Klasse machen.<br \/>\nDer eingebaute Alarm \u00fcberwacht die Innentemperatur und informiert Sie, wenn die T\u00fcr nicht richtig geschlossen ist. <strong>HINWEIS<\/strong>: Es ist wichtig, dass Sie Ihren Weinklimaschrank mit einem geerdeten Stecker anschlie\u00dfen.    Alle Weinklimaschr\u00e4nke sollten perfekt lotrecht und eben sein.<\/p>\n","protected":false},"excerpt":{"rendered":"<p>Dieser Weink\u00fchler von PeVino bietet Platz f\u00fcr bis zu 39 Flaschen in zwei Temperaturzonen. W\u00e4hlen Sie eine der Oberfl\u00e4chen f\u00fcr die Vorderseite der Regale: <\/p>\n<ul>\n<li>Holz (Standard)<\/li>\n<li>Schwarzes Aluminium (Aufpreis)<\/li>\n<li>Rostfreier Stahl (Aufpreis)<\/li>\n<\/ul>\n","protected":false},"featured_media":25177,"comment_status":"open","ping_status":"closed","template":"","meta":{"_acf_changed":false,"inline_featured_image":false},"product_brand":[],"product_cat":[330,333,329],"product_tag":[379],"class_list":{"0":"post-54032","1":"product","2":"type-product","3":"status-publish","4":"has-post-thumbnail","6":"product_cat-einbauschranke","7":"product_cat-weinklimaschranke","8":"product_cat-weinschranke","9":"product_tag-pevino-de","10":"tm-no-options","12":"first","13":"instock","14":"taxable","15":"shipping-taxable","16":"purchasable","17":"product-type-variable","18":"has-default-attributes"},"acf":[],"jetpack_sharing_enabled":true,"tiered_pricing_type":"fixed","tiered_pricing_fixed_rules":[],"tiered_pricing_product_settings":{"layout":"default","base_unit_name":{"singular":null,"plural":null},"default_variation":null},"tiered_pricing_minimum_quantity":null,"tiered_pricing_roles_data":[],"tiered_pricing_percentage_rules":[],"_links":{"self":[{"href":"https:\/\/www.xaro.nl\/de\/wp-json\/wp\/v2\/product\/54032","targetHints":{"allow":["GET"]}}],"collection":[{"href":"https:\/\/www.xaro.nl\/de\/wp-json\/wp\/v2\/product"}],"about":[{"href":"https:\/\/www.xaro.nl\/de\/wp-json\/wp\/v2\/types\/product"}],"replies":[{"embeddable":true,"href":"https:\/\/www.xaro.nl\/de\/wp-json\/wp\/v2\/comments?post=54032"}],"version-history":[{"count":0,"href":"https:\/\/www.xaro.nl\/de\/wp-json\/wp\/v2\/product\/54032\/revisions"}],"wp:featuredmedia":[{"embeddable":true,"href":"https:\/\/www.xaro.nl\/de\/wp-json\/wp\/v2\/media\/25177"}],"wp:attachment":[{"href":"https:\/\/www.xaro.nl\/de\/wp-json\/wp\/v2\/media?parent=54032"}],"wp:term":[{"taxonomy":"product_brand","embeddable":true,"href":"https:\/\/www.xaro.nl\/de\/wp-json\/wp\/v2\/product_brand?post=54032"},{"taxonomy":"product_cat","embeddable":true,"href":"https:\/\/www.xaro.nl\/de\/wp-json\/wp\/v2\/product_cat?post=54032"},{"taxonomy":"product_tag","embeddable":true,"href":"https:\/\/www.xaro.nl\/de\/wp-json\/wp\/v2\/product_tag?post=54032"}],"curies":[{"name":"wp","href":"https:\/\/api.w.org\/{rel}","templated":true}]}}