{"id":54012,"date":"2021-08-06T16:35:50","date_gmt":"2021-08-06T14:35:50","guid":{"rendered":"https:\/\/www.xaro.nl\/product\/pevino-weinklimaschrank-ng-schwarz-dual-zone-39-flaschen\/"},"modified":"2021-08-06T16:35:50","modified_gmt":"2021-08-06T14:35:50","slug":"pevino-weinklimaschrank-ng-schwarz-dual-zone-39-flaschen","status":"publish","type":"product","link":"https:\/\/www.xaro.nl\/de\/pevino-weinklimaschrank-ng-schwarz-dual-zone-39-flaschen\/","title":{"rendered":"PeVino Weinklimaschrank NG schwarz (Dual Zone) &#8211; 39 Flaschen"},"content":{"rendered":"<h5>PeVino Weinklimaschrank PNG46D-HHBS:<\/h5>\n<p>  Dieser Weink\u00fchler von PeVino bietet Platz f\u00fcr bis zu 39 Flaschen in zwei Temperaturzonen. W\u00e4hlen Sie eine der Oberfl\u00e4chen f\u00fcr die Vorderseite der Regale: <\/p>\n<ul>\n<li>Holz (Standard)<\/li>\n<li>Schwarzes Aluminium (Aufpreis)<\/li>\n<li>Rostfreier Stahl (Aufpreis)<\/li>\n<\/ul>\n<p> PeVino-Weink\u00fchler sind f\u00fchrend in Bezug auf Design und Funktionalit\u00e4t. Die Weinschr\u00e4nke werden in D\u00e4nemark entworfen und entwickelt und sind bis zum Rand mit der neuesten Technologie und Ausstattung gef\u00fcllt, so dass Ihr Wein die bestm\u00f6glichen Lagerbedingungen vorfindet. Dieses brandneue Modell hat zwei Temperaturzonen (5-20\u00b0C), eine schwarze Stahlfront und eine Glast\u00fcr mit energieeffizientem LOW-E Glas.<br \/>\nEr bietet Platz f\u00fcr bis zu 39 Bordeaux-Flaschen.<br \/>\nHerk\u00f6mmliche Weinklimaschr\u00e4nke mit zwei Temperaturzonen haben in der Regel eine Zone f\u00fcr k\u00fchlere Temperaturen (f\u00fcr Wei\u00dfwein, Sekt, etc.), w\u00e4hrend die andere Zone f\u00fcr Rotwein ist.   Die neuen PeVino NG-Modelle mit zwei Zonen verf\u00fcgen \u00fcber zwei v\u00f6llig getrennte K\u00fchlsysteme, die Ihnen die volle Kontrolle \u00fcber die Temperatur in beiden Zonen geben. W\u00e4hlen Sie, welche Zone f\u00fcr Wei\u00df und welche f\u00fcr Rot verwendet werden soll, oder stellen Sie beide Zonen auf dieselbe Temperatur ein. Es liegt ganz an Ihnen. Ihre Flaschen stehen auf vier voll ausziehbaren (80%) Buchenholzb\u00f6den, die von einem h\u00fcbschen LED-Licht (wei\u00df, blau oder orange) beleuchtet werden. Dieser Weinklimaschrank ist sowohl optisch beeindruckend als auch sehr praktisch. Die etwas kleinere T\u00fcr, der versenkte Sockel und die Tiefe von 57 cm machen den Weinschrank f\u00fcr den Einbau in der K\u00fcche geeignet.<br \/>\nDer Weink\u00fchler verf\u00fcgt \u00fcber den leistungsst\u00e4rksten Kompressor und die leistungsst\u00e4rksten Ventilatoren, was ihn zu einem der zuverl\u00e4ssigsten und leisesten (35dB) seiner Klasse macht.  Der eingebaute Alarm \u00fcberwacht die Innentemperatur und informiert Sie, wenn die T\u00fcr nicht richtig geschlossen ist. Dieser Weinklimaschrank ist als Produkt der Energieklasse A klassifiziert. <strong>ACHTUNG<\/strong>: Es ist wichtig, dass Sie Ihren Weinklimaschrank mit einem Schutzkontaktstecker anschlie\u00dfen. Alle Weinklimaschr\u00e4nke sollten perfekt lotrecht und eben sein.<\/p>\n","protected":false},"excerpt":{"rendered":"<p>Dieser Weink\u00fchler von PeVino bietet Platz f\u00fcr bis zu 39 Flaschen in zwei Temperaturzonen. W\u00e4hlen Sie eine der Oberfl\u00e4chen f\u00fcr die Vorderseite der Regale: <\/p>\n<ul>\n<li>Holz (Standard)<\/li>\n<li>Schwarzes Aluminium (Aufpreis)<\/li>\n<li>Rostfreier Stahl (Aufpreis)<\/li>\n<\/ul>\n","protected":false},"featured_media":25188,"comment_status":"open","ping_status":"closed","template":"","meta":{"_acf_changed":false,"inline_featured_image":false},"product_brand":[],"product_cat":[330,333,329],"product_tag":[379],"class_list":{"0":"post-54012","1":"product","2":"type-product","3":"status-publish","4":"has-post-thumbnail","6":"product_cat-einbauschranke","7":"product_cat-weinklimaschranke","8":"product_cat-weinschranke","9":"product_tag-pevino-de","10":"tm-no-options","12":"first","13":"instock","14":"taxable","15":"shipping-taxable","16":"purchasable","17":"product-type-variable","18":"has-default-attributes"},"acf":[],"jetpack_sharing_enabled":true,"tiered_pricing_type":"fixed","tiered_pricing_fixed_rules":[],"tiered_pricing_product_settings":{"layout":"default","base_unit_name":{"singular":null,"plural":null},"default_variation":null},"tiered_pricing_minimum_quantity":null,"tiered_pricing_roles_data":[],"tiered_pricing_percentage_rules":[],"_links":{"self":[{"href":"https:\/\/www.xaro.nl\/de\/wp-json\/wp\/v2\/product\/54012","targetHints":{"allow":["GET"]}}],"collection":[{"href":"https:\/\/www.xaro.nl\/de\/wp-json\/wp\/v2\/product"}],"about":[{"href":"https:\/\/www.xaro.nl\/de\/wp-json\/wp\/v2\/types\/product"}],"replies":[{"embeddable":true,"href":"https:\/\/www.xaro.nl\/de\/wp-json\/wp\/v2\/comments?post=54012"}],"version-history":[{"count":1,"href":"https:\/\/www.xaro.nl\/de\/wp-json\/wp\/v2\/product\/54012\/revisions"}],"predecessor-version":[{"id":57148,"href":"https:\/\/www.xaro.nl\/de\/wp-json\/wp\/v2\/product\/54012\/revisions\/57148"}],"wp:featuredmedia":[{"embeddable":true,"href":"https:\/\/www.xaro.nl\/de\/wp-json\/wp\/v2\/media\/25188"}],"wp:attachment":[{"href":"https:\/\/www.xaro.nl\/de\/wp-json\/wp\/v2\/media?parent=54012"}],"wp:term":[{"taxonomy":"product_brand","embeddable":true,"href":"https:\/\/www.xaro.nl\/de\/wp-json\/wp\/v2\/product_brand?post=54012"},{"taxonomy":"product_cat","embeddable":true,"href":"https:\/\/www.xaro.nl\/de\/wp-json\/wp\/v2\/product_cat?post=54012"},{"taxonomy":"product_tag","embeddable":true,"href":"https:\/\/www.xaro.nl\/de\/wp-json\/wp\/v2\/product_tag?post=54012"}],"curies":[{"name":"wp","href":"https:\/\/api.w.org\/{rel}","templated":true}]}}