{"id":54004,"date":"2021-08-06T16:35:57","date_gmt":"2021-08-06T14:35:57","guid":{"rendered":"https:\/\/www.xaro.nl\/product\/pevino-weinklimaschrank-ng-aus-edelstahl-einzelzone-46-flaschen\/"},"modified":"2021-08-06T16:35:57","modified_gmt":"2021-08-06T14:35:57","slug":"pevino-weinklimaschrank-ng-aus-edelstahl-einzelzone-46-flaschen","status":"publish","type":"product","link":"https:\/\/www.xaro.nl\/de\/pevino-weinklimaschrank-ng-aus-edelstahl-einzelzone-46-flaschen\/","title":{"rendered":"PeVino Weinklimaschrank NG aus Edelstahl (Einzelzone) &#8211; 46 Flaschen"},"content":{"rendered":"<h5>PeVino Weinklimaschrank PNG46S-HHSS:<\/h5>\n<p>  Dieser Weink\u00fchler von PeVino bietet Platz f\u00fcr bis zu 46 Flaschen in einer Temperaturzone. W\u00e4hlen Sie eine der Oberfl\u00e4chen f\u00fcr die Vorderseite der Regale: <\/p>\n<ul>\n<li>Holz (Standard)<\/li>\n<li>Schwarzes Aluminium (Aufpreis)<\/li>\n<li>Rostfreier Stahl (Aufpreis)<\/li>\n<\/ul>\n<p> PeVino-Weink\u00fchler sind f\u00fchrend in Bezug auf Design und Funktionalit\u00e4t. Die Weinschr\u00e4nke werden in D\u00e4nemark entworfen und entwickelt und sind bis zum Rand mit der neuesten Technologie und Ausstattung gef\u00fcllt, so dass Ihr Wein die bestm\u00f6glichen Lagerbedingungen vorfindet. Dieses brandneue Modell hat eine Temperaturzone (5-20\u00b0C), eine Edelstahlfront und eine Glast\u00fcr mit energieeffizientem LOW-E Glas.<br \/>\nEs bietet Platz f\u00fcr bis zu 46 Bordeaux-Flaschen.<br \/>\nIhre Flaschen stehen auf f\u00fcnf voll ausziehbaren (80%) Buchenholzb\u00f6den, die von einer sch\u00f6nen LED-Beleuchtung (wei\u00df, blau oder orange) beleuchtet werden.   Dieser Weinklimaschrank ist sowohl optisch beeindruckend als auch sehr praktisch. Die etwas kleinere T\u00fcr, der versenkte Sockel und die Tiefe von 57 cm machen den Weinschrank geeignet f\u00fcr den Einbau in der K\u00fcche.<br \/>\nAusgestattet mit dem leistungsst\u00e4rksten Kompressor und den leistungsst\u00e4rksten L\u00fcftern ist der Weink\u00fchler einer der zuverl\u00e4ssigsten und leisesten (36dB) in seiner Klasse.<br \/>\nDer eingebaute Alarm \u00fcberwacht die Innentemperatur und informiert Sie, wenn die T\u00fcr nicht richtig geschlossen ist. <strong>HINWEIS<\/strong>: Es ist wichtig, dass Sie Ihren Weinklimaschrank mit einem geerdeten Stecker anschlie\u00dfen.   Alle Weinklimaschr\u00e4nke sollten perfekt lotrecht und eben sein.<\/p>\n","protected":false},"excerpt":{"rendered":"<p>Dieser Weink\u00fchler von PeVino bietet Platz f\u00fcr bis zu 46 Flaschen in einer Temperaturzone. W\u00e4hlen Sie eine der Oberfl\u00e4chen f\u00fcr die Vorderseite der Regale: <\/p>\n<ul>\n<li>Holz (Standard)<\/li>\n<li>Schwarzes Aluminium (Aufpreis)<\/li>\n<li>Rostfreier Stahl (Aufpreis)<\/li>\n<\/ul>\n","protected":false},"featured_media":25223,"comment_status":"open","ping_status":"closed","template":"","meta":{"_acf_changed":false,"inline_featured_image":false},"product_brand":[],"product_cat":[330,333,329],"product_tag":[379],"class_list":{"0":"post-54004","1":"product","2":"type-product","3":"status-publish","4":"has-post-thumbnail","6":"product_cat-einbauschranke","7":"product_cat-weinklimaschranke","8":"product_cat-weinschranke","9":"product_tag-pevino-de","10":"tm-no-options","12":"first","13":"outofstock","14":"taxable","15":"shipping-taxable","16":"purchasable","17":"product-type-variable"},"acf":[],"jetpack_sharing_enabled":true,"tiered_pricing_type":"fixed","tiered_pricing_fixed_rules":[],"tiered_pricing_product_settings":{"layout":"default","base_unit_name":{"singular":null,"plural":null},"default_variation":null},"tiered_pricing_minimum_quantity":null,"tiered_pricing_roles_data":[],"tiered_pricing_percentage_rules":[],"_links":{"self":[{"href":"https:\/\/www.xaro.nl\/de\/wp-json\/wp\/v2\/product\/54004","targetHints":{"allow":["GET"]}}],"collection":[{"href":"https:\/\/www.xaro.nl\/de\/wp-json\/wp\/v2\/product"}],"about":[{"href":"https:\/\/www.xaro.nl\/de\/wp-json\/wp\/v2\/types\/product"}],"replies":[{"embeddable":true,"href":"https:\/\/www.xaro.nl\/de\/wp-json\/wp\/v2\/comments?post=54004"}],"version-history":[{"count":0,"href":"https:\/\/www.xaro.nl\/de\/wp-json\/wp\/v2\/product\/54004\/revisions"}],"wp:featuredmedia":[{"embeddable":true,"href":"https:\/\/www.xaro.nl\/de\/wp-json\/wp\/v2\/media\/25223"}],"wp:attachment":[{"href":"https:\/\/www.xaro.nl\/de\/wp-json\/wp\/v2\/media?parent=54004"}],"wp:term":[{"taxonomy":"product_brand","embeddable":true,"href":"https:\/\/www.xaro.nl\/de\/wp-json\/wp\/v2\/product_brand?post=54004"},{"taxonomy":"product_cat","embeddable":true,"href":"https:\/\/www.xaro.nl\/de\/wp-json\/wp\/v2\/product_cat?post=54004"},{"taxonomy":"product_tag","embeddable":true,"href":"https:\/\/www.xaro.nl\/de\/wp-json\/wp\/v2\/product_tag?post=54004"}],"curies":[{"name":"wp","href":"https:\/\/api.w.org\/{rel}","templated":true}]}}