{"id":53486,"date":"2024-09-15T17:51:33","date_gmt":"2024-09-15T15:51:33","guid":{"rendered":"https:\/\/www.xaro.nl\/product\/tuerverkleidung-aus-edelstahl-fuer-thermocold-einbau-eckkuehlschrank\/"},"modified":"2024-10-30T14:38:28","modified_gmt":"2024-10-30T13:38:28","slug":"tuerverkleidung-aus-edelstahl-fuer-thermocold-einbau-eckkuehlschrank","status":"publish","type":"product","link":"https:\/\/www.xaro.nl\/de\/tuerverkleidung-aus-edelstahl-fuer-thermocold-einbau-eckkuehlschrank\/","title":{"rendered":"T\u00fcrverkleidung aus Edelstahl f\u00fcr Thermocold Einbau-Eckk\u00fchlschrank"},"content":{"rendered":"<p>Die T\u00fcrverkleidung aus Edelstahl wurde speziell f\u00fcr diejenigen entworfen, die eine integrierte T\u00fcr w\u00fcnschen, die sich nahtlos in die anderen Edelstahldetails und -ger\u00e4te in der K\u00fcche einf\u00fcgt.<\/p>\n","protected":false},"excerpt":{"rendered":"<p>Die T\u00fcrverkleidung aus Edelstahl wurde speziell f\u00fcr diejenigen entworfen, die eine integrierte T\u00fcr w\u00fcnschen, die sich nahtlos in die anderen Edelstahldetails und -ger\u00e4te in der K\u00fcche einf\u00fcgt.<br \/>\nEntworfen f\u00fcr den <span style=\"color: #061929;\"><strong><a style=\"color: #061929;\" href=\"https:\/\/www.xaro.nl\/thermocold-inbouw-hoekkoelkast-1181-liter\/\">Thermocold Einbau-Eckk\u00fchlschrank &#8211; 1181 Liter<\/a><\/strong><\/span>. <\/p>\n","protected":false},"featured_media":53476,"comment_status":"closed","ping_status":"closed","template":"","meta":{"_acf_changed":false,"inline_featured_image":false},"product_brand":[],"product_cat":[307],"product_tag":[426],"class_list":{"0":"post-53486","1":"product","2":"type-product","3":"status-publish","4":"has-post-thumbnail","6":"product_cat-zubehoer","7":"product_tag-thermocold-de","8":"tm-no-options","10":"first","11":"instock","12":"taxable","13":"shipping-taxable","14":"purchasable","15":"product-type-simple"},"acf":[],"jetpack_sharing_enabled":true,"tiered_pricing_type":"fixed","tiered_pricing_fixed_rules":[],"tiered_pricing_product_settings":{"layout":"default","base_unit_name":{"singular":null,"plural":null},"default_variation":null},"tiered_pricing_minimum_quantity":null,"tiered_pricing_roles_data":[],"tiered_pricing_percentage_rules":[],"_links":{"self":[{"href":"https:\/\/www.xaro.nl\/de\/wp-json\/wp\/v2\/product\/53486","targetHints":{"allow":["GET"]}}],"collection":[{"href":"https:\/\/www.xaro.nl\/de\/wp-json\/wp\/v2\/product"}],"about":[{"href":"https:\/\/www.xaro.nl\/de\/wp-json\/wp\/v2\/types\/product"}],"replies":[{"embeddable":true,"href":"https:\/\/www.xaro.nl\/de\/wp-json\/wp\/v2\/comments?post=53486"}],"version-history":[{"count":1,"href":"https:\/\/www.xaro.nl\/de\/wp-json\/wp\/v2\/product\/53486\/revisions"}],"predecessor-version":[{"id":53487,"href":"https:\/\/www.xaro.nl\/de\/wp-json\/wp\/v2\/product\/53486\/revisions\/53487"}],"wp:featuredmedia":[{"embeddable":true,"href":"https:\/\/www.xaro.nl\/de\/wp-json\/wp\/v2\/media\/53476"}],"wp:attachment":[{"href":"https:\/\/www.xaro.nl\/de\/wp-json\/wp\/v2\/media?parent=53486"}],"wp:term":[{"taxonomy":"product_brand","embeddable":true,"href":"https:\/\/www.xaro.nl\/de\/wp-json\/wp\/v2\/product_brand?post=53486"},{"taxonomy":"product_cat","embeddable":true,"href":"https:\/\/www.xaro.nl\/de\/wp-json\/wp\/v2\/product_cat?post=53486"},{"taxonomy":"product_tag","embeddable":true,"href":"https:\/\/www.xaro.nl\/de\/wp-json\/wp\/v2\/product_tag?post=53486"}],"curies":[{"name":"wp","href":"https:\/\/api.w.org\/{rel}","templated":true}]}}