{"id":47221,"date":"2024-05-22T12:02:49","date_gmt":"2024-05-22T10:02:49","guid":{"rendered":"https:\/\/www.xaro.nl\/product\/schubladen-gefrierschrank-norcool-g1\/"},"modified":"2025-12-12T14:41:52","modified_gmt":"2025-12-12T13:41:52","slug":"schubladen-gefrierschrank-norcool-g1","status":"publish","type":"product","link":"https:\/\/www.xaro.nl\/de\/schubladen-gefrierschrank-norcool-g1\/","title":{"rendered":"Schubladen-Gefrierschrank Norcool G1"},"content":{"rendered":"<p>Der Schubladengefrierschrank Norcool G1: platzsparende Gefrierl\u00f6sung mit skandinavischer Qualit\u00e4t. Exklusiv erh\u00e4ltlich bei Xaro.de! Der Norcool Schubladengefrierschrank G1 bietet eine innovative, kompakte L\u00f6sung f\u00fcr Ihren Gefrierbedarf. Dieser mit viel Liebe zum Detail entworfene und nach den h\u00f6chsten skandinavischen Qualit\u00e4tsstandards gefertigte Einbaugefrierschrank passt perfekt in jede moderne K\u00fcche. Mit ger\u00e4umigen Schubladen und einem eleganten, minimalistischen Design ist der G1 ideal f\u00fcr kleine K\u00fcchen oder als zus\u00e4tzlicher Gefrierschrank. Dank seines cleveren Designs k\u00f6nnen Sie ganz einfach auf all Ihre gefrorenen Lebensmittel zugreifen, ohne dass Sie den Aufwand eines herk\u00f6mmlichen Gefrierschranks unter der Theke betreiben m\u00fcssen.<\/p>\n<h2 style=\"font-size: 17px; font-weight: bold; font-family: open sans; color: #1d242d; text-align: left;\">Vorteile des Gefrierschranks Norcool G1:<\/h2>\n<h3 style=\"font-size: 16px; font-weight: 600; font-family: open sans; color: #1d242d; text-align: left;\">1. Effiziente Nutzung des Raums<\/h3>\n<p>Die praktischen Schubladen des G1 sorgen daf\u00fcr, dass Sie den verf\u00fcgbaren Platz optimal nutzen k\u00f6nnen. Perfekt, um gefrorene Lebensmittel \u00fcbersichtlich und praktisch zu ordnen. Damit ist der Schubladengefrierschrank von Norcool ideal f\u00fcr kleinere K\u00fcchen oder als Erg\u00e4nzung zu Ihrem vorhandenen Gefrierschrank.<\/p>\n<h3 style=\"font-size: 16px; font-weight: 600; font-family: open sans; color: #1d242d; text-align: left;\">2. Energieeffizient und leise<\/h3>\n<p>Der Norcool G1 verf\u00fcgt \u00fcber das Energielabel D, was unter den neuen und strengeren Bedingungen eine ausgezeichnete Bewertung darstellt. Bei einem j\u00e4hrlichen Energieverbrauch von 329 kWh belaufen sich die gesch\u00e4tzten Stromkosten auf etwa 75 \u20ac, was diesen Gefrierschrank f\u00fcr seine Klasse sehr effizient macht. Dar\u00fcber hinaus hat der Norcool G1 einen Ger\u00e4uschpegel von nur 37\/38 dB, was ihn fl\u00fcsterleise und selbst in offenen K\u00fcchen kaum h\u00f6rbar macht. Das macht ihn zur idealen Wahl f\u00fcr moderne Wohnr\u00e4ume.<\/p>\n<h3 style=\"font-size: 16px; font-weight: 600; font-family: open sans; color: #1d242d; text-align: left;\">3. Nachhaltigkeit und Qualit\u00e4t<\/h3>\n<p>Hergestellt aus hochwertigen Materialien und einer soliden Konstruktion, steht der G1 f\u00fcr Langlebigkeit. Der Gefrierschrank bietet nicht nur eine hervorragende Leistung, sondern wird dank des robusten Designs, das typisch f\u00fcr <strong>skandinavische Qualit\u00e4t<\/strong> ist, auch jahrelang halten. Norcool ist Teil der Frigoglass Group, einer Organisation, die f\u00fcr ihr umfangreiches Wissen und ihre Kompetenz in der K\u00fchltechnik bekannt ist.<\/p>\n<h2 style=\"font-size: 17px; font-weight: bold; font-family: open sans; color: #1d242d; text-align: left;\">Produktvorteile:<\/h2>\n<ul>\n<li>Digitaler Thermostat<\/li>\n<li>LED-Beleuchtung<\/li>\n<li>T\u00fcralarm<\/li>\n<li>H\u00f6henverstellbare Beine f\u00fcr eine einfache Installation<\/li>\n<li>Wartungsfrei mit automatischer Enteisung<\/li>\n<li>Neben der M\u00f6glichkeit, Ihre eigenen K\u00fcchenfronten anzubringen, k\u00f6nnen Sie auch zwischen einem Standardmodell mit Edelstahl- oder mattschwarzen Fronten w\u00e4hlen<\/li>\n<\/ul>\n<h2 style=\"font-size: 17px; font-weight: bold; font-family: open sans; color: #1d242d; text-align: left;\">Anwendungen: K\u00fcchenintegration und K\u00fcchenh\u00e4ndler<\/h2>\n<p>Der Norcool Schubladengefrierschrank G1 l\u00e4sst sich nahtlos in Ihr K\u00fcchendesign integrieren. Wir bei Xaro verf\u00fcgen \u00fcber mehr als 20 Jahre Erfahrung in der K\u00fcchenbranche. Daher arbeiten wir gerne mit Ihnen und Ihrem K\u00fcchenspezialisten oder Innenarchitekten zusammen, um den Schubladengefrierschrank optimal in Ihre K\u00fcche zu integrieren. Holen Sie sich jetzt die Effizienz und Schnelligkeit einer professionellen Gastronomiek\u00fcche in Ihre eigene K\u00fcche mit dem Norcool Gefrierschrank! Neben dem Schubladengefrierschrank bietet Norcool auch passende <a target=\"\" rel=\"\"><strong>Schubladenk\u00fchlschr\u00e4nke<\/strong><\/a> und ein <a><strong>Wein-Schubladenmodul<\/strong><\/a> im gleichen Format an, mit denen Sie Ihre K\u00fcche in ein und demselben Stil einrichten k\u00f6nnen. Das sorgt f\u00fcr ein sauberes, einheitliches Aussehen.<\/p>\n<h2 style=\"font-size: 17px; font-weight: bold; font-family: open sans; color: #1d242d; text-align: left;\">Warum sollten Sie sich f\u00fcr den Norcool G1 entscheiden?<\/h2>\n<ul>\n<li><strong>Komplettl\u00f6sung<\/strong>: Zus\u00e4tzlich zu den Gefrierschubladen bieten wir auch Schubladenk\u00fchlschr\u00e4nke und Weinschubladen in der gleichen Gr\u00f6\u00dfe und im gleichen Design an, die Ihrer K\u00fcche einen stilvollen und einheitlichen Look verleihen.<\/li>\n<li><strong>Langlebig und zuverl\u00e4ssig<\/strong>: Dank der Verwendung von langlebigen Materialien und <strong>skandinavischer Technologie<\/strong> genie\u00dfen Sie eine lange Lebensdauer und gleichbleibende Leistung.<\/li>\n<li><strong>Benutzerfreundlichkeit<\/strong>: Dank der ger\u00e4umigen Schubladen k\u00f6nnen Sie alles ordentlich aufbewahren und leicht darauf zugreifen.<br \/>\nKein l\u00e4stiges Stapeln oder Suchen nach gefrorenen Lebensmitteln im hinteren Bereich mehr.<\/li>\n<\/ul>\n<h2 style=\"font-size: 17px; font-weight: bold; font-family: open sans; color: #1d242d; text-align: left;\">H\u00e4ufig gestellte Fragen<\/h2>\n<h3 style=\"font-size: 16px; font-weight: 600; font-family: open sans; color: #1d242d; text-align: left;\">1. <strong>Wie viele Schubladen hat die Norcool G1?<\/strong><\/h3>\n<p>Der Gefrierschrank verf\u00fcgt \u00fcber 2 externe ger\u00e4umige Schubladen und 1 interne Schublade, die sich perfekt f\u00fcr die Aufbewahrung von Tiefk\u00fchlkost eignet.<\/p>\n<h3 style=\"font-size: 16px; font-weight: 600; font-family: open sans; color: #1d242d; text-align: left;\">2. <strong>Kann der Norcool G1 eingebaut werden?<\/strong><\/h3>\n<p>Ja, der Norcool G1 ist f\u00fcr den nahtlosen Einbau in Standard-K\u00fcchenschr\u00e4nke konzipiert.<\/p>\n<h3 style=\"font-size: 16px; font-weight: 600; font-family: open sans; color: #1d242d; text-align: left;\">3. <strong>Funktioniert der Gefrierschrank auch in einer hei\u00dfen K\u00fcche?<\/strong><\/h3>\n<p>Ja, der G1 ist f\u00fcr die Verwendung in einer K\u00fcche mit unterschiedlichen Temperaturen geeignet.<\/p>\n<h2 style=\"font-size: 17px; font-weight: bold; font-family: open sans; color: #1d242d; text-align: left;\">Bestellen Sie die Norcool Gefrierschublade G1 noch heute!<\/h2>\n<p>Der <strong>Norcool Schubladengefrierschrank G1<\/strong> ist die perfekte Gefrierl\u00f6sung f\u00fcr jede K\u00fcche. Erg\u00e4nzen Sie Ihre K\u00fcche mit diesem eleganten, energieeffizienten und langlebigen Gefrierschrank und genie\u00dfen Sie den Komfort von Schubladen f\u00fcr Ihre Tiefk\u00fchlkost. Bestellen Sie jetzt \u00fcber unseren Webshop und genie\u00dfen Sie die schnelle Lieferung und einfache Installation.<\/p>\n<form action=\"\" enctype=\"multipart\/form-data\" method=\"post\">\n<div style=\"display: flex; gap: 5px;\"><button class=\"single_add_to_cart_button button alt\" name=\"add-to-cart\" type=\"submit\" value=\"40702\">In den Warenkorb legen<\/button><br \/>\n<button class=\"wd-buy-now-btn button alt\" formaction=\"\/checkout\/?add-to-cart=40702\" name=\"wd-add-to-cart\" type=\"submit\" value=\"40702\">Jetzt kaufen<\/button><\/div>\n<\/form>\n","protected":false},"excerpt":{"rendered":"<p>Entdecken Sie die M\u00f6glichkeiten dieses einfachen Gefrierschubladenmodells, das speziell f\u00fcr moderne K\u00fcchen entwickelt wurde. Mit der Option zur Gestaltung Ihrer <span style=\"color: #061929;\"><strong>eigenen K\u00fcchenfronten<\/strong><\/span> zu gestalten, k\u00f6nnen Sie die Gefrierschublade vollst\u00e4ndig an die Einrichtung Ihrer K\u00fcche anpassen. Der Norcool Gefrierschrank mit Schublade hat die gleiche Gr\u00f6\u00dfe und das gleiche Design wie der <span style=\"color: #061929;\"><strong><a style=\"color: #061929; text-decoration: underline;\" href=\"https:\/\/www.xaro.nl\/de\/norcool-schubladenkuehlschrank-g3-unterbaukuehlschrank-mit-schubladen-eigene-panels\/\" target=\"_blank\" rel=\"noopener\">Norcool Schubladenk\u00fchlschrank<\/a><\/strong><\/span>Der einzige Unterschied ist die Funktion (K\u00fchlen\/Gefrieren). Diese Gefrierschublade ist mit zwei ger\u00e4umigen Schubladen (zusammen 180 Liter) ausgestattet, in denen Sie alle Ihre Tiefk\u00fchlkost geordnet und zug\u00e4nglich aufbewahren k\u00f6nnen. Mit einer Breite von 80 cm ist dieses Modell ideal f\u00fcr moderne (niedrige) K\u00fcchen und l\u00e4sst sich leicht integrieren.<\/p>\n","protected":false},"featured_media":53496,"comment_status":"closed","ping_status":"closed","template":"","meta":{"_acf_changed":false,"inline_featured_image":false},"product_brand":[],"product_cat":[430,429],"product_tag":[287,425],"class_list":{"0":"post-47221","1":"product","2":"type-product","3":"status-publish","4":"has-post-thumbnail","6":"product_cat-gefrierschraenke","7":"product_cat-schubladen-gefrierschraenke","8":"product_tag-norcool-deutschland","9":"product_tag-schubladen-gefrierschrank","10":"tm-no-options","12":"first","13":"instock","14":"taxable","15":"shipping-taxable","16":"purchasable","17":"product-type-simple"},"acf":[],"jetpack_sharing_enabled":true,"tiered_pricing_type":"fixed","tiered_pricing_fixed_rules":[],"tiered_pricing_product_settings":{"layout":"default","base_unit_name":{"singular":null,"plural":null},"default_variation":null},"tiered_pricing_minimum_quantity":null,"tiered_pricing_roles_data":[],"tiered_pricing_percentage_rules":[],"_links":{"self":[{"href":"https:\/\/www.xaro.nl\/de\/wp-json\/wp\/v2\/product\/47221","targetHints":{"allow":["GET"]}}],"collection":[{"href":"https:\/\/www.xaro.nl\/de\/wp-json\/wp\/v2\/product"}],"about":[{"href":"https:\/\/www.xaro.nl\/de\/wp-json\/wp\/v2\/types\/product"}],"replies":[{"embeddable":true,"href":"https:\/\/www.xaro.nl\/de\/wp-json\/wp\/v2\/comments?post=47221"}],"version-history":[{"count":15,"href":"https:\/\/www.xaro.nl\/de\/wp-json\/wp\/v2\/product\/47221\/revisions"}],"predecessor-version":[{"id":55901,"href":"https:\/\/www.xaro.nl\/de\/wp-json\/wp\/v2\/product\/47221\/revisions\/55901"}],"wp:featuredmedia":[{"embeddable":true,"href":"https:\/\/www.xaro.nl\/de\/wp-json\/wp\/v2\/media\/53496"}],"wp:attachment":[{"href":"https:\/\/www.xaro.nl\/de\/wp-json\/wp\/v2\/media?parent=47221"}],"wp:term":[{"taxonomy":"product_brand","embeddable":true,"href":"https:\/\/www.xaro.nl\/de\/wp-json\/wp\/v2\/product_brand?post=47221"},{"taxonomy":"product_cat","embeddable":true,"href":"https:\/\/www.xaro.nl\/de\/wp-json\/wp\/v2\/product_cat?post=47221"},{"taxonomy":"product_tag","embeddable":true,"href":"https:\/\/www.xaro.nl\/de\/wp-json\/wp\/v2\/product_tag?post=47221"}],"curies":[{"name":"wp","href":"https:\/\/api.w.org\/{rel}","templated":true}]}}