{"id":47162,"date":"2022-06-09T12:59:44","date_gmt":"2022-06-09T10:59:44","guid":{"rendered":"https:\/\/www.xaro.nl\/product\/ip-industrie-parma-linie-a-sal-ch-wengeholz-modular\/"},"modified":"2022-06-09T12:59:44","modified_gmt":"2022-06-09T10:59:44","slug":"ip-industrie-parma-linie-a-sal-ch-wengeholz-modular","status":"publish","type":"product","link":"https:\/\/www.xaro.nl\/de\/ip-industrie-parma-linie-a-sal-ch-wengeholz-modular\/","title":{"rendered":"IP Industrie &#8211; Parma Linie A-SAL-CH &#8211; Wengeholz (modular)"},"content":{"rendered":"<h5>IP Industrie <strong>2651-A-SAL-CH<\/strong><\/h5>\n<p>Die Parma-Linie besteht aus Produkten, die sich problemlos in jede Umgebung einf\u00fcgen. Sie reichen von kleinen Weinschr\u00e4nken bis hin zu mehrzelligen Einheiten f\u00fcr die Lagerung von Wein und Lebensmitteln. Dieses multifunktionale K\u00fchlsystem von IP Industrie besteht aus einem Weink\u00fchler (134 fl.), einem Fleischreifungsk\u00fchler und einem K\u00e4sek\u00fchler. Das modulare System verf\u00fcgt \u00fcber drei unabh\u00e4ngige Zellen mit einstellbarer Temperatur zwischen 4 und 18 Grad.<\/p>\n<p>Diese Linie zeichnet sich durch ihre dicken Massivholzleisten und -griffe aus. Die linke Einheit besteht innen aus schwarzem Metall, speziell f\u00fcr die Aufbewahrung von Weinen und Zigarren. Das rechte mehrzellige Ger\u00e4t verf\u00fcgt \u00fcber eine Innenauskleidung aus Edelstahl f\u00fcr die Aufbewahrung von Wurst und K\u00e4se.<\/p>\n<p>Weitere Details zu diesem Multizellenger\u00e4t finden Sie auf der Registerkarte &#8222;Technische Daten&#8220;.<\/p>\n","protected":false},"excerpt":{"rendered":"<p>Multifunktionales K\u00fchlsystem von IP Industrie bestehend aus einem Weink\u00fchler (134 Fl.), einem Fleischreifungsk\u00fchler und einem K\u00e4sek\u00fchler. Das modulare System verf\u00fcgt \u00fcber drei unabh\u00e4ngige Zellen mit einstellbarer Temperatur zwischen 4 und 18 Grad. Diese Linie zeichnet sich durch ihre dicken Massivholzleisten und -griffe aus.<\/p>\n[html_block id=\"24343\"]\n","protected":false},"featured_media":26564,"comment_status":"closed","ping_status":"closed","template":"","meta":{"_acf_changed":false,"inline_featured_image":false},"product_brand":[],"product_cat":[323,322,318,324,329],"product_tag":[423],"class_list":{"0":"post-47162","1":"product","2":"type-product","3":"status-publish","4":"has-post-thumbnail","6":"product_cat-fleischreifeschraenke","7":"product_cat-kasekuhlschranke","8":"product_cat-kuehlschraenke","9":"product_cat-weinkuhlschranke","10":"product_cat-weinschranke","11":"product_tag-ipindustry","12":"tm-no-options","14":"first","15":"instock","16":"taxable","17":"shipping-taxable","18":"product-type-simple"},"acf":[],"jetpack_sharing_enabled":true,"tiered_pricing_type":"fixed","tiered_pricing_fixed_rules":[],"tiered_pricing_product_settings":{"layout":"default","base_unit_name":{"singular":null,"plural":null},"default_variation":null},"tiered_pricing_minimum_quantity":null,"tiered_pricing_roles_data":[],"tiered_pricing_percentage_rules":[],"_links":{"self":[{"href":"https:\/\/www.xaro.nl\/de\/wp-json\/wp\/v2\/product\/47162","targetHints":{"allow":["GET"]}}],"collection":[{"href":"https:\/\/www.xaro.nl\/de\/wp-json\/wp\/v2\/product"}],"about":[{"href":"https:\/\/www.xaro.nl\/de\/wp-json\/wp\/v2\/types\/product"}],"replies":[{"embeddable":true,"href":"https:\/\/www.xaro.nl\/de\/wp-json\/wp\/v2\/comments?post=47162"}],"version-history":[{"count":0,"href":"https:\/\/www.xaro.nl\/de\/wp-json\/wp\/v2\/product\/47162\/revisions"}],"wp:featuredmedia":[{"embeddable":true,"href":"https:\/\/www.xaro.nl\/de\/wp-json\/wp\/v2\/media\/26564"}],"wp:attachment":[{"href":"https:\/\/www.xaro.nl\/de\/wp-json\/wp\/v2\/media?parent=47162"}],"wp:term":[{"taxonomy":"product_brand","embeddable":true,"href":"https:\/\/www.xaro.nl\/de\/wp-json\/wp\/v2\/product_brand?post=47162"},{"taxonomy":"product_cat","embeddable":true,"href":"https:\/\/www.xaro.nl\/de\/wp-json\/wp\/v2\/product_cat?post=47162"},{"taxonomy":"product_tag","embeddable":true,"href":"https:\/\/www.xaro.nl\/de\/wp-json\/wp\/v2\/product_tag?post=47162"}],"curies":[{"name":"wp","href":"https:\/\/api.w.org\/{rel}","templated":true}]}}