{"id":47156,"date":"2022-05-24T13:21:52","date_gmt":"2022-05-24T11:21:52","guid":{"rendered":"https:\/\/www.xaro.nl\/product\/ip-industry-kaesekuehlschrank-151-ch-schwarzes-metall\/"},"modified":"2022-05-24T13:21:52","modified_gmt":"2022-05-24T11:21:52","slug":"ip-industry-kaesekuehlschrank-151-ch-schwarzes-metall","status":"publish","type":"product","link":"https:\/\/www.xaro.nl\/de\/produkt\/ip-industry-kaesekuehlschrank-151-ch-schwarzes-metall\/","title":{"rendered":"IP Industry &#8211; K\u00e4sek\u00fchlschrank &#8211; 151-CH &#8211; Schwarzes Metall"},"content":{"rendered":"<h5>IP Industrie 151-CH &#8211; Parma Linie<\/h5>\n<p>Die Parma-Linie besteht aus Produkten, die sich problemlos in jede Umgebung einf\u00fcgen. Sie reichen von kleinen Weinschr\u00e4nken bis hin zu mehrzelligen Einheiten f\u00fcr die Lagerung von Wein und Lebensmitteln. Dieser K\u00e4sek\u00fchlschrank aus schwarzem Metall verf\u00fcgt \u00fcber 2 ausziehbare Ablagen aus Edelstahl, einen elektronischen Thermostat und UV-reflektierendes Glas. Weitere Details zu diesem K\u00e4semodul finden Sie auf der Registerkarte &#8222;Technische Daten&#8220;.<\/p>\n","protected":false},"excerpt":{"rendered":"<p>Dieses K\u00e4semodul aus schwarzem Metall umfasst 2 ausziehbare Einlegeb\u00f6den aus Edelstahl, einen elektronischen Thermostat und UV-reflektierendes Glas.<\/p>\n[html_block id=\"24343\"]\n","protected":false},"featured_media":26541,"comment_status":"closed","ping_status":"closed","template":"","meta":{"_acf_changed":false,"inline_featured_image":false},"product_brand":[],"product_cat":[322,318],"product_tag":[423],"class_list":{"0":"post-47156","1":"product","2":"type-product","3":"status-publish","4":"has-post-thumbnail","6":"product_cat-kasekuhlschranke","7":"product_cat-kuehlschraenke","8":"product_tag-ipindustry","9":"tm-no-options","11":"first","12":"instock","13":"taxable","14":"shipping-taxable","15":"product-type-simple"},"acf":[],"jetpack_sharing_enabled":true,"tiered_pricing_type":"fixed","tiered_pricing_fixed_rules":[],"tiered_pricing_product_settings":{"layout":"default","base_unit_name":{"singular":null,"plural":null},"default_variation":null},"tiered_pricing_minimum_quantity":null,"tiered_pricing_roles_data":[],"tiered_pricing_percentage_rules":[],"_links":{"self":[{"href":"https:\/\/www.xaro.nl\/de\/wp-json\/wp\/v2\/product\/47156","targetHints":{"allow":["GET"]}}],"collection":[{"href":"https:\/\/www.xaro.nl\/de\/wp-json\/wp\/v2\/product"}],"about":[{"href":"https:\/\/www.xaro.nl\/de\/wp-json\/wp\/v2\/types\/product"}],"replies":[{"embeddable":true,"href":"https:\/\/www.xaro.nl\/de\/wp-json\/wp\/v2\/comments?post=47156"}],"version-history":[{"count":0,"href":"https:\/\/www.xaro.nl\/de\/wp-json\/wp\/v2\/product\/47156\/revisions"}],"wp:featuredmedia":[{"embeddable":true,"href":"https:\/\/www.xaro.nl\/de\/wp-json\/wp\/v2\/media\/26541"}],"wp:attachment":[{"href":"https:\/\/www.xaro.nl\/de\/wp-json\/wp\/v2\/media?parent=47156"}],"wp:term":[{"taxonomy":"product_brand","embeddable":true,"href":"https:\/\/www.xaro.nl\/de\/wp-json\/wp\/v2\/product_brand?post=47156"},{"taxonomy":"product_cat","embeddable":true,"href":"https:\/\/www.xaro.nl\/de\/wp-json\/wp\/v2\/product_cat?post=47156"},{"taxonomy":"product_tag","embeddable":true,"href":"https:\/\/www.xaro.nl\/de\/wp-json\/wp\/v2\/product_tag?post=47156"}],"curies":[{"name":"wp","href":"https:\/\/api.w.org\/{rel}","templated":true}]}}