{"id":47155,"date":"2022-06-08T11:18:16","date_gmt":"2022-06-08T09:18:16","guid":{"rendered":"https:\/\/www.xaro.nl\/product\/ip-industry-reifeschrank-fuer-fleisch-501-sal-edelstahl\/"},"modified":"2022-06-08T11:18:16","modified_gmt":"2022-06-08T09:18:16","slug":"ip-industry-reifeschrank-fuer-fleisch-501-sal-edelstahl","status":"publish","type":"product","link":"https:\/\/www.xaro.nl\/de\/ip-industry-reifeschrank-fuer-fleisch-501-sal-edelstahl\/","title":{"rendered":"IP Industry &#8211; Reifeschrank f\u00fcr Fleisch &#8211; 501-SAL &#8211; Edelstahl"},"content":{"rendered":"<h5>IP Industry 501-SAL &#8211; Parma-Linie<\/h5>\n<p>Die Parma-Linie besteht aus Produkten, die sich problemlos in jede Umgebung einf\u00fcgen. Sie reichen von kleinen Weinschr\u00e4nken bis hin zu mehrzelligen Einheiten f\u00fcr die Lagerung von Wein und Lebensmitteln. Dieser Fleisch-Reifeschrank aus Edelstahl verf\u00fcgt \u00fcber eine Temperaturzone (4\/18\u00b0C), 6 Haken, UV-reflektierendes Glas und verstellbare Einlegeb\u00f6den und F\u00fc\u00dfe.<\/p>\n<p>Weitere Details zu diesem Fleischreifeschrank finden Sie auf der Registerkarte &#8222;Technische Daten&#8220;.<\/p>\n","protected":false},"excerpt":{"rendered":"<p>Dieser Fleisch-Reifeschrank aus Edelstahl verf\u00fcgt \u00fcber eine Temperaturzone (4\/18\u00b0C), 6 Haken, UV-reflektierendes Glas und verstellbare Einlegeb\u00f6den und F\u00fc\u00dfe.<\/p>\n[html_block id=\"24343\"]\n","protected":false},"featured_media":26553,"comment_status":"closed","ping_status":"closed","template":"","meta":{"_acf_changed":false,"inline_featured_image":false},"product_brand":[],"product_cat":[323,318],"product_tag":[423],"class_list":{"0":"post-47155","1":"product","2":"type-product","3":"status-publish","4":"has-post-thumbnail","6":"product_cat-fleischreifeschraenke","7":"product_cat-kuehlschraenke","8":"product_tag-ipindustry","9":"tm-no-options","11":"first","12":"instock","13":"taxable","14":"shipping-taxable","15":"product-type-simple"},"acf":[],"jetpack_sharing_enabled":true,"tiered_pricing_type":"fixed","tiered_pricing_fixed_rules":[],"tiered_pricing_product_settings":{"layout":"default","base_unit_name":{"singular":null,"plural":null},"default_variation":null},"tiered_pricing_minimum_quantity":null,"tiered_pricing_roles_data":[],"tiered_pricing_percentage_rules":[],"_links":{"self":[{"href":"https:\/\/www.xaro.nl\/de\/wp-json\/wp\/v2\/product\/47155","targetHints":{"allow":["GET"]}}],"collection":[{"href":"https:\/\/www.xaro.nl\/de\/wp-json\/wp\/v2\/product"}],"about":[{"href":"https:\/\/www.xaro.nl\/de\/wp-json\/wp\/v2\/types\/product"}],"replies":[{"embeddable":true,"href":"https:\/\/www.xaro.nl\/de\/wp-json\/wp\/v2\/comments?post=47155"}],"version-history":[{"count":0,"href":"https:\/\/www.xaro.nl\/de\/wp-json\/wp\/v2\/product\/47155\/revisions"}],"wp:featuredmedia":[{"embeddable":true,"href":"https:\/\/www.xaro.nl\/de\/wp-json\/wp\/v2\/media\/26553"}],"wp:attachment":[{"href":"https:\/\/www.xaro.nl\/de\/wp-json\/wp\/v2\/media?parent=47155"}],"wp:term":[{"taxonomy":"product_brand","embeddable":true,"href":"https:\/\/www.xaro.nl\/de\/wp-json\/wp\/v2\/product_brand?post=47155"},{"taxonomy":"product_cat","embeddable":true,"href":"https:\/\/www.xaro.nl\/de\/wp-json\/wp\/v2\/product_cat?post=47155"},{"taxonomy":"product_tag","embeddable":true,"href":"https:\/\/www.xaro.nl\/de\/wp-json\/wp\/v2\/product_tag?post=47155"}],"curies":[{"name":"wp","href":"https:\/\/api.w.org\/{rel}","templated":true}]}}