{"id":47150,"date":"2022-06-08T09:11:05","date_gmt":"2022-06-08T07:11:05","guid":{"rendered":"https:\/\/www.xaro.nl\/product\/ip-industrie-weinkuehler-501-o-edelstahl-104-flaschen\/"},"modified":"2022-06-08T09:11:05","modified_gmt":"2022-06-08T07:11:05","slug":"ip-industrie-weinkuehler-501-o-edelstahl-104-flaschen","status":"publish","type":"product","link":"https:\/\/www.xaro.nl\/de\/ip-industrie-weinkuehler-501-o-edelstahl-104-flaschen\/","title":{"rendered":"IP Industrie &#8211; Weink\u00fchler &#8211; 501-O &#8211; Edelstahl &#8211; 104 Flaschen"},"content":{"rendered":"<h5>IP Industrie 501-O &#8211; Parma-Linie<\/h5>\n<p>Die Parma-Linie besteht aus Produkten, die sich problemlos in jede Umgebung einf\u00fcgen. Sie reichen von kleinen Weinschr\u00e4nken bis hin zu mehrzelligen Einheiten f\u00fcr die Lagerung von Wein und Lebensmitteln. Dieser Weink\u00fchler aus Edelstahl verf\u00fcgt \u00fcber eine Temperaturzone (4\/18\u00b0C), ein Fassungsverm\u00f6gen von bis zu 104 Flaschen (750ml), UV-reflektierendes Glas und verstellbare Ablagen und F\u00fc\u00dfe. Die vordere Reihe Ihrer Flaschen wird in einem 45-Grad-Winkel pr\u00e4sentiert.<\/p>\n<p>Weitere Details zu diesem Weink\u00fchler finden Sie auf der Registerkarte &#8222;Technische Daten&#8220;.<\/p>\n","protected":false},"excerpt":{"rendered":"<p>Sch\u00f6ner Weinklimaschrank aus italienischer Herstellung. Die vordere Reihe Ihrer Flaschen wird in einem 45-Grad-Winkel pr\u00e4sentiert. Dieser Weink\u00fchler aus Edelstahl verf\u00fcgt \u00fcber eine Temperaturzone (4\/18\u00b0C), ein Fassungsverm\u00f6gen von bis zu 104 Flaschen (750ml), UV-reflektierendes Glas und verstellbare Ablagen und F\u00fc\u00dfe.<\/p>\n[html_block id=\"24343\"]\n","protected":false},"featured_media":26549,"comment_status":"closed","ping_status":"closed","template":"","meta":{"_acf_changed":false,"inline_featured_image":false},"product_brand":[],"product_cat":[333,329],"product_tag":[423],"class_list":{"0":"post-47150","1":"product","2":"type-product","3":"status-publish","4":"has-post-thumbnail","6":"product_cat-weinklimaschranke","7":"product_cat-weinschranke","8":"product_tag-ipindustry","9":"tm-no-options","11":"first","12":"instock","13":"taxable","14":"shipping-taxable","15":"product-type-simple"},"acf":[],"jetpack_sharing_enabled":true,"tiered_pricing_type":"fixed","tiered_pricing_fixed_rules":[],"tiered_pricing_product_settings":{"layout":"default","base_unit_name":{"singular":null,"plural":null},"default_variation":null},"tiered_pricing_minimum_quantity":null,"tiered_pricing_roles_data":[],"tiered_pricing_percentage_rules":[],"_links":{"self":[{"href":"https:\/\/www.xaro.nl\/de\/wp-json\/wp\/v2\/product\/47150","targetHints":{"allow":["GET"]}}],"collection":[{"href":"https:\/\/www.xaro.nl\/de\/wp-json\/wp\/v2\/product"}],"about":[{"href":"https:\/\/www.xaro.nl\/de\/wp-json\/wp\/v2\/types\/product"}],"replies":[{"embeddable":true,"href":"https:\/\/www.xaro.nl\/de\/wp-json\/wp\/v2\/comments?post=47150"}],"version-history":[{"count":0,"href":"https:\/\/www.xaro.nl\/de\/wp-json\/wp\/v2\/product\/47150\/revisions"}],"wp:featuredmedia":[{"embeddable":true,"href":"https:\/\/www.xaro.nl\/de\/wp-json\/wp\/v2\/media\/26549"}],"wp:attachment":[{"href":"https:\/\/www.xaro.nl\/de\/wp-json\/wp\/v2\/media?parent=47150"}],"wp:term":[{"taxonomy":"product_brand","embeddable":true,"href":"https:\/\/www.xaro.nl\/de\/wp-json\/wp\/v2\/product_brand?post=47150"},{"taxonomy":"product_cat","embeddable":true,"href":"https:\/\/www.xaro.nl\/de\/wp-json\/wp\/v2\/product_cat?post=47150"},{"taxonomy":"product_tag","embeddable":true,"href":"https:\/\/www.xaro.nl\/de\/wp-json\/wp\/v2\/product_tag?post=47150"}],"curies":[{"name":"wp","href":"https:\/\/api.w.org\/{rel}","templated":true}]}}