{"id":47148,"date":"2022-05-24T17:37:23","date_gmt":"2022-05-24T15:37:23","guid":{"rendered":"https:\/\/www.xaro.nl\/product\/ip-industry-weinkuehlschrank-151-a-schwarzes-metall-54-flaschen\/"},"modified":"2022-05-24T17:37:23","modified_gmt":"2022-05-24T15:37:23","slug":"ip-industry-weinkuehlschrank-151-a-schwarzes-metall-54-flaschen","status":"publish","type":"product","link":"https:\/\/www.xaro.nl\/de\/ip-industry-weinkuehlschrank-151-a-schwarzes-metall-54-flaschen\/","title":{"rendered":"IP Industry &#8211; Weink\u00fchlschrank &#8211; 151-A &#8211; Schwarzes Metall &#8211; 54 Flaschen"},"content":{"rendered":"<h5>IP Industrie 151-A &#8211; Linie Parma<\/h5>\n<p>Die Parma-Linie besteht aus Produkten, die sich problemlos in jede Umgebung einf\u00fcgen. Sie reichen von kleinen Weinschr\u00e4nken bis hin zu mehrzelligen Einheiten f\u00fcr die Lagerung von Wein und Lebensmitteln. Dieser Weink\u00fchlschrank aus schwarzem Metall verf\u00fcgt \u00fcber eine Temperaturzone (4\/18\u00b0C), ein Fassungsverm\u00f6gen von bis zu 54 Flaschen (750ml), UV-reflektierendes Glas und verstellbare Ablagen und F\u00fc\u00dfe. Weitere Details zu diesem Weink\u00fchler finden Sie auf der Registerkarte &#8222;Technische Daten&#8220;.<\/p>\n<p>Alle <a href=\"https:\/\/www.xaro.nl\/wijnkoelkasten\/\">Weink\u00fchlschr\u00e4nke<\/a> bei Xaro ansehen.<\/p>\n","protected":false},"excerpt":{"rendered":"<p>Dieser Weink\u00fchlschrank aus schwarzem Metall verf\u00fcgt \u00fcber eine Temperaturzone (4\/18\u00b0C), ein Fassungsverm\u00f6gen von bis zu 54 Flaschen (750ml), UV-reflektierendes Glas und verstellbare Ablagen und F\u00fc\u00dfe.<\/p>\n[html_block id=\"24343\"]\n","protected":false},"featured_media":26544,"comment_status":"closed","ping_status":"closed","template":"","meta":{"_acf_changed":false,"inline_featured_image":false},"product_brand":[],"product_cat":[318,324,329],"product_tag":[423],"class_list":{"0":"post-47148","1":"product","2":"type-product","3":"status-publish","4":"has-post-thumbnail","6":"product_cat-kuehlschraenke","7":"product_cat-weinkuhlschranke","8":"product_cat-weinschranke","9":"product_tag-ipindustry","10":"tm-no-options","12":"first","13":"instock","14":"taxable","15":"shipping-taxable","16":"product-type-simple"},"acf":[],"jetpack_sharing_enabled":true,"tiered_pricing_type":"fixed","tiered_pricing_fixed_rules":[],"tiered_pricing_product_settings":{"layout":"default","base_unit_name":{"singular":null,"plural":null},"default_variation":null},"tiered_pricing_minimum_quantity":null,"tiered_pricing_roles_data":[],"tiered_pricing_percentage_rules":[],"_links":{"self":[{"href":"https:\/\/www.xaro.nl\/de\/wp-json\/wp\/v2\/product\/47148","targetHints":{"allow":["GET"]}}],"collection":[{"href":"https:\/\/www.xaro.nl\/de\/wp-json\/wp\/v2\/product"}],"about":[{"href":"https:\/\/www.xaro.nl\/de\/wp-json\/wp\/v2\/types\/product"}],"replies":[{"embeddable":true,"href":"https:\/\/www.xaro.nl\/de\/wp-json\/wp\/v2\/comments?post=47148"}],"version-history":[{"count":0,"href":"https:\/\/www.xaro.nl\/de\/wp-json\/wp\/v2\/product\/47148\/revisions"}],"wp:featuredmedia":[{"embeddable":true,"href":"https:\/\/www.xaro.nl\/de\/wp-json\/wp\/v2\/media\/26544"}],"wp:attachment":[{"href":"https:\/\/www.xaro.nl\/de\/wp-json\/wp\/v2\/media?parent=47148"}],"wp:term":[{"taxonomy":"product_brand","embeddable":true,"href":"https:\/\/www.xaro.nl\/de\/wp-json\/wp\/v2\/product_brand?post=47148"},{"taxonomy":"product_cat","embeddable":true,"href":"https:\/\/www.xaro.nl\/de\/wp-json\/wp\/v2\/product_cat?post=47148"},{"taxonomy":"product_tag","embeddable":true,"href":"https:\/\/www.xaro.nl\/de\/wp-json\/wp\/v2\/product_tag?post=47148"}],"curies":[{"name":"wp","href":"https:\/\/api.w.org\/{rel}","templated":true}]}}