{"id":46263,"date":"2024-05-22T12:08:18","date_gmt":"2024-05-22T10:08:18","guid":{"rendered":"https:\/\/www.xaro.nl\/product\/weinregal-norcool-g3\/"},"modified":"2025-07-01T00:11:42","modified_gmt":"2025-06-30T22:11:42","slug":"weinregal-norcool-g3","status":"publish","type":"product","link":"https:\/\/www.xaro.nl\/de\/weinregal-norcool-g3\/","title":{"rendered":"Weinregal Norcool G3"},"content":{"rendered":"<p>&nbsp;<\/p>\n<h2 style=\"font-size: 16px; font-weight: 600; font-family: open sans; color: #202b34; text-align: left;\">Norcool Wine Tray G3 &#8211; Exklusiv in den Niederlanden bei XARO erh\u00e4ltlich!<\/h2>\n<p>Als exklusiver Importeur des Norcool Wine Tray G3 in den Niederlanden sind wir stolz darauf, dieses innovative Produkt sowohl Privatpersonen als auch K\u00fcchenprofis anbieten zu k\u00f6nnen. Dieser Untertisch-Weink\u00fchler mit Schubladensystem ist die perfekte L\u00f6sung, um Ihre Weinsammlung stilvoll aufzubewahren und zu pr\u00e4sentieren. Auch diese eingebaute Weinschublade der skandinavischen Marke Norcool ist ein einzigartiges Produkt in den Niederlanden.<\/p>\n<h2 style=\"font-size: 16px; font-weight: 600; font-family: open sans; color: #202b34; text-align: left;\">Warum sollten Sie sich f\u00fcr das Norcool Wine Tray G3 entscheiden?<\/h2>\n<h3 style=\"font-size: 16px; font-weight: 600; font-family: open sans; color: #1d242d; text-align: left;\">Elegantes und funktionelles Design<\/h3>\n<p>Das Norcool Wine Tray G3 ist so konzipiert, dass es sich nahtlos unter Ihrer K\u00fcchenarbeitsplatte einf\u00fcgt. Das schlanke und exklusive Design passt perfekt in moderne K\u00fcchen und bietet eine elegante M\u00f6glichkeit, Ihre Weinsammlung aufzubewahren und zu pr\u00e4sentieren.<\/p>\n<p><strong>Ger\u00e4uchertes Glas<\/strong><\/p>\n<p>Die Schublade hat eine Frontplatte aus Rauchglas. Dies sch\u00fctzt den Wein vor sch\u00e4dlichen UV-Strahlen, die seine Haltbarkeit verringern k\u00f6nnen.<\/p>\n<p><strong>LED-Beleuchtung<\/strong><\/p>\n<p>Sie k\u00f6nnen einstellen, ob das Licht automatisch angeht, wenn die Schublade ge\u00f6ffnet wird, oder ob es dauerhaft leuchtet; der Lichtschalter befindet sich auf der rechten Innenseite.<\/p>\n<p><strong>Pr\u00e4sentation und Temperaturkontrolle Ihrer Weine<\/strong><\/p>\n<p>Das Modul verf\u00fcgt \u00fcber eine variable Temperaturregelung zwischen 4 und 22 \u00baC auf der unteren Ablage. Rotwein wird in der oberen Schublade aufbewahrt, Wei\u00dfwein in der unteren. Die Regale sind so konzipiert, dass die Flaschen sowohl in der L\u00e4nge als auch in der Breite platziert werden k\u00f6nnen. Sie k\u00f6nnen w\u00e4hlen, was f\u00fcr Ihre Sammlung am besten geeignet ist, um das Volumen der Schublade optimal zu nutzen.<\/p>\n<p>Die untere Schublade enth\u00e4lt zwei ausziehbare Einlegeb\u00f6den, die herausgenommen werden k\u00f6nnen, um zus\u00e4tzlichen Platz f\u00fcr Magnumflaschen oder Pakete zu schaffen.<\/p>\n<h3 style=\"font-size: 16px; font-weight: 600; font-family: open sans; color: #1d242d; text-align: left;\">Gro\u00dfe Kapazit\u00e4t<\/h3>\n<p>Mit Platz f\u00fcr 44 Standard 75 cl Weinflaschen bietet die Norcool Weinschublade G3 reichlich Stauraum f\u00fcr Ihre Lieblingsweine. Die Schublade sorgt daf\u00fcr, dass Ihre Weinsammlung optimal aufbewahrt und leicht zug\u00e4nglich ist.<\/p>\n<h3 style=\"font-size: 16px; font-weight: 600; font-family: open sans; color: #1d242d; text-align: left;\">Fortschrittliche Technologie<\/h3>\n<p>Die Norcool Weinschublade G3 verf\u00fcgt \u00fcber ein digitales Thermostat f\u00fcr eine pr\u00e4zise Temperaturregelung, LED-Beleuchtung, um Ihre Weinsammlung elegant zu beleuchten, und einen T\u00fcralarm, um zu verhindern, dass wertvolle K\u00fchlung verloren geht. Dar\u00fcber hinaus ist die Weinschublade dank der automatischen Abtaufunktion wartungsfrei.<\/p>\n<h3 style=\"font-size: 16px; font-weight: 600; font-family: open sans; color: #1d242d; text-align: left;\">Vorteile des Norcool Wine Tray G3<\/h3>\n<ul>\n<li><b>Kapazit\u00e4t von <\/b>bis zu 44 Flaschen im Standardformat 75 cl<\/li>\n<li><strong>Guter<\/strong> \u00dcberblick<\/li>\n<li><strong>Einfacher<\/strong> Zugang<\/li>\n<li><strong>Exklusives<\/strong> Design<\/li>\n<li><strong>Perfekt<\/strong> f\u00fcr die moderne K\u00fcche<\/li>\n<li><strong>Passend f\u00fcr<\/strong> die meisten K\u00fcchenanbieter<\/li>\n<li>Eine <strong>Temperaturzone<\/strong> von 4 &#8211; 22\u00b0C<\/li>\n<li><strong>Wartungsfrei <\/strong>dank der automatischen Abtaufunktion<\/li>\n<\/ul>\n<h2 style=\"font-size: 16px; font-weight: 600; font-family: open sans; color: #202b34; text-align: left;\">F\u00fcr wen ist das Norcool Wine Tray G3 geeignet?<\/h2>\n<p>Die Norcool Weinschublade G3 ist ideal f\u00fcr Weinliebhaber, die ihre Sammlung stilvoll und zug\u00e4nglich aufbewahren m\u00f6chten. Egal, ob Sie ein Feinschmecker sind, der gerne ein gutes Glas Wein zum Essen trinkt, oder ob Sie einen Gastronomiebetrieb f\u00fchren, der seinen Kunden das perfekte Weinerlebnis bieten m\u00f6chte, das Norcool Wine Tray G3 ist die perfekte Wahl.<\/p>\n<h2 style=\"font-size: 16px; font-weight: 600; font-family: open sans; color: #202b34; text-align: left;\">Bestellen Sie jetzt und genie\u00dfen Sie das ultimative Weinerlebnis!<\/h2>\n<p>Mit mehr als 20 Jahren Erfahrung in der Einrichtung von K\u00fcchen und Weinkellern stehen wir Ihnen zur Verf\u00fcgung. Bei uns k\u00f6nnen Sie auf fachkundige Beratung und hochwertige Produkte f\u00fcr Ihre Weinlagerung z\u00e4hlen. Wir arbeiten gerne mit Ihrem K\u00fcchenlieferanten, Handwerker oder Innenarchitekten zusammen, um sicherzustellen, dass Ihre Weinschublade perfekt zu Ihrem K\u00fcchendesign passt. Besuchen Sie unseren Webshop f\u00fcr ein breites Sortiment und entdecken Sie, wie wir Ihr Weinerlebnis bereichern k\u00f6nnen. F\u00fcr eine pers\u00f6nliche Beratung k\u00f6nnen Sie uns gerne kontaktieren unter <span style=\"color: #202b34;\"><strong><a style=\"color: #202b34;\" href=\"callto:+31356945004\">035 694 5004<\/a><\/strong><\/span>.<\/p>\n<p>Lagern, pr\u00e4sentieren und feiern Sie mit der Weinschublade von Norcool &#8211; Eleganz und Zug\u00e4nglichkeit zum Greifen nah!<\/p>\n","protected":false},"excerpt":{"rendered":"<p>Die Norcool Weinschublade G3 ist ein Einbau- \/ Untertisch-Weinklimaschrank mit einem Schubladensystem von 80 cm Breite. Platz f\u00fcr 44 Flaschen im Standardformat 75 cl. Diese neue Generation von Weinschubladen bietet mehrere neue und verbesserte Funktionen, wie z.B. LED-Beleuchtung, verstellbare R\u00fcckenbeine, einen digitalen Thermostat, einen T\u00fcralarm, ein verbessertes Schubladensystem und einen reduzierten Ger\u00e4uschpegel von 37 dB.<\/p>\n<p>Das schlanke Design mit der Verwendung von Rauchglas bietet nicht nur einen modernen Look, sondern sch\u00fctzt den Wein auch vor sch\u00e4dlichen UV-Strahlen.<\/p>\n<p>Sind Sie daran interessiert, dieses Produkt weiterzuverkaufen? <span style=\"color: #202b34;\"><strong><a style=\"color: #202b34; text-decoration: underline;\" href=\"https:\/\/www.xaro.nl\/norcool-dealer-worden\/\">Fragen Sie nach den Bedingungen<\/a><\/strong>.<\/span><\/p>\n","protected":false},"featured_media":45022,"comment_status":"closed","ping_status":"closed","template":"","meta":{"_acf_changed":false,"inline_featured_image":false},"product_brand":[],"product_cat":[330,333,329,331],"product_tag":[287,420,421],"class_list":{"0":"post-46263","1":"product","2":"type-product","3":"status-publish","4":"has-post-thumbnail","6":"product_cat-einbauschranke","7":"product_cat-weinklimaschranke","8":"product_cat-weinschranke","9":"product_cat-weinschubladen","10":"product_tag-norcool-deutschland","11":"product_tag-weinschublade","12":"product_tag-weinschubladen","13":"tm-no-options","15":"first","16":"instock","17":"taxable","18":"shipping-taxable","19":"purchasable","20":"product-type-simple"},"acf":[],"jetpack_sharing_enabled":true,"tiered_pricing_type":"fixed","tiered_pricing_fixed_rules":[],"tiered_pricing_product_settings":{"layout":"default","base_unit_name":{"singular":null,"plural":null},"default_variation":null},"tiered_pricing_minimum_quantity":null,"tiered_pricing_roles_data":[],"tiered_pricing_percentage_rules":[],"_links":{"self":[{"href":"https:\/\/www.xaro.nl\/de\/wp-json\/wp\/v2\/product\/46263","targetHints":{"allow":["GET"]}}],"collection":[{"href":"https:\/\/www.xaro.nl\/de\/wp-json\/wp\/v2\/product"}],"about":[{"href":"https:\/\/www.xaro.nl\/de\/wp-json\/wp\/v2\/types\/product"}],"replies":[{"embeddable":true,"href":"https:\/\/www.xaro.nl\/de\/wp-json\/wp\/v2\/comments?post=46263"}],"version-history":[{"count":6,"href":"https:\/\/www.xaro.nl\/de\/wp-json\/wp\/v2\/product\/46263\/revisions"}],"predecessor-version":[{"id":55904,"href":"https:\/\/www.xaro.nl\/de\/wp-json\/wp\/v2\/product\/46263\/revisions\/55904"}],"wp:featuredmedia":[{"embeddable":true,"href":"https:\/\/www.xaro.nl\/de\/wp-json\/wp\/v2\/media\/45022"}],"wp:attachment":[{"href":"https:\/\/www.xaro.nl\/de\/wp-json\/wp\/v2\/media?parent=46263"}],"wp:term":[{"taxonomy":"product_brand","embeddable":true,"href":"https:\/\/www.xaro.nl\/de\/wp-json\/wp\/v2\/product_brand?post=46263"},{"taxonomy":"product_cat","embeddable":true,"href":"https:\/\/www.xaro.nl\/de\/wp-json\/wp\/v2\/product_cat?post=46263"},{"taxonomy":"product_tag","embeddable":true,"href":"https:\/\/www.xaro.nl\/de\/wp-json\/wp\/v2\/product_tag?post=46263"}],"curies":[{"name":"wp","href":"https:\/\/api.w.org\/{rel}","templated":true}]}}