{"id":46262,"date":"2024-01-29T14:40:49","date_gmt":"2024-01-29T13:40:49","guid":{"rendered":"https:\/\/www.xaro.nl\/product\/nimo-trockner-waermepumpe-ft-120-hp-weiss\/"},"modified":"2026-02-04T16:19:28","modified_gmt":"2026-02-04T15:19:28","slug":"nimo-trockner-waermepumpe-passad-120-weiss","status":"publish","type":"product","link":"https:\/\/www.xaro.nl\/de\/product\/nimo-trockner-waermepumpe-passad-120-weiss\/","title":{"rendered":"NIMO Trockenschrank W\u00e4rmepumpe &#8211; Passad 120 &#8211; Wei\u00df"},"content":{"rendered":"<h2 style=\"font-size: 16px; font-weight: 600; font-family: open sans; color: #202b34; text-align: left;\">NIMO Trockenschrank W\u00e4rmepumpe &#8211; Passad 120 &#8211; Wei\u00df<\/h2>\n<p style=\"font-weight: 400;\">Was im hohen Norden praktisch in jedem Haushalt zu finden ist, ist hier in unserer Region praktisch unbekannt. Der Passad 120 ist der <strong>energieeffizienteste Trockner<\/strong> auf dem Markt mit hoher Trocknungskapazit\u00e4t und einfacher Installation. Die eingebaute Beleuchtung sorgt f\u00fcr gutes Arbeitslicht auf den 20 ausklappbaren Edelstahlb\u00fcgeln. Die W\u00e4rmepumpe und die gesamte Elektronik sind an der Oberseite des Trockners angebracht, was die Wartung erleichtert. Der Trockner nutzt die <strong>W\u00e4rmepumpentechnologie<\/strong> <strong>, um Textilien<\/strong> in einem geschlossenen Raum <strong>zu entfeuchten<\/strong>, so dass Sie den Trockner <strong>nicht<\/strong> <strong>an einen L\u00fcftungsschacht oder Abfluss anschlie\u00dfen<\/strong> <strong>m\u00fcssen<\/strong>.<\/p>\n<p style=\"font-weight: 400;\">Die W\u00e4rmepumpe des FT 120 HP Trockners ist eine <strong>effiziente L\u00f6sung zum Trocknen von Kleidung, Schuhen, Handschuhen und mehr<\/strong>. Mit einer <strong>Kapazit\u00e4t<\/strong>, die etwa einer <strong>19 Meter langen W\u00e4scheleine<\/strong> entspricht &#8211; oder etwa <strong>24 kg trockener W\u00e4sche<\/strong> &#8211; trocknet er schnell und wirtschaftlich. Au\u00dferdem besteht <strong>keine Gefahr der Abnutzung<\/strong> von <strong>Textilien<\/strong>, was ein <strong>wesentlicher Vorteil<\/strong> <strong>gegen\u00fcber herk\u00f6mmlichen W\u00e4schetrocknern<\/strong> ist.<\/p>\n<h2 style=\"font-size: 16px; font-weight: 600; font-family: open sans; color: #202b34; text-align: left;\">Wie funktioniert die W\u00e4rmepumpe des Passad 120 Trockners?<\/h2>\n<p>Der Passad 120 Trockner arbeitet nach dem Prinzip einer W\u00e4rmepumpe mit einer Entfeuchtungseinheit anstelle eines herk\u00f6mmlichen Hei\u00dfluftger\u00e4ts. Das bedeutet, dass die W\u00e4sche bei niedrigeren Temperaturen und mit deutlich geringerem Energieverbrauch getrocknet wird. Der Trockner ist ein vollst\u00e4ndig geschlossenes System. Es ist kein Anschluss f\u00fcr Abluft erforderlich. Die Feuchtigkeit wird w\u00e4hrend des Prozesses kondensiert und das entstandene Wasser wird \u00fcber einen Schlauch in den Abfluss geleitet. Au\u00dferdem ist das Gebl\u00e4se so stark, dass es die Kleidungsst\u00fccke zum Flattern bringt, was den Trocknungsprozess noch effizienter macht.<\/p>\n<p><strong>Der Trockner verf\u00fcgt \u00fcber zwei Trockenprogramme:<\/strong><\/p>\n<ol>\n<li>Normales Trocknen: zum Trocknen von normal dicker Kleidung.<\/li>\n<li>Extra trocken: zum Trocknen von dicker Kleidung, Trocknen im Trockner.<\/li>\n<\/ol>\n<p>Die Programme schalten den Trockenvorgang automatisch ab, wenn die Textilien trocken sind.<\/p>\n<h2 style=\"font-size: 16px; font-weight: 600; font-family: open sans; color: #202b34; text-align: left;\">Energieverbrauch und Leistung.<\/h2>\n<div>\n<table style=\"width: 527px; font-family: Arial, sans-serif; border-collapse: collapse; height: 63px;\">\n<tbody>\n<tr>\n<td>Trocknungszeit bei normaler Belastung, 50% Restfeuchte (min)<\/td>\n<td>55<\/td>\n<\/tr>\n<tr>\n<td>Energieverbrauch\/kg Baumwolle, 50% Restfeuchte (kW)<\/td>\n<td>0,23<\/td>\n<\/tr>\n<tr>\n<td>Energieverbrauch bei normaler Belastung, 50% Restfeuchtigkeit (kWh)<\/td>\n<td>1,31<\/td>\n<\/tr>\n<\/tbody>\n<\/table>\n<p><span style=\"color: #202b34; font-family: 'open sans'; font-weight: 600;\">Trockenschrank-W\u00e4rmepumpe vs. Kondensation<\/span><\/p>\n<\/div>\n<p>Ein Trockner mit Kondensationstechnologie funktioniert anders als ein Trockner mit W\u00e4rmepumpentechnologie. Ein Kondensationstrockner gibt die feuchte warme Luft aus der W\u00e4schetrommel an die Au\u00dfenluft ab. Im Gegensatz zu einem Kondensationstrockner nutzt ein W\u00e4rmepumpentrockner die hei\u00dfe Luft wieder, indem er sie kontinuierlich in den Innenraum zur\u00fcckbl\u00e4st. Dadurch ist ein W\u00e4rmepumpentrockner wesentlich energieeffizienter als ein herk\u00f6mmlicher Trockner und auch besser f\u00fcr die Umwelt.<\/p>\n<p>Nachfolgend sehen Sie einen Eindruck von der <a href=\"https:\/\/www.xaro.nl\/de\/nimo-droogkast-warmtepomp-passad-60-zwart\/\" target=\"_blank\" rel=\"noopener\">NIMO Trockner-W\u00e4rmepumpe &#8211; Passad 60 &#8211; Schwarz<\/a>:<\/p>\n<p><iframe title=\"Wir stellen vor: Nimoverken - Nachhaltige Trocknung dank innovativer (W\u00e4rmepumpen-)Technologie\" data-src=\"https:\/\/www.youtube.com\/embed\/AZ_rj4CzyZY\" width=\"1192\" height=\"511\" frameborder=\"0\" allowfullscreen=\"allowfullscreen\" src=\"data:image\/svg+xml;base64,PHN2ZyB3aWR0aD0iMSIgaGVpZ2h0PSIxIiB4bWxucz0iaHR0cDovL3d3dy53My5vcmcvMjAwMC9zdmciPjwvc3ZnPg==\" class=\"lazyload\" data-load-mode=\"1\"><\/iframe><\/p>\n","protected":false},"excerpt":{"rendered":"<p>Die W\u00e4rmepumpe des Passad 120 Trockners ist eine effiziente L\u00f6sung zum Trocknen von Kleidung, Schuhen, Handschuhen und mehr. Mit einer Kapazit\u00e4t, die etwa einer 19 Meter langen W\u00e4scheleine entspricht &#8211; oder etwa 24 kg trockener W\u00e4sche &#8211; trocknet er schnell und wirtschaftlich. Au\u00dferdem besteht keine Gefahr der Abnutzung von Textilien, was ein wesentlicher Vorteil gegen\u00fcber herk\u00f6mmlichen W\u00e4schetrocknern ist.<\/p>\n","protected":false},"featured_media":56639,"comment_status":"closed","ping_status":"closed","template":"","meta":{"_acf_changed":false,"inline_featured_image":false},"product_brand":[],"product_cat":[315,317],"product_tag":[383,381,382,394],"class_list":{"0":"post-46262","1":"product","2":"type-product","3":"status-publish","4":"has-post-thumbnail","6":"product_cat-trockenschranke","7":"product_cat-warmepumpentrockner","8":"product_tag-dry-box","9":"product_tag-nimo-trockenschrank","10":"product_tag-nimoverken-de","11":"product_tag-warmepumpe","12":"product_shipping_class-trockenschraenke-de","13":"tm-no-options","15":"first","16":"instock","17":"sale","18":"taxable","19":"shipping-taxable","20":"purchasable","21":"product-type-simple"},"acf":[],"jetpack_sharing_enabled":true,"tiered_pricing_type":"fixed","tiered_pricing_fixed_rules":[],"tiered_pricing_product_settings":{"layout":"default","base_unit_name":{"singular":null,"plural":null},"default_variation":null},"tiered_pricing_minimum_quantity":null,"tiered_pricing_roles_data":[],"tiered_pricing_percentage_rules":[],"_links":{"self":[{"href":"https:\/\/www.xaro.nl\/de\/wp-json\/wp\/v2\/product\/46262","targetHints":{"allow":["GET"]}}],"collection":[{"href":"https:\/\/www.xaro.nl\/de\/wp-json\/wp\/v2\/product"}],"about":[{"href":"https:\/\/www.xaro.nl\/de\/wp-json\/wp\/v2\/types\/product"}],"replies":[{"embeddable":true,"href":"https:\/\/www.xaro.nl\/de\/wp-json\/wp\/v2\/comments?post=46262"}],"version-history":[{"count":5,"href":"https:\/\/www.xaro.nl\/de\/wp-json\/wp\/v2\/product\/46262\/revisions"}],"predecessor-version":[{"id":57120,"href":"https:\/\/www.xaro.nl\/de\/wp-json\/wp\/v2\/product\/46262\/revisions\/57120"}],"wp:featuredmedia":[{"embeddable":true,"href":"https:\/\/www.xaro.nl\/de\/wp-json\/wp\/v2\/media\/56639"}],"wp:attachment":[{"href":"https:\/\/www.xaro.nl\/de\/wp-json\/wp\/v2\/media?parent=46262"}],"wp:term":[{"taxonomy":"product_brand","embeddable":true,"href":"https:\/\/www.xaro.nl\/de\/wp-json\/wp\/v2\/product_brand?post=46262"},{"taxonomy":"product_cat","embeddable":true,"href":"https:\/\/www.xaro.nl\/de\/wp-json\/wp\/v2\/product_cat?post=46262"},{"taxonomy":"product_tag","embeddable":true,"href":"https:\/\/www.xaro.nl\/de\/wp-json\/wp\/v2\/product_tag?post=46262"}],"curies":[{"name":"wp","href":"https:\/\/api.w.org\/{rel}","templated":true}]}}