{"id":46260,"date":"2024-01-10T08:49:27","date_gmt":"2024-01-10T07:49:27","guid":{"rendered":"https:\/\/www.xaro.nl\/product\/pevino-noble-ms-weinklimaschrank-schwarz-einzelzone-161-flaschen\/"},"modified":"2024-07-16T21:36:35","modified_gmt":"2024-07-16T19:36:35","slug":"pevino-noble-ms-weinklimaschrank-schwarz-einzelzone-161-flaschen","status":"publish","type":"product","link":"https:\/\/www.xaro.nl\/de\/pevino-noble-ms-weinklimaschrank-schwarz-einzelzone-161-flaschen\/","title":{"rendered":"PeVino Noble MS Weinklimaschrank schwarz (Einzelzone) &#8211; 161 Flaschen"},"content":{"rendered":"<h2 style=\"font-size: 17px; font-weight: bold; font-family: open sans; color: #1d242d; text-align: left;\">PeVino Noble MS Weinklimaschrank PM248S-HHB-1:<\/h2>\n<p>Dieser PeVino Noble Weinklimaschrank fasst bis zu 161 Flaschen in einer Temperaturzone. PeVino Noble Weinklimaschr\u00e4nke sind f\u00fchrend in Design und Funktionalit\u00e4t. Die Weinklimaschr\u00e4nke werden in D\u00e4nemark entworfen und entwickelt und sind mit den neuesten Technologien und Funktionen ausgestattet, um Ihrem Wein die bestm\u00f6glichen Lagerbedingungen zu bieten.<\/p>\n<p>Dieses brandneue schwarze Modell hat eine Temperaturzone (5-20\u00b0C) und eine Glast\u00fcr mit energieeffizientem LOW-E Glas. Ihre Flaschen liegen waagerecht auf 16 schwarzen, voll ausziehbaren (100%) Metallb\u00f6den, die von einem sch\u00f6nen orangefarbenen Licht beleuchtet werden. Diese oft von Profis verwendete Methode der Schichtung ist sowohl optisch beeindruckend als auch praktisch und erm\u00f6glicht Ihnen einen einfachen Zugang zu Ihrem Wein.<\/p>\n<p>Der Weinklimaschrank ist wie geschaffen f\u00fcr die sichere Aufbewahrung Ihres kostbaren Weins. Der eingebaute Alarm \u00fcberwacht die Luftfeuchtigkeit und Temperatur im Inneren und warnt Sie, wenn die T\u00fcr nicht richtig geschlossen ist. Die intelligente Winterfunktion erm\u00f6glicht es Ihnen, den Weink\u00fchler in einem unbeheizten Raum wie einer Garage oder einem Keller aufzustellen und dabei die eingestellte Temperatur im Inneren des Weink\u00fchlers beizubehalten. Dieses Modell ist als Produkt der Energieklasse G eingestuft.<\/p>\n<p><strong>Die einzigartigen Merkmale<\/strong><\/p>\n<ul>\n<li>Exklusiver Weinklimaschrank mit einer Temperaturzone (5-20 \u00b0C).<\/li>\n<li>Entwickelt und gestaltet mit d\u00e4nischer Finesse.<\/li>\n<li>Ausgestattet mit 16 eleganten, vollst\u00e4ndig ausziehbaren (100%), horizontalen Metallb\u00f6den f\u00fcr optimale \u00dcbersicht.<\/li>\n<li>Geeignet f\u00fcr die Aufbewahrung von 161 Flaschen, darunter Bordeaux, Burgunder und Champagner.<\/li>\n<li>Elegante Glast\u00fcr mit energiesparendem Low-E-Glas, um die Energiekosten zu minimieren.<\/li>\n<li>Das Innere des Weink\u00fchlers wird durch eine stimmungsvolle orangefarbene LED-Beleuchtung sch\u00f6n beleuchtet.<\/li>\n<li>Handliches LCD-Display mit warmer orangefarbener Beleuchtung f\u00fcr eine einfache Bedienung.<\/li>\n<li>Eingebautes Alarmsystem, das bei unerwarteten \u00c4nderungen der Luftfeuchtigkeit und wenn die T\u00fcr nicht richtig schlie\u00dft, aktiviert wird.<\/li>\n<li>Enth\u00e4lt ein integriertes Hydrometer im Display, das die Luftfeuchtigkeit im Weinklimaschrank genau \u00fcberwacht.<\/li>\n<\/ul>\n<p><strong>HINWEIS<\/strong>: Es ist wichtig, dass Sie Ihren Weinklimaschrank mit einem geerdeten Stecker anschlie\u00dfen. Alle Weinklimaschr\u00e4nke sollten perfekt lotrecht und eben sein.<\/p>\n","protected":false},"excerpt":{"rendered":"<p>Dieser PeVino Noble Weinklimaschrank fasst bis zu 161 Flaschen in einer Temperaturzone. PeVino Noble Weinklimaschr\u00e4nke sind f\u00fchrend in Design und Funktionalit\u00e4t. Die Weinklimaschr\u00e4nke werden in D\u00e4nemark entworfen und entwickelt und sind mit den neuesten Technologien und Funktionen ausgestattet, um Ihrem Wein die bestm\u00f6glichen Lagerbedingungen zu bieten.<\/p>\n","protected":false},"featured_media":29833,"comment_status":"closed","ping_status":"closed","template":"","meta":{"_acf_changed":false,"inline_featured_image":false},"product_brand":[],"product_cat":[333,329],"product_tag":[379],"class_list":{"0":"post-46260","1":"product","2":"type-product","3":"status-publish","4":"has-post-thumbnail","6":"product_cat-weinklimaschranke","7":"product_cat-weinschranke","8":"product_tag-pevino-de","9":"tm-no-options","11":"first","12":"outofstock","13":"taxable","14":"shipping-taxable","15":"purchasable","16":"product-type-simple"},"acf":[],"jetpack_sharing_enabled":true,"tiered_pricing_type":"fixed","tiered_pricing_fixed_rules":[],"tiered_pricing_product_settings":{"layout":"default","base_unit_name":{"singular":null,"plural":null},"default_variation":null},"tiered_pricing_minimum_quantity":null,"tiered_pricing_roles_data":[],"tiered_pricing_percentage_rules":[],"_links":{"self":[{"href":"https:\/\/www.xaro.nl\/de\/wp-json\/wp\/v2\/product\/46260","targetHints":{"allow":["GET"]}}],"collection":[{"href":"https:\/\/www.xaro.nl\/de\/wp-json\/wp\/v2\/product"}],"about":[{"href":"https:\/\/www.xaro.nl\/de\/wp-json\/wp\/v2\/types\/product"}],"replies":[{"embeddable":true,"href":"https:\/\/www.xaro.nl\/de\/wp-json\/wp\/v2\/comments?post=46260"}],"version-history":[{"count":1,"href":"https:\/\/www.xaro.nl\/de\/wp-json\/wp\/v2\/product\/46260\/revisions"}],"predecessor-version":[{"id":46270,"href":"https:\/\/www.xaro.nl\/de\/wp-json\/wp\/v2\/product\/46260\/revisions\/46270"}],"wp:featuredmedia":[{"embeddable":true,"href":"https:\/\/www.xaro.nl\/de\/wp-json\/wp\/v2\/media\/29833"}],"wp:attachment":[{"href":"https:\/\/www.xaro.nl\/de\/wp-json\/wp\/v2\/media?parent=46260"}],"wp:term":[{"taxonomy":"product_brand","embeddable":true,"href":"https:\/\/www.xaro.nl\/de\/wp-json\/wp\/v2\/product_brand?post=46260"},{"taxonomy":"product_cat","embeddable":true,"href":"https:\/\/www.xaro.nl\/de\/wp-json\/wp\/v2\/product_cat?post=46260"},{"taxonomy":"product_tag","embeddable":true,"href":"https:\/\/www.xaro.nl\/de\/wp-json\/wp\/v2\/product_tag?post=46260"}],"curies":[{"name":"wp","href":"https:\/\/api.w.org\/{rel}","templated":true}]}}