{"id":46230,"date":"2023-04-12T13:32:07","date_gmt":"2023-04-12T11:32:07","guid":{"rendered":"https:\/\/www.xaro.nl\/product\/nimo-trockner-sensorik-ets-1500-e-weiss\/"},"modified":"2024-08-14T21:17:57","modified_gmt":"2024-08-14T19:17:57","slug":"nimo-trockner-sensorik-ets-1500-e-weiss","status":"publish","type":"product","link":"https:\/\/www.xaro.nl\/de\/product\/nimo-trockenschrank-sensorik-ets-1500-e-weiss\/","title":{"rendered":"NIMO Trockenschrank Sensorik &#8211; ETS 1500 E &#8211; Wei\u00df"},"content":{"rendered":"<h2 style=\"font-size: 16px; font-weight: 600; font-family: open sans; color: #202b34; text-align: left;\">NIMO Trockenschrank Sensorik &#8211; ETS 1500 E &#8211; Wei\u00df<\/h2>\n<p>Wandtrockner mit ECO DRYER sensorgesteuerter Abschaltautomatik, speziell f\u00fcr kleinere R\u00e4ume wie z.B. \u00fcber der Waschmaschine. Die Trocknungskabine verf\u00fcgt \u00fcber zwei feste Automatikprogramme und die M\u00f6glichkeit einer manuellen Timer-Steuerung. Die h\u00f6henverstellbare Aufh\u00e4ngung sorgt f\u00fcr eine komfortable Arbeitsh\u00f6he, so dass Sie Ihre trockenen Waren leicht erreichen k\u00f6nnen. Dank des sensorgesteuerten Systems wird die Trocknungsfunktion optimiert und der Energieverbrauch minimiert, was zu einem effizienten und nachhaltigen Trocknungsprozess f\u00fchrt.<\/p>\n<p>Neben dem Trockner mit Sensortechnologie bieten wir auch eine alternative Option zu einem g\u00fcnstigeren Preis, aber mit einer weniger umfangreichen Ausstattung an. Im Gegensatz zu diesem Modell ist die <a href=\"https:\/\/www.xaro.nl\/nimo-droogkast-timerfunctie-ets-1500-wit\/\"><br \/>\n<strong>ETS 1500<\/strong><br \/>\n<\/a> n\u00e4mlich nur \u00fcber Drehknebel mit Timerfunktion und diesem Modell fehlen automatische Trockenprogramme, ein digitales Bedienfeld und Sensortechnik.<\/p>\n<p><strong>Die Vorteile der ETS 1500 E auf einen Blick:<\/strong><\/p>\n<ul>\n<li>Dieser Wandtrockner hat ein Fassungsverm\u00f6gen von 3,5 kg und ist damit f\u00fcr kleine W\u00e4scheladungen geeignet.<\/li>\n<li>Das sensorgesteuerte System gew\u00e4hrleistet eine optimale Trocknungsfunktion und minimiert den Energieverbrauch, was zu einem effizienten und energiesparenden Trocknungsprozess f\u00fchrt.<\/li>\n<li>Mit einer Aufh\u00e4ngel\u00e4nge von 16 Metern und starken B\u00fcgeln bietet dieser Wandtrockner viel Platz zum Aufh\u00e4ngen von Kleidung und anderen Gegenst\u00e4nden.<\/li>\n<li>Das 1,5 kW Heizelement sorgt f\u00fcr eine schnelle und effektive Trocknung der W\u00e4sche.<\/li>\n<li>Der an der Wand montierte Trockner ist \u00fcber das digitale Bedienfeld leicht zu bedienen und gew\u00e4hrleistet eine einfache Handhabung und pr\u00e4zise Einstellung der gew\u00fcnschten Trocknungseinstellungen.<\/li>\n<\/ul>\n<h2 style=\"font-size: 16px; font-weight: 600; font-family: open sans; color: #202b34; text-align: left;\">Warum ein W\u00e4schetrockner?<\/h2>\n<p>Es gibt viele Gr\u00fcnde, sich f\u00fcr einen W\u00e4schetrockner zu entscheiden:<\/p>\n<ol>\n<li><strong>Energieeffizient<\/strong><br \/>\nNIMO W\u00e4schetrockner haben viele verschiedene Programme. Was sie alle gemeinsam haben, ist, dass sie energieeffizient sind und Sie viel mehr sparen <a href=\"https:\/\/www.milieucentraal.nl\/energie-besparen\/apparaten-in-huis\/wasdroger\/\" target=\"_blank\" rel=\"noopener\"><br \/>\n<strong>Energieeinsparung<\/strong><br \/>\n<\/a> als herk\u00f6mmliche W\u00e4schetrockner.<\/li>\n<li><strong>Schonend f\u00fcr Ihre Kleidung<\/strong><br \/>\nDas Trocknen im W\u00e4schetrockner strapaziert Ihre Kleidungsst\u00fccke st\u00e4rker als das Waschen. Die mechanische Bearbeitung des Trockners bewirkt, dass sich die Fasern aus der Kleidung l\u00f6sen, wenn sie aneinander gerieben werden. Das Trocknen Ihrer Kleidung an der Luft ist sowohl f\u00fcr Ihre Kleidung als auch f\u00fcr die Umwelt am schonendsten. Yvette von Binki hat herausgefunden, warum Kleidung oft nicht in den Trockner passt. Lesen Sie den Artikel <strong><br \/>\n<a href=\"https:\/\/www.binki.co\/nl\/waarom-mag-kleding-vaak-niet-in-de-droger\/\" target=\"_blank\" rel=\"noopener\">hier<\/a><br \/>\n<\/strong>.<\/li>\n<\/ol>\n<p><iframe title=\"Introductie Nimoverken - Duurzaam drogen dankzij innovatieve (warmtepomp) technologie\" width=\"500\" height=\"281\" data-src=\"https:\/\/www.youtube.com\/embed\/AZ_rj4CzyZY?feature=oembed&#038;enablejsapi=1&#038;origin=https:\/\/www.xaro.nl\" frameborder=\"0\" allow=\"accelerometer; autoplay; clipboard-write; encrypted-media; gyroscope; picture-in-picture; web-share\" referrerpolicy=\"strict-origin-when-cross-origin\" allowfullscreen src=\"data:image\/svg+xml;base64,PHN2ZyB3aWR0aD0iMSIgaGVpZ2h0PSIxIiB4bWxucz0iaHR0cDovL3d3dy53My5vcmcvMjAwMC9zdmciPjwvc3ZnPg==\" class=\"lazyload\" data-load-mode=\"1\"><\/iframe><\/p>\n","protected":false},"excerpt":{"rendered":"<p>Wandtrockner mit ECO DRYER sensorgesteuerter Abschaltautomatik, speziell f\u00fcr kleinere R\u00e4ume wie z.B. \u00fcber der Waschmaschine. Die Trocknungskabine verf\u00fcgt \u00fcber zwei feste Automatikprogramme und die M\u00f6glichkeit einer manuellen Timer-Steuerung. Die h\u00f6henverstellbare Aufh\u00e4ngung sorgt f\u00fcr eine komfortable Arbeitsh\u00f6he, so dass Sie Ihre trockenen Waren leicht erreichen k\u00f6nnen. Dank des sensorgesteuerten Systems wird die Trocknungsfunktion optimiert und der Energieverbrauch minimiert, was zu einem effizienten und nachhaltigen Trocknungsprozess f\u00fchrt.<\/p>\n","protected":false},"featured_media":27201,"comment_status":"closed","ping_status":"closed","template":"","meta":{"_acf_changed":false,"inline_featured_image":false},"product_brand":[],"product_cat":[316,315],"product_tag":[383,381,382],"class_list":{"0":"post-46230","1":"product","2":"type-product","3":"status-publish","4":"has-post-thumbnail","6":"product_cat-ablufttrockner","7":"product_cat-trockenschranke","8":"product_tag-dry-box","9":"product_tag-nimo-trockenschrank","10":"product_tag-nimoverken-de","11":"product_shipping_class-trockenschraenke-de","12":"tm-no-options","14":"first","15":"outofstock","16":"taxable","17":"shipping-taxable","18":"purchasable","19":"product-type-simple"},"acf":[],"jetpack_sharing_enabled":true,"tiered_pricing_type":"fixed","tiered_pricing_fixed_rules":[],"tiered_pricing_product_settings":{"layout":"default","base_unit_name":{"singular":null,"plural":null},"default_variation":null},"tiered_pricing_minimum_quantity":null,"tiered_pricing_roles_data":[],"tiered_pricing_percentage_rules":[],"_links":{"self":[{"href":"https:\/\/www.xaro.nl\/de\/wp-json\/wp\/v2\/product\/46230","targetHints":{"allow":["GET"]}}],"collection":[{"href":"https:\/\/www.xaro.nl\/de\/wp-json\/wp\/v2\/product"}],"about":[{"href":"https:\/\/www.xaro.nl\/de\/wp-json\/wp\/v2\/types\/product"}],"replies":[{"embeddable":true,"href":"https:\/\/www.xaro.nl\/de\/wp-json\/wp\/v2\/comments?post=46230"}],"version-history":[{"count":3,"href":"https:\/\/www.xaro.nl\/de\/wp-json\/wp\/v2\/product\/46230\/revisions"}],"predecessor-version":[{"id":50267,"href":"https:\/\/www.xaro.nl\/de\/wp-json\/wp\/v2\/product\/46230\/revisions\/50267"}],"wp:featuredmedia":[{"embeddable":true,"href":"https:\/\/www.xaro.nl\/de\/wp-json\/wp\/v2\/media\/27201"}],"wp:attachment":[{"href":"https:\/\/www.xaro.nl\/de\/wp-json\/wp\/v2\/media?parent=46230"}],"wp:term":[{"taxonomy":"product_brand","embeddable":true,"href":"https:\/\/www.xaro.nl\/de\/wp-json\/wp\/v2\/product_brand?post=46230"},{"taxonomy":"product_cat","embeddable":true,"href":"https:\/\/www.xaro.nl\/de\/wp-json\/wp\/v2\/product_cat?post=46230"},{"taxonomy":"product_tag","embeddable":true,"href":"https:\/\/www.xaro.nl\/de\/wp-json\/wp\/v2\/product_tag?post=46230"}],"curies":[{"name":"wp","href":"https:\/\/api.w.org\/{rel}","templated":true}]}}