{"id":46227,"date":"2023-04-12T08:10:20","date_gmt":"2023-04-12T06:10:20","guid":{"rendered":"https:\/\/www.xaro.nl\/product\/nimo-trockner-mit-timer-funktion-easy-dryer-1900-weiss\/"},"modified":"2025-12-17T12:01:04","modified_gmt":"2025-12-17T11:01:04","slug":"nimo-trockner-mit-timer-funktion-easy-dryer-1900-weiss","status":"publish","type":"product","link":"https:\/\/www.xaro.nl\/de\/nimo-trockenschrank-mit-timer-funktion-easy-dryer-1900-weiss\/","title":{"rendered":"NIMO Trockner mit Timer-Funktion &#8211; Easy Dryer 1900 &#8211; Wei\u00df"},"content":{"rendered":"<h2 style=\"font-size: 16px; font-weight: 600; font-family: open sans; color: #202b34; text-align: left;\">NIMO Trockner mit Timer-Funktion &#8211; Easy Dryer 1900 &#8211; Wei\u00df<\/h2>\n<p>Was im hohen Norden praktisch in jedem Haushalt zu finden ist, ist hier in unserer Region praktisch unbekannt. Der Easy Dryer von Nimo ist eine schnelle und energieeffiziente L\u00f6sung f\u00fcr eine schonende Kleiderpflege. Mit der praktischen Timerfunktion k\u00f6nnen Sie ganz einfach die gew\u00fcnschte Trockenzeit einstellen. Der Trockner wird mit 3 ausziehbaren und klappbaren Kleiderb\u00fcgeln sowie drei T\u00fcrb\u00fcgeln f\u00fcr zus\u00e4tzlichen Komfort geliefert. Dar\u00fcber hinaus verf\u00fcgt der Trockner \u00fcber eine Bel\u00fcftungsoption, um die Luft nach au\u00dfen abzuf\u00fchren, was ihn zu einer ausgezeichneten Wahl f\u00fcr Ihre Trocknungsanforderungen macht. Der Trockner mit Timerfunktion ist auch erh\u00e4ltlich in <strong><a href=\"https:\/\/www.xaro.nl\/nimo-droogkast-timerfunctie-easy-dryer-1900-zwart\/\">schwarz<\/a><\/strong>. F\u00fcr diese Farben wird jedoch ein Aufpreis erhoben.<\/p>\n<p>Mit L\u00fcftungsanschl\u00fcssen und verstellbaren F\u00fc\u00dfen f\u00fcr einen sicheren Stand der Trockenkabine. Der Trockner kann kosteng\u00fcnstig den W\u00e4schest\u00e4nder im Wohnzimmer ersetzen, wodurch auch die Feuchtigkeit im Raum minimiert wird.<\/p>\n<p><strong>Die Vorteile des Easy Dryer 1900 auf einen Blick:<\/strong><\/p>\n<ul>\n<li>6 kg Trocknungskapazit\u00e4t<\/li>\n<li>Energielabel A+<\/li>\n<li>Zeitgesteuerter Ventilator (0 &#8211; 4 Stunden)<\/li>\n<li>Einfache Temperaturkontrolle<\/li>\n<li>Stabile ausziehbare und klappbare B\u00fcgel<\/li>\n<li>Bis zu 16 m L\u00e4nge der Aufh\u00e4ngung<\/li>\n<li>2 KW Heizelement<\/li>\n<li>Sie minimieren den Verschlei\u00df an Ihrer Kleidung<\/li>\n<li>Robuste Konstruktion<\/li>\n<li>Hergestellt aus recycelbaren Materialien<\/li>\n<li>Qualit\u00e4t getestet f\u00fcr 30.000+ Zyklen<\/li>\n<\/ul>\n<h2 style=\"font-size: 16px; font-weight: 600; font-family: open sans; color: #202b34; text-align: left;\">Warum ein W\u00e4schetrockner?<\/h2>\n<p>Es gibt viele Gr\u00fcnde, sich f\u00fcr einen W\u00e4schetrockner zu entscheiden:<\/p>\n<ol>\n<li>Die <strong>energieeffizienten<\/strong><br \/>\nNIMO W\u00e4schetrockner haben viele verschiedene Programme. Was sie alle gemeinsam haben, ist, dass sie energieeffizient sind und Sie viel mehr sparen <a href=\"https:\/\/www.milieucentraal.nl\/energie-besparen\/apparaten-in-huis\/wasdroger\/\" target=\"_blank\" rel=\"noopener\"><br \/>\n  <strong>Energieeinsparung<\/strong><br \/>\n<\/a> als herk\u00f6mmliche W\u00e4schetrockner.<\/li>\n<li><strong>Schonend f\u00fcr Ihre Kleidung<\/strong><br \/>\nDas Trocknen im W\u00e4schetrockner strapaziert Ihre Kleidungsst\u00fccke st\u00e4rker als das Waschen. Die mechanische Bearbeitung des Trockners bewirkt, dass sich die Fasern aus der Kleidung l\u00f6sen, wenn sie aneinander gerieben werden. Das Trocknen Ihrer Kleidung an der Luft ist sowohl f\u00fcr Ihre Kleidung als auch f\u00fcr die Umwelt am schonendsten. Yvette von Binki hat herausgefunden, warum Kleidung oft nicht in den Trockner passt. Lesen Sie den Artikel <strong><br \/>\n  <a href=\"https:\/\/www.binki.co\/nl\/waarom-mag-kleding-vaak-niet-in-de-droger\/\" target=\"_blank\" rel=\"noopener\">hier<\/a><br \/>\n<\/strong>.<\/li>\n<\/ol>\n<p><iframe title=\"Introductie Nimoverken - Duurzaam drogen dankzij innovatieve (warmtepomp) technologie\" width=\"500\" height=\"281\" data-src=\"https:\/\/www.youtube.com\/embed\/AZ_rj4CzyZY?feature=oembed&#038;enablejsapi=1&#038;origin=https:\/\/www.xaro.nl\" frameborder=\"0\" allow=\"accelerometer; autoplay; clipboard-write; encrypted-media; gyroscope; picture-in-picture; web-share\" referrerpolicy=\"strict-origin-when-cross-origin\" allowfullscreen src=\"data:image\/svg+xml;base64,PHN2ZyB3aWR0aD0iMSIgaGVpZ2h0PSIxIiB4bWxucz0iaHR0cDovL3d3dy53My5vcmcvMjAwMC9zdmciPjwvc3ZnPg==\" class=\"lazyload\" data-load-mode=\"1\"><\/iframe><\/p>\n","protected":false},"excerpt":{"rendered":"<p>Was im hohen Norden praktisch in jedem Haushalt zu finden ist, ist hier in unserer Region praktisch unbekannt. Der Easy Dryer von Nimo ist eine schnelle und energieeffiziente L\u00f6sung f\u00fcr eine schonende Kleiderpflege. Mit der praktischen Timerfunktion k\u00f6nnen Sie ganz einfach die gew\u00fcnschte Trockenzeit einstellen. Der Trockner wird mit 3 ausziehbaren und klappbaren Kleiderb\u00fcgeln sowie drei T\u00fcrb\u00fcgeln f\u00fcr zus\u00e4tzlichen Komfort geliefert. Dar\u00fcber hinaus verf\u00fcgt der Trockner \u00fcber eine Bel\u00fcftungsoption, um die Luft nach au\u00dfen abzuf\u00fchren, was ihn zu einer ausgezeichneten Wahl f\u00fcr Ihre Trocknungsanforderungen macht.<\/p>\n","protected":false},"featured_media":27184,"comment_status":"closed","ping_status":"closed","template":"","meta":{"_acf_changed":false,"inline_featured_image":false},"product_brand":[],"product_cat":[316,315],"product_tag":[383,381,382],"class_list":{"0":"post-46227","1":"product","2":"type-product","3":"status-publish","4":"has-post-thumbnail","6":"product_cat-ablufttrockner","7":"product_cat-trockenschranke","8":"product_tag-dry-box","9":"product_tag-nimo-trockenschrank","10":"product_tag-nimoverken-de","11":"product_shipping_class-trockenschraenke-de","12":"tm-no-options","14":"first","15":"instock","16":"taxable","17":"shipping-taxable","18":"purchasable","19":"product-type-simple"},"acf":[],"jetpack_sharing_enabled":true,"tiered_pricing_type":"fixed","tiered_pricing_fixed_rules":[],"tiered_pricing_product_settings":{"layout":"default","base_unit_name":{"singular":null,"plural":null},"default_variation":null},"tiered_pricing_minimum_quantity":null,"tiered_pricing_roles_data":[],"tiered_pricing_percentage_rules":[],"_links":{"self":[{"href":"https:\/\/www.xaro.nl\/de\/wp-json\/wp\/v2\/product\/46227","targetHints":{"allow":["GET"]}}],"collection":[{"href":"https:\/\/www.xaro.nl\/de\/wp-json\/wp\/v2\/product"}],"about":[{"href":"https:\/\/www.xaro.nl\/de\/wp-json\/wp\/v2\/types\/product"}],"replies":[{"embeddable":true,"href":"https:\/\/www.xaro.nl\/de\/wp-json\/wp\/v2\/comments?post=46227"}],"version-history":[{"count":3,"href":"https:\/\/www.xaro.nl\/de\/wp-json\/wp\/v2\/product\/46227\/revisions"}],"predecessor-version":[{"id":56581,"href":"https:\/\/www.xaro.nl\/de\/wp-json\/wp\/v2\/product\/46227\/revisions\/56581"}],"wp:featuredmedia":[{"embeddable":true,"href":"https:\/\/www.xaro.nl\/de\/wp-json\/wp\/v2\/media\/27184"}],"wp:attachment":[{"href":"https:\/\/www.xaro.nl\/de\/wp-json\/wp\/v2\/media?parent=46227"}],"wp:term":[{"taxonomy":"product_brand","embeddable":true,"href":"https:\/\/www.xaro.nl\/de\/wp-json\/wp\/v2\/product_brand?post=46227"},{"taxonomy":"product_cat","embeddable":true,"href":"https:\/\/www.xaro.nl\/de\/wp-json\/wp\/v2\/product_cat?post=46227"},{"taxonomy":"product_tag","embeddable":true,"href":"https:\/\/www.xaro.nl\/de\/wp-json\/wp\/v2\/product_tag?post=46227"}],"curies":[{"name":"wp","href":"https:\/\/api.w.org\/{rel}","templated":true}]}}