{"id":46222,"date":"2023-03-29T15:57:03","date_gmt":"2023-03-29T13:57:03","guid":{"rendered":"https:\/\/www.xaro.nl\/product\/nimo-trockner-zubehoer-tueraufhaenger\/"},"modified":"2023-03-29T15:57:03","modified_gmt":"2023-03-29T13:57:03","slug":"nimo-trockner-zubehoer-tueraufhaenger","status":"publish","type":"product","link":"https:\/\/www.xaro.nl\/de\/nimo-trockner-zubehoer-tueraufhaenger\/","title":{"rendered":"NIMO Trockner-Zubeh\u00f6r &#8211; T\u00fcraufh\u00e4nger"},"content":{"rendered":"","protected":false},"excerpt":{"rendered":"","protected":false},"featured_media":27147,"comment_status":"open","ping_status":"closed","template":"","meta":{"_acf_changed":false,"inline_featured_image":false},"product_brand":[],"product_cat":[308,307],"product_tag":[383,381,382],"class_list":{"0":"post-46222","1":"product","2":"type-product","3":"status-publish","4":"has-post-thumbnail","6":"product_cat-trockenschrank-zubehoer","7":"product_cat-zubehoer","8":"product_tag-dry-box","9":"product_tag-nimo-trockenschrank","10":"product_tag-nimoverken-de","11":"tm-no-options","13":"first","14":"instock","15":"taxable","16":"shipping-taxable","17":"purchasable","18":"product-type-simple"},"acf":[],"jetpack_sharing_enabled":true,"tiered_pricing_type":"fixed","tiered_pricing_fixed_rules":[],"tiered_pricing_product_settings":{"layout":"default","base_unit_name":{"singular":null,"plural":null},"default_variation":null},"tiered_pricing_minimum_quantity":null,"tiered_pricing_roles_data":[],"tiered_pricing_percentage_rules":[],"_links":{"self":[{"href":"https:\/\/www.xaro.nl\/de\/wp-json\/wp\/v2\/product\/46222","targetHints":{"allow":["GET"]}}],"collection":[{"href":"https:\/\/www.xaro.nl\/de\/wp-json\/wp\/v2\/product"}],"about":[{"href":"https:\/\/www.xaro.nl\/de\/wp-json\/wp\/v2\/types\/product"}],"replies":[{"embeddable":true,"href":"https:\/\/www.xaro.nl\/de\/wp-json\/wp\/v2\/comments?post=46222"}],"version-history":[{"count":0,"href":"https:\/\/www.xaro.nl\/de\/wp-json\/wp\/v2\/product\/46222\/revisions"}],"wp:featuredmedia":[{"embeddable":true,"href":"https:\/\/www.xaro.nl\/de\/wp-json\/wp\/v2\/media\/27147"}],"wp:attachment":[{"href":"https:\/\/www.xaro.nl\/de\/wp-json\/wp\/v2\/media?parent=46222"}],"wp:term":[{"taxonomy":"product_brand","embeddable":true,"href":"https:\/\/www.xaro.nl\/de\/wp-json\/wp\/v2\/product_brand?post=46222"},{"taxonomy":"product_cat","embeddable":true,"href":"https:\/\/www.xaro.nl\/de\/wp-json\/wp\/v2\/product_cat?post=46222"},{"taxonomy":"product_tag","embeddable":true,"href":"https:\/\/www.xaro.nl\/de\/wp-json\/wp\/v2\/product_tag?post=46222"}],"curies":[{"name":"wp","href":"https:\/\/api.w.org\/{rel}","templated":true}]}}