{"id":46219,"date":"2023-03-29T12:03:48","date_gmt":"2023-03-29T10:03:48","guid":{"rendered":"https:\/\/www.xaro.nl\/product\/nimo-waermepumpentrockner-eco-dryer-2-0-hp-schwarz\/"},"modified":"2026-01-07T16:18:46","modified_gmt":"2026-01-07T15:18:46","slug":"nimo-droogkast-warmtepomp-passad-60-zwart","status":"publish","type":"product","link":"https:\/\/www.xaro.nl\/de\/nimo-droogkast-warmtepomp-passad-60-zwart\/","title":{"rendered":"NIMO Trockenschrank W\u00e4rmepumpe &#8211; Passad 60 &#8211; Schwarz"},"content":{"rendered":"<h2 style=\"font-size: 16px; font-weight: 600; font-family: open sans; color: #202b34; text-align: left;\">NIMO W\u00e4rmepumpentrockner Passad 60 &#8211; Schwarz<\/h2>\n<p style=\"font-weight: 400;\">Was im hohen Norden praktisch in jedem Haushalt zu finden ist, ist hier in unserer Region praktisch unbekannt. Der Passad 60 ist die aktualisierte Version des ECO-Trockners 2.0 HP und der <strong>energieeffizienteste Trockner<\/strong> auf dem Markt. Er verbraucht bis zu <strong>65% weniger Energie<\/strong> als herk\u00f6mmliche <strong>Luftauslass-Trockner<\/strong>. Der Trockner nutzt die <strong>W\u00e4rmepumpentechnologie<\/strong> <strong>, um Textilien<\/strong> in einem geschlossenen Raum <strong>zu entfeuchten<\/strong>, so dass Sie den Schrank <strong>nicht<\/strong> an <strong>einen L\u00fcftungsschacht oder Abfluss<\/strong> anschlie\u00dfen <strong>m\u00fcssen<\/strong>.<\/p>\n<p style=\"font-weight: 400;\">Die W\u00e4rmepumpe des Passad 60 Trockners ist eine <strong>platzsparende und effiziente L\u00f6sung<\/strong> zum Trocknen von Kleidung, Schuhen*, Handschuhen* und mehr. Mit einer <strong>Kapazit\u00e4t<\/strong>, die etwa einer <strong>16 Meter langen W\u00e4scheleine<\/strong> entspricht &#8211; oder etwa <strong>11 kg trockener W\u00e4sche<\/strong> &#8211; trocknet er schnell und wirtschaftlich.  Au\u00dferdem besteht <strong>keine Gefahr der Abnutzung<\/strong> von <strong>Textilien<\/strong>, was ein <strong>wesentlicher Vorteil<\/strong> <strong>gegen\u00fcber herk\u00f6mmlichen W\u00e4schetrocknern<\/strong> ist. Der Trockner mit W\u00e4rmepumpentechnologie ist auch in <strong><a href=\"https:\/\/www.xaro.nl\/nimo-droogkast-warmtepomp-passad-60-wit\/\">wei\u00df<\/a><\/strong> . Dieses Modell hat einen etwas g\u00fcnstigeren Preis. <\/p>\n<h2 style=\"font-size: 16px; font-weight: 600; font-family: open sans; color: #202b34; text-align: left;\">Trockene Leistung.<\/h2>\n<table style=\"height: 111px;\" width=\"445\">\n<caption> <\/caption>\n<tbody>\n<tr>\n<th style=\"text-align: left;\">Belastung (Trockenwachs)<\/th>\n<th style=\"text-align: left;\">Trocknungszeit<\/th>\n<th style=\"text-align: left;\">Stromverbrauch<\/th>\n<\/tr>\n<\/tbody>\n<tbody>\n<tr>\n<td>5,5 kg<\/td>\n<td>2 u<\/td>\n<td>1,16 kWh<\/td>\n<\/tr>\n<tr>\n<td>11 kg<\/td>\n<td>4 u<\/td>\n<td>2,31 kWh<\/td>\n<\/tr>\n<\/tbody>\n<\/table>\n<h2 style=\"font-size: 16px; font-weight: 600; font-family: open sans; color: #202b34; text-align: left;\">Wie funktioniert die W\u00e4rmepumpe des Passad 60 Trockners?<\/h2>\n<p>Der Schranktrockner Passad 60 arbeitet mit der neuesten W\u00e4rmepumpentechnologie und ist daher sehr wirtschaftlich im Betrieb. Durch Dutzende von L\u00f6chern in der R\u00fcckwand wird ein trockener Luftstrom gleichm\u00e4\u00dfig im Schrankinneren verteilt, was zu einer gleichm\u00e4\u00dfigen Trocknung der W\u00e4sche f\u00fchrt. Selbst empfindliche Kleidungsst\u00fccke k\u00f6nnen dank der maximalen Innentemperatur von 55\u00b0C sicher getrocknet werden.<\/p>\n<p>Das Wasser wird in einem abnehmbaren 2-Liter-Beh\u00e4lter gesammelt oder kann \u00fcber einen Schlauchanschluss abgelassen werden, um den Raum feuchtigkeitsfrei zu halten. Die integrierte Pumpe erm\u00f6glicht es, das Wasser in h\u00f6her gelegene Abflussrohre zu leiten, die bis zu 1,2 Meter \u00fcber dem Boden liegen. Das Reservoir ist mit einem Schwimmer ausgestattet, der den Betrieb automatisch unterbricht, wenn es voll ist. Der Trocknungsvorgang ist einfach: Auf Knopfdruck w\u00e4hlen Sie zwischen b\u00fcgeltrocken oder schranktrocken. Sie k\u00f6nnen Ihre Einstellungen jederzeit anpassen und das Ger\u00e4t schaltet sich automatisch aus, sobald die W\u00e4sche trocken ist.<\/p>\n<p><strong>Technischer Ansatz<\/strong><\/p>\n<p style=\"font-weight: 400;\">Die neueste Generation der &#8218;Passad 60 Trockner-W\u00e4rmepumpe&#8216; unterscheidet sich von den Vorg\u00e4ngermodellen dadurch, dass sie keine Heizung ben\u00f6tigt, was die Betriebskosten um bis zu 65% senkt! Stattdessen wird nur die Restw\u00e4rme des Kompressors genutzt, um das Innere des Geh\u00e4uses zu heizen. Ein Thermostat \u00fcberwacht die Innentemperatur und wenn diese 55\u00b0C \u00fcberschreitet, wird ein zweiter Ventilator aktiviert, um die Temperatur zu kontrollieren. Mit dieser Technik kann der Energieverbrauch auf nur 0,21 kWh pro kg W\u00e4sche reduziert werden. Der Trockenvorgang dauert etwa 1,5-4 Stunden, je nach Inhalt und Feuchtigkeitsgehalt der W\u00e4sche. <\/p>\n<p style=\"font-weight: 400;\"><strong>Wartung der Trockner-W\u00e4rmepumpentechnologie<\/strong><\/p>\n<p style=\"font-weight: 400;\">Die Wartung des Trockners ist einfach: Der Luftfilter befindet sich unter der Bodenplatte und sollte regelm\u00e4\u00dfig gereinigt werden. Das Ger\u00e4t ist ansonsten wartungsfrei. Die technische Installation des Produkts ist unter der Bodenplatte eingezogen, so dass sie f\u00fcr Reparaturen oder Austausch leicht entfernt werden kann, ohne dass der Schrank bewegt oder transportiert werden muss.<\/p>\n<p style=\"font-weight: 400;\">Mit einem Ger\u00e4uschpegel von nur 52 dB(A) ist der Trockner deutlich leiser als herk\u00f6mmliche W\u00e4schetrockner. Das macht ihn zu einer geeigneten Wahl f\u00fcr den Einsatz in Wohnungen und l\u00e4rmempfindlichen Kellern. Das Innere des Trockners besteht aus drei ausziehbaren Schlitten mit jeweils 11 Rohren, an denen Sie Kleidung oder B\u00fcgel direkt aufh\u00e4ngen k\u00f6nnen. Wenn l\u00e4ngere Kleidungsst\u00fccke auf den B\u00fcgel geh\u00e4ngt werden, k\u00f6nnen die beiden unteren Schieber einfach umgedreht werden, so dass die halbe oder volle Innenh\u00f6he des Schranks genutzt werden kann. Andere Gegenst\u00e4nde wie (Sport-)Schuhe und Stiefel k\u00f6nnen zum Trocknen auf die Bodenplatte gelegt werden.<\/p>\n<h3 style=\"font-size: 16px; font-weight: 600; font-family: open sans; color: #202b34; text-align: left;\">Trocknungsschrank W\u00e4rmepumpe A<\/h3>\n<p>Als Exklusivimporteur der <strong><a href=\"https:\/\/www.nimoverken.com\/en\/about-nimo\/\" target=\"_blank\" rel=\"noopener\">NIMO<\/a><\/strong> sind wir stolz darauf, dass die &#8218;Passad 60 Trocknerw\u00e4rmepumpe&#8216; die Energieeffizienzklasse A erreicht hat. Das macht den Schranktrockner zu einem der energieeffizientesten Ger\u00e4te auf dem Markt. Da zum Trocknen Ihrer Kleidung weniger Energie ben\u00f6tigt wird, leisten Sie auch einen Beitrag zum Umweltschutz. Die Investition in einen Trockner mit dieser Energieeffizienzklasse ist daher eine kluge Entscheidung.<\/p>\n<h3 style=\"font-size: 16px; font-weight: 600; font-family: open sans; color: #202b34; text-align: left;\">Trockenschrank-W\u00e4rmepumpe vs. Kondensation<\/h3>\n<p>Ein Trockner mit Kondensationstechnologie funktioniert anders als ein Trockner mit W\u00e4rmepumpentechnologie. Ein Kondensationstrockner gibt die feuchte warme Luft aus der W\u00e4schetrommel an die Au\u00dfenluft ab. Im Gegensatz zu einem Kondensationstrockner nutzt ein W\u00e4rmepumpentrockner die hei\u00dfe Luft wieder, indem er sie kontinuierlich in den Innenraum zur\u00fcckbl\u00e4st. Dadurch ist ein W\u00e4rmepumpentrockner wesentlich energieeffizienter als ein herk\u00f6mmlicher Trockner und auch besser f\u00fcr die Umwelt.<\/p>\n<p>*Handschuhb\u00fcgel und ein Schuhregal sind bei allen Modellen im Lieferumfang enthalten.<\/p>\n<p><iframe title=\"YouTube-Video-Player\" data-src=\"https:\/\/www.youtube.com\/embed\/rJ9EcVMjjpo?si=OTbuWBHzw0ntx1xL\" width=\"1192\" height=\"511\" frameborder=\"0\" allowfullscreen=\"allowfullscreen\" src=\"data:image\/svg+xml;base64,PHN2ZyB3aWR0aD0iMSIgaGVpZ2h0PSIxIiB4bWxucz0iaHR0cDovL3d3dy53My5vcmcvMjAwMC9zdmciPjwvc3ZnPg==\" data-load-mode=\"1\"><span data-mce-type=\"bookmark\" style=\"display: inline-block; width: 0px; overflow: hidden; line-height: 0;\" class=\"mce_SELRES_start lazyload\"><\/span><\/iframe><\/p>\n<p><iframe title=\"Wir stellen vor: Nimoverken - Nachhaltige Trocknung dank innovativer (W\u00e4rmepumpen-)Technologie\" data-src=\"https:\/\/www.youtube.com\/embed\/AZ_rj4CzyZY\" width=\"1192\" height=\"511\" frameborder=\"0\" allowfullscreen=\"allowfullscreen\" src=\"data:image\/svg+xml;base64,PHN2ZyB3aWR0aD0iMSIgaGVpZ2h0PSIxIiB4bWxucz0iaHR0cDovL3d3dy53My5vcmcvMjAwMC9zdmciPjwvc3ZnPg==\" class=\"lazyload\" data-load-mode=\"1\"><\/iframe><\/p>\n","protected":false},"excerpt":{"rendered":"<p>Der <strong>Passad 60<\/strong> ist die aktualisierte Version des ECO dyrer 2.0 HP und der energieeffizienteste Trockner auf dem Markt, der im Vergleich zu herk\u00f6mmlichen Ablufttrocknern bis zu 65% weniger Energie verbraucht. Durch die Verwendung von R290 als K\u00e4ltemittel ist dieser Trockner um ein Vielfaches umweltfreundlicher als sein Vorg\u00e4nger und hat ein GWP (Global Warming Potential) von 0,02. <\/p>\n<p>Der Trockner nutzt die W\u00e4rmepumpentechnologie, um Textilien in einem geschlossenen Raum zu entfeuchten, so dass Sie den Schrank nicht an einen L\u00fcftungsschacht oder Abfluss anschlie\u00dfen m\u00fcssen. Der Schrank ist in zwei Farben erh\u00e4ltlich:<span style=\"color: #1d242d;\"> <strong><u><a style=\"color: #1d242d;\" href=\"https:\/\/www.xaro.nl\/nimo-droogkast-warmtepomp-passad-60-wit\/\">wei\u00df<\/a><\/u><\/strong><u> <\/u><\/span>oder schwarz*. Entscheiden Sie sich f\u00fcr Langlebigkeit und Qualit\u00e4t, anerkannt von Schwedens f\u00fchrendem Produkttestunternehmen <span style=\"color: #1d242d;\">test.se<\/span>!<\/p>\n<p>*Zurzeit sind keine weiteren Fotos der schwarzen Variante verf\u00fcgbar. Schauen Sie sich daf\u00fcr die wei\u00dfe Variante an, denn au\u00dfer der Farbe gibt es keinen Unterschied zwischen den Modellen.<i class=\"fa fa-check-circle\" style=\"color: green;\" aria-hidden=\"true\"><\/i><\/p>\n","protected":false},"featured_media":56440,"comment_status":"closed","ping_status":"closed","template":"","meta":{"_acf_changed":false,"inline_featured_image":false},"product_brand":[],"product_cat":[315,317],"product_tag":[383,381,382,394],"class_list":{"0":"post-46219","1":"product","2":"type-product","3":"status-publish","4":"has-post-thumbnail","6":"product_cat-trockenschranke","7":"product_cat-warmepumpentrockner","8":"product_tag-dry-box","9":"product_tag-nimo-trockenschrank","10":"product_tag-nimoverken-de","11":"product_tag-warmepumpe","12":"product_shipping_class-trockenschraenke-de","13":"tm-no-options","15":"first","16":"instock","17":"taxable","18":"shipping-taxable","19":"purchasable","20":"product-type-simple"},"acf":[],"jetpack_sharing_enabled":true,"tiered_pricing_type":"fixed","tiered_pricing_fixed_rules":[],"tiered_pricing_product_settings":{"layout":"default","base_unit_name":{"singular":null,"plural":null},"default_variation":null},"tiered_pricing_minimum_quantity":null,"tiered_pricing_roles_data":[],"tiered_pricing_percentage_rules":[],"_links":{"self":[{"href":"https:\/\/www.xaro.nl\/de\/wp-json\/wp\/v2\/product\/46219","targetHints":{"allow":["GET"]}}],"collection":[{"href":"https:\/\/www.xaro.nl\/de\/wp-json\/wp\/v2\/product"}],"about":[{"href":"https:\/\/www.xaro.nl\/de\/wp-json\/wp\/v2\/types\/product"}],"replies":[{"embeddable":true,"href":"https:\/\/www.xaro.nl\/de\/wp-json\/wp\/v2\/comments?post=46219"}],"version-history":[{"count":9,"href":"https:\/\/www.xaro.nl\/de\/wp-json\/wp\/v2\/product\/46219\/revisions"}],"predecessor-version":[{"id":56653,"href":"https:\/\/www.xaro.nl\/de\/wp-json\/wp\/v2\/product\/46219\/revisions\/56653"}],"wp:featuredmedia":[{"embeddable":true,"href":"https:\/\/www.xaro.nl\/de\/wp-json\/wp\/v2\/media\/56440"}],"wp:attachment":[{"href":"https:\/\/www.xaro.nl\/de\/wp-json\/wp\/v2\/media?parent=46219"}],"wp:term":[{"taxonomy":"product_brand","embeddable":true,"href":"https:\/\/www.xaro.nl\/de\/wp-json\/wp\/v2\/product_brand?post=46219"},{"taxonomy":"product_cat","embeddable":true,"href":"https:\/\/www.xaro.nl\/de\/wp-json\/wp\/v2\/product_cat?post=46219"},{"taxonomy":"product_tag","embeddable":true,"href":"https:\/\/www.xaro.nl\/de\/wp-json\/wp\/v2\/product_tag?post=46219"}],"curies":[{"name":"wp","href":"https:\/\/api.w.org\/{rel}","templated":true}]}}