{"id":46212,"date":"2023-03-28T08:57:46","date_gmt":"2023-03-28T06:57:46","guid":{"rendered":"https:\/\/www.xaro.nl\/product\/liebherr-weinklimaschrank-vinothek-66-flaschen-2\/"},"modified":"2023-03-28T08:57:46","modified_gmt":"2023-03-28T06:57:46","slug":"liebherr-weinklimaschrank-vinothek-66-flaschen-2","status":"publish","type":"product","link":"https:\/\/www.xaro.nl\/de\/liebherr-weinklimaschrank-vinothek-66-flaschen-2\/","title":{"rendered":"Liebherr Weinklimaschrank Vinothek &#8211; 66 Flaschen"},"content":{"rendered":"<h5>Liebherr Weinklimaschrank WKr 1811 Vinothek:<\/h5>\n<p>Der Liebherr Weinlagerschrank WKr 1811 mit 1 Fixtemperatur kommt in Mattschwarz mit einer geschlossenen T\u00fcr. Modell Vinothek mit verstellbaren verzinkten Traggittern, digitaler Temperaturanzeige, FreshAir-Filter und L\u00fcftungsk\u00fchlung. Kapazit\u00e4t 66 Flaschen (Bordeaux-Format).<\/p>\n<p>Der angegebene Preis enth\u00e4lt die MwSt., die Lieferung und die Entsorgungsgeb\u00fchr.<\/p>\n","protected":false},"excerpt":{"rendered":"<p>Sehr luxuri\u00f6ser und solider Weinklimaschrank, mit 1 Temperaturzone, f\u00fcr bis zu 66 Flaschen Wein. Luxuri\u00f6ses Stahlgeh\u00e4use mit geschlossener T\u00fcr.<\/p>\n","protected":false},"featured_media":27080,"comment_status":"open","ping_status":"closed","template":"","meta":{"_acf_changed":false,"inline_featured_image":false},"product_brand":[],"product_cat":[333,329],"product_tag":[417],"class_list":{"0":"post-46212","1":"product","2":"type-product","3":"status-publish","4":"has-post-thumbnail","6":"product_cat-weinklimaschranke","7":"product_cat-weinschranke","8":"product_tag-liebherr-de","9":"tm-no-options","11":"first","12":"outofstock","13":"taxable","14":"shipping-taxable","15":"purchasable","16":"product-type-simple"},"acf":[],"jetpack_sharing_enabled":true,"tiered_pricing_type":"fixed","tiered_pricing_fixed_rules":[],"tiered_pricing_product_settings":{"layout":"default","base_unit_name":{"singular":null,"plural":null},"default_variation":null},"tiered_pricing_minimum_quantity":null,"tiered_pricing_roles_data":[],"tiered_pricing_percentage_rules":[],"_links":{"self":[{"href":"https:\/\/www.xaro.nl\/de\/wp-json\/wp\/v2\/product\/46212","targetHints":{"allow":["GET"]}}],"collection":[{"href":"https:\/\/www.xaro.nl\/de\/wp-json\/wp\/v2\/product"}],"about":[{"href":"https:\/\/www.xaro.nl\/de\/wp-json\/wp\/v2\/types\/product"}],"replies":[{"embeddable":true,"href":"https:\/\/www.xaro.nl\/de\/wp-json\/wp\/v2\/comments?post=46212"}],"version-history":[{"count":0,"href":"https:\/\/www.xaro.nl\/de\/wp-json\/wp\/v2\/product\/46212\/revisions"}],"wp:featuredmedia":[{"embeddable":true,"href":"https:\/\/www.xaro.nl\/de\/wp-json\/wp\/v2\/media\/27080"}],"wp:attachment":[{"href":"https:\/\/www.xaro.nl\/de\/wp-json\/wp\/v2\/media?parent=46212"}],"wp:term":[{"taxonomy":"product_brand","embeddable":true,"href":"https:\/\/www.xaro.nl\/de\/wp-json\/wp\/v2\/product_brand?post=46212"},{"taxonomy":"product_cat","embeddable":true,"href":"https:\/\/www.xaro.nl\/de\/wp-json\/wp\/v2\/product_cat?post=46212"},{"taxonomy":"product_tag","embeddable":true,"href":"https:\/\/www.xaro.nl\/de\/wp-json\/wp\/v2\/product_tag?post=46212"}],"curies":[{"name":"wp","href":"https:\/\/api.w.org\/{rel}","templated":true}]}}