{"id":46211,"date":"2023-01-24T11:46:29","date_gmt":"2023-01-24T10:46:29","guid":{"rendered":"https:\/\/www.xaro.nl\/product\/dunavox-weinklimaschrank-flow-17-schwarz-doppelzone-17-flaschen\/"},"modified":"2023-01-24T11:46:29","modified_gmt":"2023-01-24T10:46:29","slug":"dunavox-weinklimaschrank-flow-17-schwarz-doppelzone-17-flaschen","status":"publish","type":"product","link":"https:\/\/www.xaro.nl\/de\/produkt\/dunavox-weinklimaschrank-flow-17-schwarz-doppelzone-17-flaschen\/","title":{"rendered":"Dunavox Weinklimaschrank Flow-17 schwarz (Doppelzone) &#8211; 17 Flaschen"},"content":{"rendered":"<h5><span style=\"color: #1b1919;\">DUNAVOX FLOW-17 \/ <\/span>DAUF-17.58DB<\/h5>\n<p>Der Dunavox Weinklimaschrank Flow-17 ist ein Untertischmodell mit zwei Temperaturzonen und hat ein Fassungsverm\u00f6gen von bis zu 17 Flaschen (0,75 Liter Bordeaux). Mit ihrem eleganten \u00c4u\u00dferen und dem T\u00fcrgriff aus Edelstahl ist die DUNAVOX Flow-17 perfekt f\u00fcr moderne K\u00fcchenumgebungen. Die Flaschen werden auf massiven Holzregalen pr\u00e4sentiert und sind von einem sch\u00f6nen hellblauen (LED) Interieur umgeben.<\/p>\n<p>Bitte beachten Sie, dass dieses Modell als Einbau- \/ Unterbaum\u00f6bel gedacht ist.<\/p>\n","protected":false},"excerpt":{"rendered":"<p>Der Dunavox Weinklimaschrank Flow-17 ist ein Untertischmodell mit zwei Temperaturzonen und hat ein Fassungsverm\u00f6gen von bis zu 17 Flaschen (0,75 Liter Bordeaux).<\/p>\n","protected":false},"featured_media":27054,"comment_status":"closed","ping_status":"closed","template":"","meta":{"_acf_changed":false,"inline_featured_image":false},"product_brand":[],"product_cat":[330,333,329],"product_tag":[411],"class_list":{"0":"post-46211","1":"product","2":"type-product","3":"status-publish","4":"has-post-thumbnail","6":"product_cat-einbauschranke","7":"product_cat-weinklimaschranke","8":"product_cat-weinschranke","9":"product_tag-dunavox-de","10":"tm-no-options","12":"first","13":"instock","14":"taxable","15":"shipping-taxable","16":"purchasable","17":"product-type-simple"},"acf":[],"jetpack_sharing_enabled":true,"tiered_pricing_type":"fixed","tiered_pricing_fixed_rules":[],"tiered_pricing_product_settings":{"layout":"default","base_unit_name":{"singular":null,"plural":null},"default_variation":null},"tiered_pricing_minimum_quantity":null,"tiered_pricing_roles_data":[],"tiered_pricing_percentage_rules":[],"_links":{"self":[{"href":"https:\/\/www.xaro.nl\/de\/wp-json\/wp\/v2\/product\/46211","targetHints":{"allow":["GET"]}}],"collection":[{"href":"https:\/\/www.xaro.nl\/de\/wp-json\/wp\/v2\/product"}],"about":[{"href":"https:\/\/www.xaro.nl\/de\/wp-json\/wp\/v2\/types\/product"}],"replies":[{"embeddable":true,"href":"https:\/\/www.xaro.nl\/de\/wp-json\/wp\/v2\/comments?post=46211"}],"version-history":[{"count":0,"href":"https:\/\/www.xaro.nl\/de\/wp-json\/wp\/v2\/product\/46211\/revisions"}],"wp:featuredmedia":[{"embeddable":true,"href":"https:\/\/www.xaro.nl\/de\/wp-json\/wp\/v2\/media\/27054"}],"wp:attachment":[{"href":"https:\/\/www.xaro.nl\/de\/wp-json\/wp\/v2\/media?parent=46211"}],"wp:term":[{"taxonomy":"product_brand","embeddable":true,"href":"https:\/\/www.xaro.nl\/de\/wp-json\/wp\/v2\/product_brand?post=46211"},{"taxonomy":"product_cat","embeddable":true,"href":"https:\/\/www.xaro.nl\/de\/wp-json\/wp\/v2\/product_cat?post=46211"},{"taxonomy":"product_tag","embeddable":true,"href":"https:\/\/www.xaro.nl\/de\/wp-json\/wp\/v2\/product_tag?post=46211"}],"curies":[{"name":"wp","href":"https:\/\/api.w.org\/{rel}","templated":true}]}}