{"id":46207,"date":"2023-01-17T10:11:20","date_gmt":"2023-01-17T09:11:20","guid":{"rendered":"https:\/\/www.xaro.nl\/product\/dometic-weinschublade-db5b-schwarze-glastuer-einzelzone-5-flaschen\/"},"modified":"2023-01-17T10:11:20","modified_gmt":"2023-01-17T09:11:20","slug":"dometic-weinschublade-db5b-schwarze-glastuer-einzelzone-5-flaschen","status":"publish","type":"product","link":"https:\/\/www.xaro.nl\/de\/produkt\/dometic-weinschublade-db5b-schwarze-glastuer-einzelzone-5-flaschen\/","title":{"rendered":"Dometic Weinschublade DB5B &#8211; schwarze Glast\u00fcr (Einzelzone) &#8211; 5 Flaschen"},"content":{"rendered":"<h2 style=\"font-size: 16px; font-weight: 600; font-family: open sans; color: #202b34; text-align: left;\">Dometic Zugdeichsel 5B \/ DB5B<\/h2>\n<p>Machen Sie Ihre K\u00fcche noch sch\u00f6ner mit der Dometic Schubladenleiste: der perfekte Abschluss. Die Weinschublade f\u00fcgt sich nahtlos in jede K\u00fcche ein. Sie k\u00fchlt bis zu f\u00fcnf Flaschen Wein oder Champagner und sorgt daf\u00fcr, dass diese immer mit der idealen Temperatur serviert werden k\u00f6nnen. Die subtile Innenbeleuchtung der Weinschublade ist angenehm f\u00fcr das Auge und verleiht ihr ein luxuri\u00f6ses Aussehen.<\/p>\n<h2 style=\"font-size: 16px; font-weight: 600; font-family: open sans; color: #202b34; text-align: left;\">Eigenschaften<\/h2>\n<div class=\"ax ay az b0 ir ec ed\">\n<div class=\"y iw o am an ix al ah iy ml d1\">\n<div class=\"d6 j0 d8 j1 gm hk\">\n<div class=\"ab iq hw j2\">\n<ul>\n<li class=\"be g o aw\">Geeignet zum K\u00fchlen von f\u00fcnf Flaschen beliebiger L\u00e4nge und mit einem Durchmesser von bis zu 96 mm, einschlie\u00dflich Riesling und Champagner.<\/li>\n<\/ul>\n<\/div>\n<div class=\"ab iq hw j2\">\n<ul>\n<li class=\"be g o aw\">W\u00e4hlen Sie eine der f\u00fcnf vorgeschlagenen Temperatureinstellungen, die am besten zu dem Wein passt, den Sie k\u00fchlen m\u00f6chten: 5, 8, 11, 14 oder 17\u00b0C.<\/li>\n<\/ul>\n<\/div>\n<div class=\"ab iq hw j2\">\n<ul>\n<li class=\"be g o aw\">Die dezente Beleuchtung setzt Ihre Weinflaschen elegant in Szene und verleiht ihnen einen Hauch von Luxus.<\/li>\n<\/ul>\n<\/div>\n<div class=\"ab iq hw j2\">\n<ul>\n<li class=\"be g o aw\">Leistungsstarker und effizienter Kompressor.<\/li>\n<\/ul>\n<\/div>\n<div class=\"ab iq hw j2\">\n<ul>\n<li class=\"be g o aw\">Luftfeuchtigkeitsschublade f\u00fcr eine bessere K\u00fchlumgebung.<\/li>\n<\/ul>\n<\/div>\n<div class=\"ab iq hw j2\">\n<ul>\n<li class=\"be g o aw\">Dank seiner schwarzen Glast\u00fcr passt er perfekt zum Rest Ihrer K\u00fcche.<\/li>\n<\/ul>\n<\/div>\n<\/div>\n<\/div>\n<\/div>\n<h3 style=\"font-size: 14px; font-weight: 600; font-family: open sans; color: #202b34; text-align: left;\">Ein k\u00f6stlicher Abend in Ihrer eigenen K\u00fcche<\/h3>\n<p>M\u00f6chten Sie das Erlebnis eines k\u00f6stlichen Abends in Ihrer eigenen K\u00fcche nachempfinden? Dann m\u00fcssen nat\u00fcrlich auch alle Details stimmen. Wie das Entkorken und Servieren eines guten Weins mit der idealen Temperatur zur richtigen Zeit. Die Dometic DrawBar f\u00fcgt sich elegant in Ihre K\u00fcche ein und verleiht Ihrem Zuhause einen einzigartigen Schliff. Es ist ein verf\u00fchrerisches Detail, das niemandem entgeht, das jedem Glas Wein eine zus\u00e4tzliche Dimension verleiht und Ihren Abend unvergesslich macht.<\/p>\n<h3 style=\"font-size: 14px; font-weight: 600; font-family: open sans; color: #202b34; text-align: left;\">Sommelier zu Hause<\/h3>\n<p>Mit der Dometic DrawBar brauchen Sie keinen eigenen Weinkeller, um ein perfektes Glas Wein zu genie\u00dfen. Die Weinschublade bietet Platz f\u00fcr f\u00fcnf Flaschen, einschlie\u00dflich Champagner, so dass Sie Ihren Lieblingswein immer in Reichweite haben.<\/p>\n<h3 style=\"font-size: 14px; font-weight: 600; font-family: open sans; color: #202b34; text-align: left;\">Ihr Wein ist in guten H\u00e4nden<\/h3>\n<p>Die Dometic DrawBar mit Kompressork\u00fchlung und eingebauter Feuchtigkeitsschublade ist die ideale kontrollierte Umgebung zum K\u00fchlen von Wein, so dass Sie jederzeit eine Flasche servieren k\u00f6nnen. Dometic ist der Pionier der K\u00e4ltetechnik. Sie k\u00f6nnen sich also darauf verlassen, dass sie eine zuverl\u00e4ssige und professionelle Leistung erbringen.<\/p>\n<h3 style=\"font-size: 14px; font-weight: 600; font-family: open sans; color: #202b34; text-align: left;\">Passt in jede K\u00fcche<\/h3>\n<p>Die Dometic DrawBar funktioniert wie ein vollwertiger Weink\u00fchler, aber in einem eleganten, kompakten Format. Er passt in jeden K\u00fcchenschrank mit einem Platz von 60 cm oder mehr. Sie haben die Wahl zwischen Glas- oder <a href=\"https:\/\/www.xaro.nl\/dometic-wijnlade-db5s-eigen-keukenpanelen-enkele-zone-5-flessen\/\">individuell gestalteten Fronten<\/a>, die gut zum Rest Ihrer K\u00fcchenschr\u00e4nke und Ger\u00e4te passen. Die sanfte Innenbeleuchtung stellt nicht nur Ihre Flaschen elegant aus, sondern verst\u00e4rkt auch das Gef\u00fchl von Luxus, wenn Sie die Schublade \u00f6ffnen.<\/p>\n<h3 style=\"font-size: 14px; font-weight: 600; font-family: open sans; color: #202b34; text-align: left;\">Setzen Sie die Aromen frei<\/h3>\n<p>Bringen Sie die komplexen Aromen des Weins zur Geltung, indem Sie ihn bei der optimalen Temperatur servieren. Die Dometic DrawBar bewahrt Ihre Flaschen mit einer von f\u00fcnf voreingestellten Temperaturen (zwischen 5\u00b0C und 17\u00b0C) auf, die f\u00fcr verschiedene Weinsorten geeignet sind, von vollmundigen Rotweinen bis hin zu frischen Schaumweinen.<\/p>\n","protected":false},"excerpt":{"rendered":"<p>Machen Sie Ihre K\u00fcche noch sch\u00f6ner mit der Dometic Schubladenleiste: der perfekte Abschluss. Die Weinschublade f\u00fcgt sich nahtlos in jede K\u00fcche ein. Sie k\u00fchlt bis zu f\u00fcnf Flaschen Wein oder Champagner und sorgt daf\u00fcr, dass diese immer mit der idealen Temperatur serviert werden k\u00f6nnen.<\/p>\n","protected":false},"featured_media":27035,"comment_status":"closed","ping_status":"closed","template":"","meta":{"_acf_changed":false,"inline_featured_image":false},"product_brand":[],"product_cat":[330,333,324,329,331],"product_tag":[415,416],"class_list":{"0":"post-46207","1":"product","2":"type-product","3":"status-publish","4":"has-post-thumbnail","6":"product_cat-einbauschranke","7":"product_cat-weinklimaschranke","8":"product_cat-weinkuhlschranke","9":"product_cat-weinschranke","10":"product_cat-weinschubladen","11":"product_tag-dometic-de","12":"product_tag-drawbar-de","13":"tm-no-options","15":"first","16":"instock","17":"taxable","18":"shipping-taxable","19":"purchasable","20":"product-type-simple"},"acf":[],"jetpack_sharing_enabled":true,"tiered_pricing_type":"fixed","tiered_pricing_fixed_rules":[],"tiered_pricing_product_settings":{"layout":"default","base_unit_name":{"singular":null,"plural":null},"default_variation":null},"tiered_pricing_minimum_quantity":null,"tiered_pricing_roles_data":[],"tiered_pricing_percentage_rules":[],"_links":{"self":[{"href":"https:\/\/www.xaro.nl\/de\/wp-json\/wp\/v2\/product\/46207","targetHints":{"allow":["GET"]}}],"collection":[{"href":"https:\/\/www.xaro.nl\/de\/wp-json\/wp\/v2\/product"}],"about":[{"href":"https:\/\/www.xaro.nl\/de\/wp-json\/wp\/v2\/types\/product"}],"replies":[{"embeddable":true,"href":"https:\/\/www.xaro.nl\/de\/wp-json\/wp\/v2\/comments?post=46207"}],"version-history":[{"count":0,"href":"https:\/\/www.xaro.nl\/de\/wp-json\/wp\/v2\/product\/46207\/revisions"}],"wp:featuredmedia":[{"embeddable":true,"href":"https:\/\/www.xaro.nl\/de\/wp-json\/wp\/v2\/media\/27035"}],"wp:attachment":[{"href":"https:\/\/www.xaro.nl\/de\/wp-json\/wp\/v2\/media?parent=46207"}],"wp:term":[{"taxonomy":"product_brand","embeddable":true,"href":"https:\/\/www.xaro.nl\/de\/wp-json\/wp\/v2\/product_brand?post=46207"},{"taxonomy":"product_cat","embeddable":true,"href":"https:\/\/www.xaro.nl\/de\/wp-json\/wp\/v2\/product_cat?post=46207"},{"taxonomy":"product_tag","embeddable":true,"href":"https:\/\/www.xaro.nl\/de\/wp-json\/wp\/v2\/product_tag?post=46207"}],"curies":[{"name":"wp","href":"https:\/\/api.w.org\/{rel}","templated":true}]}}