{"id":46203,"date":"2022-12-13T15:43:26","date_gmt":"2022-12-13T14:43:26","guid":{"rendered":"https:\/\/www.xaro.nl\/product\/atelier-du-vin-korkenzieher-set-bilame-nomad-braun\/"},"modified":"2022-12-13T15:43:26","modified_gmt":"2022-12-13T14:43:26","slug":"atelier-du-vin-korkenzieher-set-bilame-nomad-braun","status":"publish","type":"product","link":"https:\/\/www.xaro.nl\/de\/atelier-du-vin-korkenzieher-set-bilame-nomad-braun\/","title":{"rendered":"Atelier du Vin Korkenzieher-Set &#8211; Bilame\u00ae Nomad &#8211; Braun"},"content":{"rendered":"<h5><strong>l&#8217;Atelier du Vin &#8211; Bilame\u00ae Nomad<\/strong><\/h5>\n<p>Das Korkenzieherset &#8218;Bilame Nomad&#8216; von Atelier du Vin ist ein doppelschneidiger Korkenzieher, der seit 1949 (Patentdatum) ein historischer Bestandteil des Sortiments von l&#8217;Atelier du Vin ist. Der Korkenzieher mit zwei Klingen zieht m\u00fchelos die \u00e4ltesten und zerbrechlichsten Korken heraus und h\u00e4lt sie intakt. Der Korken wird nicht durchstochen und br\u00f6ckelt nicht. Handgefertigt in Italien.<\/p>\n<p><iframe title=\"YouTube-Video-Player\" data-src=\"https:\/\/www.youtube.com\/embed\/2rwXMVnv-Pg\" width=\"560\" height=\"315\" frameborder=\"0\" allowfullscreen=\"allowfullscreen\" src=\"data:image\/svg+xml;base64,PHN2ZyB3aWR0aD0iMSIgaGVpZ2h0PSIxIiB4bWxucz0iaHR0cDovL3d3dy53My5vcmcvMjAwMC9zdmciPjwvc3ZnPg==\" class=\"lazyload\" data-load-mode=\"1\"><\/iframe><\/p>\n<p><strong>Der Reisebegleiter f\u00fcr Weinliebhaber<\/strong><\/p>\n<p>Ob im Gep\u00e4ck, zu <span class=\"Y2IQFc\" lang=\"nl\">Hause, f\u00fcr andere oder f\u00fcr sich selbst, das Korkenzieher-Set von l&#8217;Atelier du Vin verspricht mindestens eine Reise, bei der Funktion auf \u00c4sthetik trifft. <\/span>Verschenken Sie es an den gr\u00f6\u00dften Weinliebhaber, den Sie kennen.<\/p>\n<p><strong>Einzigartige Exemplare; handgefertigt<\/strong><\/p>\n<p>Die Au\u00dfenseite jedes Einbands ist aus rohem &#8218;Fawn&#8216;-Leder gefertigt, einer rauen Farbe. Das Leder wird n<span class=\"Y2IQFc\" lang=\"nl\">im Laufe der Zeit und beim Wandern eine Patina. Die Innenseite jedes Umschlags besteht aus  <\/span><span class=\"Y2IQFc\" lang=\"nl\">widerstandsf\u00e4higes und farbiges technisches Leder.<\/span><\/p>\n<p><strong>Ma\u00dfe<\/strong><br \/>\nOffener \u00c4rmel: L\u00e4nge 27cm, Breite 16cm<br \/>\nGeschlossener \u00c4rmel : L\u00e4nge 16cm, Breite 9,5cm, H\u00f6he 5cm<\/p>\n<p>Produkt : L\u00e4nge 10cm, Breite 8cm, H\u00f6he 1cm<\/p>\n","protected":false},"excerpt":{"rendered":"<p>Das Korkenzieherset &#8218;Bilame Nomad&#8216; von Atelier du Vin ist ein doppelschneidiger Korkenzieher, der seit 1949 (Patentdatum) ein historischer Bestandteil des Sortiments von l&#8217;Atelier du Vin ist. Der Korkenzieher mit zwei Klingen zieht m\u00fchelos die \u00e4ltesten und zerbrechlichsten Korken heraus und h\u00e4lt sie intakt.<\/p>\n","protected":false},"featured_media":26883,"comment_status":"closed","ping_status":"closed","template":"","meta":{"_acf_changed":false,"inline_featured_image":false},"product_brand":[],"product_cat":[311,310,307],"product_tag":[412],"class_list":{"0":"post-46203","1":"product","2":"type-product","3":"status-publish","4":"has-post-thumbnail","6":"product_cat-korkenzieher","7":"product_cat-weinzubehor","8":"product_cat-zubehoer","9":"product_tag-atelier-du-vin-de","10":"tm-no-options","12":"first","13":"instock","14":"taxable","15":"shipping-taxable","16":"purchasable","17":"product-type-simple"},"acf":[],"jetpack_sharing_enabled":true,"tiered_pricing_type":"fixed","tiered_pricing_fixed_rules":[],"tiered_pricing_product_settings":{"layout":"default","base_unit_name":{"singular":null,"plural":null},"default_variation":null},"tiered_pricing_minimum_quantity":null,"tiered_pricing_roles_data":[],"tiered_pricing_percentage_rules":[],"_links":{"self":[{"href":"https:\/\/www.xaro.nl\/de\/wp-json\/wp\/v2\/product\/46203","targetHints":{"allow":["GET"]}}],"collection":[{"href":"https:\/\/www.xaro.nl\/de\/wp-json\/wp\/v2\/product"}],"about":[{"href":"https:\/\/www.xaro.nl\/de\/wp-json\/wp\/v2\/types\/product"}],"replies":[{"embeddable":true,"href":"https:\/\/www.xaro.nl\/de\/wp-json\/wp\/v2\/comments?post=46203"}],"version-history":[{"count":0,"href":"https:\/\/www.xaro.nl\/de\/wp-json\/wp\/v2\/product\/46203\/revisions"}],"wp:featuredmedia":[{"embeddable":true,"href":"https:\/\/www.xaro.nl\/de\/wp-json\/wp\/v2\/media\/26883"}],"wp:attachment":[{"href":"https:\/\/www.xaro.nl\/de\/wp-json\/wp\/v2\/media?parent=46203"}],"wp:term":[{"taxonomy":"product_brand","embeddable":true,"href":"https:\/\/www.xaro.nl\/de\/wp-json\/wp\/v2\/product_brand?post=46203"},{"taxonomy":"product_cat","embeddable":true,"href":"https:\/\/www.xaro.nl\/de\/wp-json\/wp\/v2\/product_cat?post=46203"},{"taxonomy":"product_tag","embeddable":true,"href":"https:\/\/www.xaro.nl\/de\/wp-json\/wp\/v2\/product_tag?post=46203"}],"curies":[{"name":"wp","href":"https:\/\/api.w.org\/{rel}","templated":true}]}}