{"id":46200,"date":"2022-12-13T12:36:15","date_gmt":"2022-12-13T11:36:15","guid":{"rendered":"https:\/\/www.xaro.nl\/product\/atelier-du-vin-weinzubehoerset-oeno-collection-nomad-rot\/"},"modified":"2022-12-13T12:36:15","modified_gmt":"2022-12-13T11:36:15","slug":"atelier-du-vin-weinzubehoerset-oeno-collection-nomad-rot","status":"publish","type":"product","link":"https:\/\/www.xaro.nl\/de\/atelier-du-vin-weinzubehoerset-oeno-collection-nomad-rot\/","title":{"rendered":"Atelier du Vin Weinzubeh\u00f6rset &#8211; Oeno Collection\u00ae Nomad &#8211; Rot"},"content":{"rendered":"<h5><strong>l&#8217;Atelier du Vin &#8211; Oeno Kollektion\u00ae Nomad<\/strong><\/h5>\n<p>Das Weinzubeh\u00f6rset &#8218;Oeno Collection Nomad&#8216; von Atelier du Vin besteht aus dem Korkenzieher <em>Gar\u00e7on!<\/em> aus verchromtem Metall, dem Korkenzieher <em>Bilame<\/em> aus verchromtem Metall, einem <em>Folienschneider<\/em>, einem <em>Ausgie\u00dfer<\/em>, einem <em>Weinkorken<\/em> und einem <em>Sekt\u00f6ffner<\/em>. Handgefertigt in Italien.<\/p>\n<p><strong>Der Reisebegleiter f\u00fcr Weinliebhaber<\/strong><\/p>\n<p>Im Gep\u00e4ck, zu <span class=\"Y2IQFc\" lang=\"nl\">Hause, f\u00fcr andere oder f\u00fcr sich selbst &#8211; das l&#8217;Atelier du Vin Toolkit verspricht eine Reise, bei der in jedem Fall Funktion auf \u00c4sthetik trifft. <\/span>Das reisefreundliche &#8218;Nomad&#8216; Kit von l&#8217;Atelier du Vin enth\u00e4lt so ziemlich alles, was Sie brauchen, um ein Glas Wein au\u00dferhalb der Stadt zu genie\u00dfen &#8211; Sie m\u00fcssen nur noch eine Flasche ausw\u00e4hlen. Schenken Sie dem gr\u00f6\u00dften \u00d6nophilen in Ihrem Leben.<\/p>\n<p><strong>In jedem Nomad der Oeno Collection\u00ae steckt Leidenschaft.<\/strong><\/p>\n<p>Eine Leidenschaft f\u00fcr das Sch\u00f6ne und das N\u00fctzliche. Eine Leidenschaft f\u00fcr gute Arbeit. Eine Leidenschaft f\u00fcr Wein und Champagner zu erleben oder anzubieten. Eine Leidenschaft f\u00fcr gemeinsame Momente der Freude.<\/p>\n<p><strong>Einzigartige Exemplare; handgefertigt<\/strong><\/p>\n<p>Die Au\u00dfenseite jedes Einbands ist aus rohem &#8218;Fawn&#8216;-Leder gefertigt, einer rauen Farbe. Das Leder wird n<span class=\"Y2IQFc\" lang=\"nl\">im Laufe der Zeit und beim Wandern eine Patina. Die Innenseite jedes Umschlags besteht aus  <\/span><span class=\"Y2IQFc\" lang=\"nl\">widerstandsf\u00e4higes und farbiges technisches Leder.<\/span><\/p>\n<p><strong>Ma\u00dfe<\/strong><br \/>\nGar\u00e7on! Korkenzieher : L\u00e4nge 11cm, Breite 2cm, H\u00f6he 2cm<br \/>\nBilame Korkenzieher : L\u00e4nge 10cm, Breite 8cm, H\u00f6he 1cm<br \/>\nFolienschneider : L\u00e4nge 8cm, Breite 5cm, H\u00f6he 0.07cm<br \/>\nAusgie\u00dfer : L\u00e4nge 9cm, Breite 3cm, H\u00f6he 1,5cm<br \/>\nWeinkorken Modell 54 : L\u00e4nge 6cm, Breite 4cm, H\u00f6he 3,5cm<br \/>\nChampagner\u00f6ffner : L\u00e4nge 11,5cm, Breite 3,5cm, H\u00f6he 2cm<\/p>\n<p>Offener Deckel: L\u00e4nge 60cm, Breite 24cm<br \/>\nGeschlossener Deckel : L\u00e4nge 24cm, Breite 12cm, H\u00f6he 8cm<\/p>\n","protected":false},"excerpt":{"rendered":"<p>Das Weinzubeh\u00f6rset &#8218;Oeno Collection Nomad&#8216; von Atelier du Vin besteht aus dem Korkenzieher Gar\u00e7on! aus verchromtem Metall, dem Korkenzieher Bilame aus verchromtem Metall, einem Folienschneider, einem Ausgie\u00dfer, einem Weinverschluss und einem Champagner\u00f6ffner. Handgefertigt in Italien.<\/p>\n","protected":false},"featured_media":26852,"comment_status":"closed","ping_status":"closed","template":"","meta":{"_acf_changed":false,"inline_featured_image":false},"product_brand":[],"product_cat":[311,310,307],"product_tag":[412],"class_list":{"0":"post-46200","1":"product","2":"type-product","3":"status-publish","4":"has-post-thumbnail","6":"product_cat-korkenzieher","7":"product_cat-weinzubehor","8":"product_cat-zubehoer","9":"product_tag-atelier-du-vin-de","10":"tm-no-options","12":"first","13":"instock","14":"taxable","15":"shipping-taxable","16":"purchasable","17":"product-type-simple"},"acf":[],"jetpack_sharing_enabled":true,"tiered_pricing_type":"fixed","tiered_pricing_fixed_rules":[],"tiered_pricing_product_settings":{"layout":"default","base_unit_name":{"singular":null,"plural":null},"default_variation":null},"tiered_pricing_minimum_quantity":null,"tiered_pricing_roles_data":[],"tiered_pricing_percentage_rules":[],"_links":{"self":[{"href":"https:\/\/www.xaro.nl\/de\/wp-json\/wp\/v2\/product\/46200","targetHints":{"allow":["GET"]}}],"collection":[{"href":"https:\/\/www.xaro.nl\/de\/wp-json\/wp\/v2\/product"}],"about":[{"href":"https:\/\/www.xaro.nl\/de\/wp-json\/wp\/v2\/types\/product"}],"replies":[{"embeddable":true,"href":"https:\/\/www.xaro.nl\/de\/wp-json\/wp\/v2\/comments?post=46200"}],"version-history":[{"count":0,"href":"https:\/\/www.xaro.nl\/de\/wp-json\/wp\/v2\/product\/46200\/revisions"}],"wp:featuredmedia":[{"embeddable":true,"href":"https:\/\/www.xaro.nl\/de\/wp-json\/wp\/v2\/media\/26852"}],"wp:attachment":[{"href":"https:\/\/www.xaro.nl\/de\/wp-json\/wp\/v2\/media?parent=46200"}],"wp:term":[{"taxonomy":"product_brand","embeddable":true,"href":"https:\/\/www.xaro.nl\/de\/wp-json\/wp\/v2\/product_brand?post=46200"},{"taxonomy":"product_cat","embeddable":true,"href":"https:\/\/www.xaro.nl\/de\/wp-json\/wp\/v2\/product_cat?post=46200"},{"taxonomy":"product_tag","embeddable":true,"href":"https:\/\/www.xaro.nl\/de\/wp-json\/wp\/v2\/product_tag?post=46200"}],"curies":[{"name":"wp","href":"https:\/\/api.w.org\/{rel}","templated":true}]}}