{"id":46197,"date":"2022-12-08T15:11:37","date_gmt":"2022-12-08T14:11:37","guid":{"rendered":"https:\/\/www.xaro.nl\/product\/atelier-du-vin-hebelkorkenzieher-set-oeno-motion-nomad-marineblau\/"},"modified":"2022-12-08T15:11:37","modified_gmt":"2022-12-08T14:11:37","slug":"atelier-du-vin-hebelkorkenzieher-set-oeno-motion-nomad-marineblau","status":"publish","type":"product","link":"https:\/\/www.xaro.nl\/de\/atelier-du-vin-hebelkorkenzieher-set-oeno-motion-nomad-marineblau\/","title":{"rendered":"Atelier du Vin Hebelkorkenzieher-Set &#8211; Oeno Motion\u00ae Nomad &#8211; Marineblau"},"content":{"rendered":"<h5><strong>l&#8217;Atelier du Vin &#8211; Oeno Motion\u00ae Nomad<\/strong><\/h5>\n<p>Der Hebelkorkenzieher von Atelier du Vin sorgt f\u00fcr ein einfaches, sicheres und schnelles Entkorken von Weinflaschen. Hergestellt aus verchromtem Metall und massivem Nussbaumholz. Passt auf die meisten g\u00e4ngigen Flaschenh\u00e4lse. Handgefertigt in Italien.<\/p>\n<p><strong>Einzigartige Exemplare; handgefertigt<\/strong><\/p>\n<p>Die Au\u00dfenseite jedes Einbands ist aus rohem &#8218;Fawn&#8216;-Leder gefertigt, einer rauen Farbe. Das Leder wird n<span class=\"Y2IQFc\" lang=\"nl\">im Laufe der Zeit und beim Wandern eine Patina. Die Innenseite jedes Umschlags besteht aus  <\/span><span class=\"Y2IQFc\" lang=\"nl\">widerstandsf\u00e4higes und farbiges technisches Leder.<\/span><\/p>\n<p><strong>Der Reisebegleiter f\u00fcr Weinliebhaber<\/strong><\/p>\n<p>Ob im Gep\u00e4ck, zu <span class=\"Y2IQFc\" lang=\"nl\">Hause, f\u00fcr andere oder f\u00fcr sich selbst, das l&#8217;Atelier du Vin Toolkit verspricht in jedem Fall eine Reise, bei der Funktion auf \u00c4sthetik trifft.<\/span><\/p>\n<p><strong>Ma\u00dfe<\/strong><br \/>\nOffener Deckel : L\u00e4nge 46cm, Breite 20cm<br \/>\nGeschlossener \u00c4rmel : L\u00e4nge 20cm, Breite 15.5cm, H\u00f6he 5.5cm<br \/>\nProdukt : L\u00e4nge 15,5cm, Breite 11cm, H\u00f6he 3cm<\/p>\n","protected":false},"excerpt":{"rendered":"<p>Der Hebelkorkenzieher von Atelier du Vin sorgt f\u00fcr ein einfaches, sicheres und schnelles Entkorken von Weinflaschen. Hergestellt aus verchromtem Metall und massivem Nussbaumholz. Passt auf die meisten g\u00e4ngigen Flaschenh\u00e4lse. Handgefertigt in Italien.<\/p>\n","protected":false},"featured_media":26822,"comment_status":"closed","ping_status":"closed","template":"","meta":{"_acf_changed":false,"inline_featured_image":false},"product_brand":[],"product_cat":[311,310,307],"product_tag":[412],"class_list":{"0":"post-46197","1":"product","2":"type-product","3":"status-publish","4":"has-post-thumbnail","6":"product_cat-korkenzieher","7":"product_cat-weinzubehor","8":"product_cat-zubehoer","9":"product_tag-atelier-du-vin-de","10":"tm-no-options","12":"first","13":"instock","14":"taxable","15":"shipping-taxable","16":"purchasable","17":"product-type-simple"},"acf":[],"jetpack_sharing_enabled":true,"tiered_pricing_type":"fixed","tiered_pricing_fixed_rules":[],"tiered_pricing_product_settings":{"layout":"default","base_unit_name":{"singular":null,"plural":null},"default_variation":null},"tiered_pricing_minimum_quantity":null,"tiered_pricing_roles_data":[],"tiered_pricing_percentage_rules":[],"_links":{"self":[{"href":"https:\/\/www.xaro.nl\/de\/wp-json\/wp\/v2\/product\/46197","targetHints":{"allow":["GET"]}}],"collection":[{"href":"https:\/\/www.xaro.nl\/de\/wp-json\/wp\/v2\/product"}],"about":[{"href":"https:\/\/www.xaro.nl\/de\/wp-json\/wp\/v2\/types\/product"}],"replies":[{"embeddable":true,"href":"https:\/\/www.xaro.nl\/de\/wp-json\/wp\/v2\/comments?post=46197"}],"version-history":[{"count":0,"href":"https:\/\/www.xaro.nl\/de\/wp-json\/wp\/v2\/product\/46197\/revisions"}],"wp:featuredmedia":[{"embeddable":true,"href":"https:\/\/www.xaro.nl\/de\/wp-json\/wp\/v2\/media\/26822"}],"wp:attachment":[{"href":"https:\/\/www.xaro.nl\/de\/wp-json\/wp\/v2\/media?parent=46197"}],"wp:term":[{"taxonomy":"product_brand","embeddable":true,"href":"https:\/\/www.xaro.nl\/de\/wp-json\/wp\/v2\/product_brand?post=46197"},{"taxonomy":"product_cat","embeddable":true,"href":"https:\/\/www.xaro.nl\/de\/wp-json\/wp\/v2\/product_cat?post=46197"},{"taxonomy":"product_tag","embeddable":true,"href":"https:\/\/www.xaro.nl\/de\/wp-json\/wp\/v2\/product_tag?post=46197"}],"curies":[{"name":"wp","href":"https:\/\/api.w.org\/{rel}","templated":true}]}}