{"id":46193,"date":"2022-12-08T09:48:24","date_gmt":"2022-12-08T08:48:24","guid":{"rendered":"https:\/\/www.xaro.nl\/product\/dunavox-champagnerkuehler-flow-40-aus-edelstahl-einzelzone-40-flaschen\/"},"modified":"2022-12-08T09:48:24","modified_gmt":"2022-12-08T08:48:24","slug":"dunavox-champagnerkuehler-flow-40-aus-edelstahl-einzelzone-40-flaschen","status":"publish","type":"product","link":"https:\/\/www.xaro.nl\/de\/dunavox-champagnerkuehler-flow-40-aus-edelstahl-einzelzone-40-flaschen\/","title":{"rendered":"Dunavox Champagnerk\u00fchler Flow-40 aus Edelstahl (Einzelzone) &#8211; 40 Flaschen"},"content":{"rendered":"<h5><span style=\"color: #1b1919;\">DUNAVOX Durchfluss-40 \/ DAUF-40.138B<br \/>\n<\/span><\/h5>\n<p>Der Dunavox Flow-40 ist ein Untertischmodell mit einer Temperaturzone und h\u00e4lt Ihre Lieblingsflasche Champagner oder Prosecco k\u00fchl und erfrischend. Mit einem eleganten \u00c4u\u00dferen und einem T\u00fcrgriff aus Edelstahl ist die DUNAVOX Flow-40 perfekt f\u00fcr moderne K\u00fcchen geeignet. Ihre Flaschen werden auf patentierten Regalen in einem atemberaubend hellen Wei\u00df, Orange und Blau pr\u00e4sentiert.<\/p>\n<p>Beachten Sie, dass dieses Modell als Einbaumodell unter einer K\u00fcchenarbeitsplatte vorgesehen ist.<\/p>\n<p><strong>360\u00b0 Video Vorschau<\/strong><\/p>\n<div style=\"width: 400px;\" class=\"wp-video\"><video class=\"wp-video-shortcode\" id=\"video-46193-1\" width=\"400\" height=\"300\" preload=\"metadata\" controls=\"controls\"><source type=\"video\/mp4\" src=\"https:\/\/www.xaro.nl\/wp-content\/uploads\/2022\/12\/DAUF-40.138B-360-video.mp4?_=1\" \/><a href=\"https:\/\/www.xaro.nl\/wp-content\/uploads\/2022\/12\/DAUF-40.138B-360-video.mp4\">https:\/\/www.xaro.nl\/wp-content\/uploads\/2022\/12\/DAUF-40.138B-360-video.mp4<\/a><\/video><\/div>\n","protected":false},"excerpt":{"rendered":"<p>Der Dunavox Flow-40 ist ein Untertischmodell mit einer Temperaturzone und h\u00e4lt Ihre Lieblingsflasche Champagner oder Prosecco k\u00fchl und erfrischend. Mit einem eleganten \u00c4u\u00dferen und einem T\u00fcrgriff aus Edelstahl ist die DUNAVOX Flow-40 perfekt f\u00fcr moderne K\u00fcchen geeignet.<\/p>\n","protected":false},"featured_media":26817,"comment_status":"closed","ping_status":"closed","template":"","meta":{"_acf_changed":false,"inline_featured_image":false},"product_brand":[],"product_cat":[319,330,333,324,329],"product_tag":[411],"class_list":{"0":"post-46193","1":"product","2":"type-product","3":"status-publish","4":"has-post-thumbnail","6":"product_cat-champagner-kuhlschranke","7":"product_cat-einbauschranke","8":"product_cat-weinklimaschranke","9":"product_cat-weinkuhlschranke","10":"product_cat-weinschranke","11":"product_tag-dunavox-de","12":"tm-no-options","14":"first","15":"instock","16":"taxable","17":"shipping-taxable","18":"purchasable","19":"product-type-simple"},"acf":[],"jetpack_sharing_enabled":true,"tiered_pricing_type":"fixed","tiered_pricing_fixed_rules":[],"tiered_pricing_product_settings":{"layout":"default","base_unit_name":{"singular":null,"plural":null},"default_variation":null},"tiered_pricing_minimum_quantity":null,"tiered_pricing_roles_data":[],"tiered_pricing_percentage_rules":[],"_links":{"self":[{"href":"https:\/\/www.xaro.nl\/de\/wp-json\/wp\/v2\/product\/46193","targetHints":{"allow":["GET"]}}],"collection":[{"href":"https:\/\/www.xaro.nl\/de\/wp-json\/wp\/v2\/product"}],"about":[{"href":"https:\/\/www.xaro.nl\/de\/wp-json\/wp\/v2\/types\/product"}],"replies":[{"embeddable":true,"href":"https:\/\/www.xaro.nl\/de\/wp-json\/wp\/v2\/comments?post=46193"}],"version-history":[{"count":0,"href":"https:\/\/www.xaro.nl\/de\/wp-json\/wp\/v2\/product\/46193\/revisions"}],"wp:featuredmedia":[{"embeddable":true,"href":"https:\/\/www.xaro.nl\/de\/wp-json\/wp\/v2\/media\/26817"}],"wp:attachment":[{"href":"https:\/\/www.xaro.nl\/de\/wp-json\/wp\/v2\/media?parent=46193"}],"wp:term":[{"taxonomy":"product_brand","embeddable":true,"href":"https:\/\/www.xaro.nl\/de\/wp-json\/wp\/v2\/product_brand?post=46193"},{"taxonomy":"product_cat","embeddable":true,"href":"https:\/\/www.xaro.nl\/de\/wp-json\/wp\/v2\/product_cat?post=46193"},{"taxonomy":"product_tag","embeddable":true,"href":"https:\/\/www.xaro.nl\/de\/wp-json\/wp\/v2\/product_tag?post=46193"}],"curies":[{"name":"wp","href":"https:\/\/api.w.org\/{rel}","templated":true}]}}