{"id":46190,"date":"2022-12-06T16:09:30","date_gmt":"2022-12-06T15:09:30","guid":{"rendered":"https:\/\/www.xaro.nl\/product\/dunavox-weinklimaschrank-flow-46-edelstahl-einzelzone-46-flaschen\/"},"modified":"2022-12-06T16:09:30","modified_gmt":"2022-12-06T15:09:30","slug":"dunavox-weinklimaschrank-flow-46-edelstahl-einzelzone-46-flaschen","status":"publish","type":"product","link":"https:\/\/www.xaro.nl\/de\/dunavox-weinklimaschrank-flow-46-edelstahl-einzelzone-46-flaschen\/","title":{"rendered":"Dunavox Weinklimaschrank Flow-46 Edelstahl (Einzelzone) &#8211; 46 Flaschen"},"content":{"rendered":"<h5><span style=\"color: #1b1919;\">DUNAVOX FLOW-46 \/ DAUF-46.138SS<\/span><\/h5>\n<p>Der Dunavox Weinklimaschrank Flow-46 ist ein Ein-Zonen-Untertischmodell, hat ein Fassungsverm\u00f6gen von 46 Flaschen (0,75 Liter Bordeaux) und verf\u00fcgt \u00fcber ein elegantes \u00c4u\u00dferes mit T\u00fcrgriff aus Edelstahl. Es ist auch eine \u00fcberarbeitete Version eines der beliebtesten Untertischmodelle von Dunavox. Die DUNAVOX Flow-46 ist perfekt f\u00fcr moderne K\u00fcchen geeignet. Die Flaschen werden auf massiven Holzregalen pr\u00e4sentiert und sind von einer wei\u00dfen, orangen und blauen LED-Innenbeleuchtung umgeben.<\/p>\n<p>Bitte beachten Sie, dass dieses Modell f\u00fcr den Untertischeinbau gedacht ist.<\/p>\n","protected":false},"excerpt":{"rendered":"<p>Der Dunavox Weinklimaschrank Flow-46 ist ein Ein-Zonen-Untertischmodell, hat ein Fassungsverm\u00f6gen von 46 Flaschen (0,75 Liter Bordeaux) und verf\u00fcgt \u00fcber ein elegantes \u00c4u\u00dferes mit T\u00fcrgriff aus Edelstahl.<\/p>\n","protected":false},"featured_media":26809,"comment_status":"closed","ping_status":"closed","template":"","meta":{"_acf_changed":false,"inline_featured_image":false},"product_brand":[],"product_cat":[330,333,329],"product_tag":[411],"class_list":{"0":"post-46190","1":"product","2":"type-product","3":"status-publish","4":"has-post-thumbnail","6":"product_cat-einbauschranke","7":"product_cat-weinklimaschranke","8":"product_cat-weinschranke","9":"product_tag-dunavox-de","10":"tm-no-options","12":"first","13":"instock","14":"taxable","15":"shipping-taxable","16":"purchasable","17":"product-type-simple"},"acf":[],"jetpack_sharing_enabled":true,"tiered_pricing_type":"fixed","tiered_pricing_fixed_rules":[],"tiered_pricing_product_settings":{"layout":"default","base_unit_name":{"singular":null,"plural":null},"default_variation":null},"tiered_pricing_minimum_quantity":null,"tiered_pricing_roles_data":[],"tiered_pricing_percentage_rules":[],"_links":{"self":[{"href":"https:\/\/www.xaro.nl\/de\/wp-json\/wp\/v2\/product\/46190","targetHints":{"allow":["GET"]}}],"collection":[{"href":"https:\/\/www.xaro.nl\/de\/wp-json\/wp\/v2\/product"}],"about":[{"href":"https:\/\/www.xaro.nl\/de\/wp-json\/wp\/v2\/types\/product"}],"replies":[{"embeddable":true,"href":"https:\/\/www.xaro.nl\/de\/wp-json\/wp\/v2\/comments?post=46190"}],"version-history":[{"count":0,"href":"https:\/\/www.xaro.nl\/de\/wp-json\/wp\/v2\/product\/46190\/revisions"}],"wp:featuredmedia":[{"embeddable":true,"href":"https:\/\/www.xaro.nl\/de\/wp-json\/wp\/v2\/media\/26809"}],"wp:attachment":[{"href":"https:\/\/www.xaro.nl\/de\/wp-json\/wp\/v2\/media?parent=46190"}],"wp:term":[{"taxonomy":"product_brand","embeddable":true,"href":"https:\/\/www.xaro.nl\/de\/wp-json\/wp\/v2\/product_brand?post=46190"},{"taxonomy":"product_cat","embeddable":true,"href":"https:\/\/www.xaro.nl\/de\/wp-json\/wp\/v2\/product_cat?post=46190"},{"taxonomy":"product_tag","embeddable":true,"href":"https:\/\/www.xaro.nl\/de\/wp-json\/wp\/v2\/product_tag?post=46190"}],"curies":[{"name":"wp","href":"https:\/\/api.w.org\/{rel}","templated":true}]}}