{"id":46184,"date":"2022-12-06T13:24:53","date_gmt":"2022-12-06T12:24:53","guid":{"rendered":"https:\/\/www.xaro.nl\/product\/dunavox-weinklimaschrank-flow-39-schwarz-dual-zone-39-flaschen\/"},"modified":"2022-12-06T13:24:53","modified_gmt":"2022-12-06T12:24:53","slug":"dunavox-weinklimaschrank-flow-39-schwarz-dual-zone-39-flaschen","status":"publish","type":"product","link":"https:\/\/www.xaro.nl\/de\/dunavox-weinklimaschrank-flow-39-schwarz-dual-zone-39-flaschen\/","title":{"rendered":"Dunavox Weinklimaschrank Flow-39 schwarz (Dual Zone) &#8211; 39 Flaschen"},"content":{"rendered":"<h5><span style=\"color: #1b1919;\">DUNAVOX FLOW-39 \/ DAUF-39.121DB<\/span><\/h5>\n<p>Der Dunavox Weinklimaschrank Flow-39 ist ein Zwei-Zonen-Bodenmodell, bietet ein Fassungsverm\u00f6gen von bis zu 39 Flaschen (0,75 Liter Bordeaux) und hat ein elegantes \u00c4u\u00dferes mit T\u00fcrgriff aus Edelstahl. Es handelt sich um eine neu gestaltete Version eines der beliebtesten Untertischmodelle von Dunavox. Die DUNAVOX Flow-39 ist perfekt f\u00fcr moderne K\u00fcchen geeignet. Die Flaschen stehen auf massiven Holzregalen und sind von einer wei\u00dfen, orangen und blauen LED-Innenbeleuchtung umgeben.<\/p>\n<p>Bitte beachten Sie, dass dieses Modell f\u00fcr den Untertischeinbau gedacht ist.<\/p>\n","protected":false},"excerpt":{"rendered":"<p>Der Dunavox Weinklimaschrank Flow-39 ist ein Zwei-Zonen-Bodenmodell, bietet ein Fassungsverm\u00f6gen von bis zu 39 Flaschen (0,75 Liter Bordeaux) und hat ein elegantes \u00c4u\u00dferes mit T\u00fcrgriff aus Edelstahl.<\/p>\n","protected":false},"featured_media":26799,"comment_status":"closed","ping_status":"closed","template":"","meta":{"_acf_changed":false,"inline_featured_image":false},"product_brand":[],"product_cat":[330,333,329],"product_tag":[411],"class_list":{"0":"post-46184","1":"product","2":"type-product","3":"status-publish","4":"has-post-thumbnail","6":"product_cat-einbauschranke","7":"product_cat-weinklimaschranke","8":"product_cat-weinschranke","9":"product_tag-dunavox-de","10":"tm-no-options","12":"first","13":"instock","14":"taxable","15":"shipping-taxable","16":"purchasable","17":"product-type-simple"},"acf":[],"jetpack_sharing_enabled":true,"tiered_pricing_type":"fixed","tiered_pricing_fixed_rules":[],"tiered_pricing_product_settings":{"layout":"default","base_unit_name":{"singular":null,"plural":null},"default_variation":null},"tiered_pricing_minimum_quantity":null,"tiered_pricing_roles_data":[],"tiered_pricing_percentage_rules":[],"_links":{"self":[{"href":"https:\/\/www.xaro.nl\/de\/wp-json\/wp\/v2\/product\/46184","targetHints":{"allow":["GET"]}}],"collection":[{"href":"https:\/\/www.xaro.nl\/de\/wp-json\/wp\/v2\/product"}],"about":[{"href":"https:\/\/www.xaro.nl\/de\/wp-json\/wp\/v2\/types\/product"}],"replies":[{"embeddable":true,"href":"https:\/\/www.xaro.nl\/de\/wp-json\/wp\/v2\/comments?post=46184"}],"version-history":[{"count":0,"href":"https:\/\/www.xaro.nl\/de\/wp-json\/wp\/v2\/product\/46184\/revisions"}],"wp:featuredmedia":[{"embeddable":true,"href":"https:\/\/www.xaro.nl\/de\/wp-json\/wp\/v2\/media\/26799"}],"wp:attachment":[{"href":"https:\/\/www.xaro.nl\/de\/wp-json\/wp\/v2\/media?parent=46184"}],"wp:term":[{"taxonomy":"product_brand","embeddable":true,"href":"https:\/\/www.xaro.nl\/de\/wp-json\/wp\/v2\/product_brand?post=46184"},{"taxonomy":"product_cat","embeddable":true,"href":"https:\/\/www.xaro.nl\/de\/wp-json\/wp\/v2\/product_cat?post=46184"},{"taxonomy":"product_tag","embeddable":true,"href":"https:\/\/www.xaro.nl\/de\/wp-json\/wp\/v2\/product_tag?post=46184"}],"curies":[{"name":"wp","href":"https:\/\/api.w.org\/{rel}","templated":true}]}}