{"id":46183,"date":"2022-11-29T14:17:47","date_gmt":"2022-11-29T13:17:47","guid":{"rendered":"https:\/\/www.xaro.nl\/product\/dunavox-weinklimaschrank-flow-32d-edelstahl-zwei-zonen-32-flaschen\/"},"modified":"2022-11-29T14:17:47","modified_gmt":"2022-11-29T13:17:47","slug":"dunavox-weinklimaschrank-flow-32d-edelstahl-zwei-zonen-32-flaschen","status":"publish","type":"product","link":"https:\/\/www.xaro.nl\/de\/produkt\/dunavox-weinklimaschrank-flow-32d-edelstahl-zwei-zonen-32-flaschen\/","title":{"rendered":"Dunavox Weinklimaschrank Flow-32D Edelstahl (zwei Zonen) &#8211; 32 Flaschen"},"content":{"rendered":"<h5><span style=\"color: #1b1919;\">DUNAVOX FLOW-32D \/ DAUF-32.78DSS<br \/>\n<\/span><\/h5>\n<p>Der Dunavox Weinklimaschrank Flow-32 ist ein Untertischmodell mit zwei Zonen und einer Kapazit\u00e4t von bis zu 32 Flaschen (0,75 Liter Bordeaux). Mit ihrem eleganten \u00c4u\u00dferen und dem T\u00fcrgriff aus Edelstahl ist die DUNAVOX Flow-32D perfekt f\u00fcr moderne K\u00fcchenumgebungen. Die Flaschen werden auf Regalen aus Massivholz pr\u00e4sentiert und sind von einer wei\u00dfen, orangen und blauen LED-Innenbeleuchtung umgeben.<\/p>\n<p>Bitte beachten Sie, dass dieses Modell als Einbauger\u00e4t\/Tauchger\u00e4t gedacht ist.<\/p>\n<p><strong>360\u00b0 Video Vorschau<\/strong><\/p>\n<div style=\"width: 400px;\" class=\"wp-video\"><video class=\"wp-video-shortcode\" id=\"video-46183-1\" width=\"400\" height=\"300\" preload=\"metadata\" controls=\"controls\"><source type=\"video\/mp4\" src=\"https:\/\/www.xaro.nl\/wp-content\/uploads\/2022\/11\/DAUF-32.78DB-360-video.mp4?_=1\" \/><a href=\"https:\/\/www.xaro.nl\/wp-content\/uploads\/2022\/11\/DAUF-32.78DB-360-video.mp4\">https:\/\/www.xaro.nl\/wp-content\/uploads\/2022\/11\/DAUF-32.78DB-360-video.mp4<\/a><\/video><\/div>\n","protected":false},"excerpt":{"rendered":"<p>Der Dunavox Weinklimaschrank Flow-32 ist ein Untertischmodell mit zwei Zonen und einer Kapazit\u00e4t von bis zu 32 Flaschen (0,75 Liter Bordeaux).<\/p>\n","protected":false},"featured_media":26782,"comment_status":"closed","ping_status":"closed","template":"","meta":{"_acf_changed":false,"inline_featured_image":false},"product_brand":[],"product_cat":[330,333,329],"product_tag":[411],"class_list":{"0":"post-46183","1":"product","2":"type-product","3":"status-publish","4":"has-post-thumbnail","6":"product_cat-einbauschranke","7":"product_cat-weinklimaschranke","8":"product_cat-weinschranke","9":"product_tag-dunavox-de","10":"tm-no-options","12":"first","13":"instock","14":"taxable","15":"shipping-taxable","16":"purchasable","17":"product-type-simple"},"acf":[],"jetpack_sharing_enabled":true,"tiered_pricing_type":"fixed","tiered_pricing_fixed_rules":[],"tiered_pricing_product_settings":{"layout":"default","base_unit_name":{"singular":null,"plural":null},"default_variation":null},"tiered_pricing_minimum_quantity":null,"tiered_pricing_roles_data":[],"tiered_pricing_percentage_rules":[],"_links":{"self":[{"href":"https:\/\/www.xaro.nl\/de\/wp-json\/wp\/v2\/product\/46183","targetHints":{"allow":["GET"]}}],"collection":[{"href":"https:\/\/www.xaro.nl\/de\/wp-json\/wp\/v2\/product"}],"about":[{"href":"https:\/\/www.xaro.nl\/de\/wp-json\/wp\/v2\/types\/product"}],"replies":[{"embeddable":true,"href":"https:\/\/www.xaro.nl\/de\/wp-json\/wp\/v2\/comments?post=46183"}],"version-history":[{"count":0,"href":"https:\/\/www.xaro.nl\/de\/wp-json\/wp\/v2\/product\/46183\/revisions"}],"wp:featuredmedia":[{"embeddable":true,"href":"https:\/\/www.xaro.nl\/de\/wp-json\/wp\/v2\/media\/26782"}],"wp:attachment":[{"href":"https:\/\/www.xaro.nl\/de\/wp-json\/wp\/v2\/media?parent=46183"}],"wp:term":[{"taxonomy":"product_brand","embeddable":true,"href":"https:\/\/www.xaro.nl\/de\/wp-json\/wp\/v2\/product_brand?post=46183"},{"taxonomy":"product_cat","embeddable":true,"href":"https:\/\/www.xaro.nl\/de\/wp-json\/wp\/v2\/product_cat?post=46183"},{"taxonomy":"product_tag","embeddable":true,"href":"https:\/\/www.xaro.nl\/de\/wp-json\/wp\/v2\/product_tag?post=46183"}],"curies":[{"name":"wp","href":"https:\/\/api.w.org\/{rel}","templated":true}]}}