{"id":46180,"date":"2022-11-15T10:25:42","date_gmt":"2022-11-15T09:25:42","guid":{"rendered":"https:\/\/www.xaro.nl\/product\/dunavox-weinklimaschrank-home-54-schwarz-doppelzone-54-flaschen\/"},"modified":"2022-11-15T10:25:42","modified_gmt":"2022-11-15T09:25:42","slug":"dunavox-weinklimaschrank-home-54-schwarz-doppelzone-54-flaschen","status":"publish","type":"product","link":"https:\/\/www.xaro.nl\/de\/dunavox-weinklimaschrank-home-54-schwarz-doppelzone-54-flaschen\/","title":{"rendered":"Dunavox Weinklimaschrank Home-54 schwarz (Doppelzone) &#8211; 54 Flaschen"},"content":{"rendered":"<h5><span style=\"color: #1b1919;\">DUNAVOX HOME-54 \/ DXFH-54.150<\/span><\/h5>\n<p>Der Dunavox Weinklimaschrank Home-54 hat ein Fassungsverm\u00f6gen von 54 Flaschen (0,75 Liter Bordeaux), 2 Temperaturzonen und einen versenkten T\u00fcrgriff. Die Flaschen werden auf Holzregalen pr\u00e4sentiert. Dieser klimatisierte Schrank dient zur Aufbewahrung von ge\u00f6ffneten Flaschen. Die obere Zone sollte k\u00e4lter sein als die untere Zone. Der Temperaturunterschied zwischen den Zonen sollte 6\u00b0C nicht \u00fcberschreiten.<\/p>\n<p>Dieses Ger\u00e4t ist nicht f\u00fcr den Einbau in oder unter einer Arbeitsplatte geeignet.<\/p>\n<p><strong>360\u00b0 Video Vorschau<\/strong><\/p>\n<div style=\"width: 400px;\" class=\"wp-video\"><video class=\"wp-video-shortcode\" id=\"video-46180-1\" width=\"400\" height=\"300\" preload=\"metadata\" controls=\"controls\"><source type=\"video\/mp4\" src=\"https:\/\/www.xaro.nl\/wp-content\/uploads\/2022\/11\/DXFH-54.150-360-video.mp4?_=1\" \/><a href=\"https:\/\/www.xaro.nl\/wp-content\/uploads\/2022\/11\/DXFH-54.150-360-video.mp4\">https:\/\/www.xaro.nl\/wp-content\/uploads\/2022\/11\/DXFH-54.150-360-video.mp4<\/a><\/video><\/div>\n","protected":false},"excerpt":{"rendered":"<p>Der Dunavox Weinklimaschrank Home-54 hat eine doppelte Temperaturzone, einen versenkten T\u00fcrgriff und ein Fassungsverm\u00f6gen von 54 Flaschen (0,75 Liter Bordeaux).<\/p>\n","protected":false},"featured_media":26736,"comment_status":"closed","ping_status":"closed","template":"","meta":{"_acf_changed":false,"inline_featured_image":false},"product_brand":[],"product_cat":[333,329],"product_tag":[411],"class_list":{"0":"post-46180","1":"product","2":"type-product","3":"status-publish","4":"has-post-thumbnail","6":"product_cat-weinklimaschranke","7":"product_cat-weinschranke","8":"product_tag-dunavox-de","9":"tm-no-options","11":"first","12":"outofstock","13":"taxable","14":"shipping-taxable","15":"purchasable","16":"product-type-simple"},"acf":[],"jetpack_sharing_enabled":true,"tiered_pricing_type":"fixed","tiered_pricing_fixed_rules":[],"tiered_pricing_product_settings":{"layout":"default","base_unit_name":{"singular":null,"plural":null},"default_variation":null},"tiered_pricing_minimum_quantity":null,"tiered_pricing_roles_data":[],"tiered_pricing_percentage_rules":[],"_links":{"self":[{"href":"https:\/\/www.xaro.nl\/de\/wp-json\/wp\/v2\/product\/46180","targetHints":{"allow":["GET"]}}],"collection":[{"href":"https:\/\/www.xaro.nl\/de\/wp-json\/wp\/v2\/product"}],"about":[{"href":"https:\/\/www.xaro.nl\/de\/wp-json\/wp\/v2\/types\/product"}],"replies":[{"embeddable":true,"href":"https:\/\/www.xaro.nl\/de\/wp-json\/wp\/v2\/comments?post=46180"}],"version-history":[{"count":0,"href":"https:\/\/www.xaro.nl\/de\/wp-json\/wp\/v2\/product\/46180\/revisions"}],"wp:featuredmedia":[{"embeddable":true,"href":"https:\/\/www.xaro.nl\/de\/wp-json\/wp\/v2\/media\/26736"}],"wp:attachment":[{"href":"https:\/\/www.xaro.nl\/de\/wp-json\/wp\/v2\/media?parent=46180"}],"wp:term":[{"taxonomy":"product_brand","embeddable":true,"href":"https:\/\/www.xaro.nl\/de\/wp-json\/wp\/v2\/product_brand?post=46180"},{"taxonomy":"product_cat","embeddable":true,"href":"https:\/\/www.xaro.nl\/de\/wp-json\/wp\/v2\/product_cat?post=46180"},{"taxonomy":"product_tag","embeddable":true,"href":"https:\/\/www.xaro.nl\/de\/wp-json\/wp\/v2\/product_tag?post=46180"}],"curies":[{"name":"wp","href":"https:\/\/api.w.org\/{rel}","templated":true}]}}