{"id":46179,"date":"2022-11-29T13:05:55","date_gmt":"2022-11-29T12:05:55","guid":{"rendered":"https:\/\/www.xaro.nl\/product\/dunavox-weinklimaschrank-home-30-schwarz-doppelzone-30-flaschen\/"},"modified":"2024-12-01T00:00:10","modified_gmt":"2024-11-30T23:00:10","slug":"dunavox-weinklimaschrank-home-30-schwarz-doppelzone-30-flaschen","status":"publish","type":"product","link":"https:\/\/www.xaro.nl\/de\/produkt\/dunavox-weinklimaschrank-home-30-schwarz-doppelzone-30-flaschen\/","title":{"rendered":"Dunavox Weinklimaschrank Home-30 schwarz (Doppelzone) &#8211; 30 Flaschen"},"content":{"rendered":"<h5><span style=\"color: #1b1919;\">DUNAVOX HOME-30 \/ DXFH-30.80<\/span><\/h5>\n<p>Der Dunavox Weinklimaschrank Home-30 hat ein Fassungsverm\u00f6gen von 30 Flaschen (0,75 Liter Bordeaux), 2 Temperaturzonen und einen versenkten T\u00fcrgriff. Die Flaschen stehen auf stabilen Holzregalen. Dieser K\u00fchler eignet sich f\u00fcr die Aufbewahrung von offenen Flaschen.<\/p>\n<p>Dieses Ger\u00e4t ist nicht f\u00fcr den Einbau in oder unter einer Arbeitsplatte geeignet.<\/p>\n<p><strong>360\u00b0 Video Vorschau<\/strong><\/p>\n<div style=\"width: 400px;\" class=\"wp-video\"><video class=\"wp-video-shortcode\" id=\"video-46179-1\" width=\"400\" height=\"300\" preload=\"metadata\" controls=\"controls\"><source type=\"video\/mp4\" src=\"https:\/\/www.xaro.nl\/wp-content\/uploads\/2022\/11\/DXFH-30.80-360-video.mp4?_=1\" \/><a href=\"https:\/\/www.xaro.nl\/wp-content\/uploads\/2022\/11\/DXFH-30.80-360-video.mp4\">https:\/\/www.xaro.nl\/wp-content\/uploads\/2022\/11\/DXFH-30.80-360-video.mp4<\/a><\/video><\/div>\n","protected":false},"excerpt":{"rendered":"<p>Der Dunavox Weinklimaschrank Home-30 hat ein Fassungsverm\u00f6gen von 30 Flaschen (0,75 Liter Bordeaux), 2 Temperaturzonen und einen versenkten T\u00fcrgriff.<\/p>\n","protected":false},"featured_media":26771,"comment_status":"closed","ping_status":"closed","template":"","meta":{"_acf_changed":false,"inline_featured_image":false},"product_brand":[],"product_cat":[333,329],"product_tag":[411],"class_list":{"0":"post-46179","1":"product","2":"type-product","3":"status-publish","4":"has-post-thumbnail","6":"product_cat-weinklimaschranke","7":"product_cat-weinschranke","8":"product_tag-dunavox-de","9":"tm-no-options","11":"first","12":"instock","13":"taxable","14":"shipping-taxable","15":"purchasable","16":"product-type-simple"},"acf":[],"jetpack_sharing_enabled":true,"tiered_pricing_type":"fixed","tiered_pricing_fixed_rules":[],"tiered_pricing_product_settings":{"layout":"default","base_unit_name":{"singular":null,"plural":null},"default_variation":null},"tiered_pricing_minimum_quantity":null,"tiered_pricing_roles_data":[],"tiered_pricing_percentage_rules":[],"_links":{"self":[{"href":"https:\/\/www.xaro.nl\/de\/wp-json\/wp\/v2\/product\/46179","targetHints":{"allow":["GET"]}}],"collection":[{"href":"https:\/\/www.xaro.nl\/de\/wp-json\/wp\/v2\/product"}],"about":[{"href":"https:\/\/www.xaro.nl\/de\/wp-json\/wp\/v2\/types\/product"}],"replies":[{"embeddable":true,"href":"https:\/\/www.xaro.nl\/de\/wp-json\/wp\/v2\/comments?post=46179"}],"version-history":[{"count":0,"href":"https:\/\/www.xaro.nl\/de\/wp-json\/wp\/v2\/product\/46179\/revisions"}],"wp:featuredmedia":[{"embeddable":true,"href":"https:\/\/www.xaro.nl\/de\/wp-json\/wp\/v2\/media\/26771"}],"wp:attachment":[{"href":"https:\/\/www.xaro.nl\/de\/wp-json\/wp\/v2\/media?parent=46179"}],"wp:term":[{"taxonomy":"product_brand","embeddable":true,"href":"https:\/\/www.xaro.nl\/de\/wp-json\/wp\/v2\/product_brand?post=46179"},{"taxonomy":"product_cat","embeddable":true,"href":"https:\/\/www.xaro.nl\/de\/wp-json\/wp\/v2\/product_cat?post=46179"},{"taxonomy":"product_tag","embeddable":true,"href":"https:\/\/www.xaro.nl\/de\/wp-json\/wp\/v2\/product_tag?post=46179"}],"curies":[{"name":"wp","href":"https:\/\/api.w.org\/{rel}","templated":true}]}}