{"id":46176,"date":"2022-11-10T09:50:16","date_gmt":"2022-11-10T08:50:16","guid":{"rendered":"https:\/\/www.xaro.nl\/product\/dunavox-weinklimaschrank-flow-46d-schwarz-doppelzone-46-flaschen\/"},"modified":"2022-11-10T09:50:16","modified_gmt":"2022-11-10T08:50:16","slug":"dunavox-weinklimaschrank-flow-46d-schwarz-doppelzone-46-flaschen","status":"publish","type":"product","link":"https:\/\/www.xaro.nl\/de\/dunavox-weinklimaschrank-flow-46d-schwarz-doppelzone-46-flaschen\/","title":{"rendered":"Dunavox Weinklimaschrank Flow-46D schwarz (Doppelzone) &#8211; 46 Flaschen"},"content":{"rendered":"<h5><span style=\"color: #1b1919;\">DUNAVOX FLOW-46 \/ DAUF-46.145DSS<\/span><\/h5>\n<p>Der Dunavox Weinklimaschrank Flow-46 ist ein Untertischmodell mit zwei Zonen und einem Fassungsverm\u00f6gen von bis zu 46 Flaschen (0,75 Liter Bordeaux). Mit ihrem eleganten \u00c4u\u00dferen und dem LCD-Display ist die DUNAVOX Flow-46D perfekt f\u00fcr moderne K\u00fcchenumgebungen geeignet. Die Flaschen stehen auf Teleskopschienen und sind von wei\u00dfen, orangen und blauen LED-Leuchten umgeben.<\/p>\n<p>Die obere Zone sollte k\u00e4lter sein als die untere Zone. Bitte beachten Sie, dass dieses Modell f\u00fcr den Untertischeinbau gedacht ist.<\/p>\n","protected":false},"excerpt":{"rendered":"<p>Der Dunavox Weinklimaschrank Flow-46 ist ein Untertischmodell mit zwei Zonen und einem Fassungsverm\u00f6gen von bis zu 46 Flaschen (0,75 Liter Bordeaux).<\/p>\n","protected":false},"featured_media":26731,"comment_status":"closed","ping_status":"closed","template":"","meta":{"_acf_changed":false,"inline_featured_image":false},"product_brand":[],"product_cat":[330,333,329],"product_tag":[411],"class_list":{"0":"post-46176","1":"product","2":"type-product","3":"status-publish","4":"has-post-thumbnail","6":"product_cat-einbauschranke","7":"product_cat-weinklimaschranke","8":"product_cat-weinschranke","9":"product_tag-dunavox-de","10":"tm-no-options","12":"first","13":"instock","14":"taxable","15":"shipping-taxable","16":"purchasable","17":"product-type-simple"},"acf":[],"jetpack_sharing_enabled":true,"tiered_pricing_type":"fixed","tiered_pricing_fixed_rules":[],"tiered_pricing_product_settings":{"layout":"default","base_unit_name":{"singular":null,"plural":null},"default_variation":null},"tiered_pricing_minimum_quantity":null,"tiered_pricing_roles_data":[],"tiered_pricing_percentage_rules":[],"_links":{"self":[{"href":"https:\/\/www.xaro.nl\/de\/wp-json\/wp\/v2\/product\/46176","targetHints":{"allow":["GET"]}}],"collection":[{"href":"https:\/\/www.xaro.nl\/de\/wp-json\/wp\/v2\/product"}],"about":[{"href":"https:\/\/www.xaro.nl\/de\/wp-json\/wp\/v2\/types\/product"}],"replies":[{"embeddable":true,"href":"https:\/\/www.xaro.nl\/de\/wp-json\/wp\/v2\/comments?post=46176"}],"version-history":[{"count":0,"href":"https:\/\/www.xaro.nl\/de\/wp-json\/wp\/v2\/product\/46176\/revisions"}],"wp:featuredmedia":[{"embeddable":true,"href":"https:\/\/www.xaro.nl\/de\/wp-json\/wp\/v2\/media\/26731"}],"wp:attachment":[{"href":"https:\/\/www.xaro.nl\/de\/wp-json\/wp\/v2\/media?parent=46176"}],"wp:term":[{"taxonomy":"product_brand","embeddable":true,"href":"https:\/\/www.xaro.nl\/de\/wp-json\/wp\/v2\/product_brand?post=46176"},{"taxonomy":"product_cat","embeddable":true,"href":"https:\/\/www.xaro.nl\/de\/wp-json\/wp\/v2\/product_cat?post=46176"},{"taxonomy":"product_tag","embeddable":true,"href":"https:\/\/www.xaro.nl\/de\/wp-json\/wp\/v2\/product_tag?post=46176"}],"curies":[{"name":"wp","href":"https:\/\/api.w.org\/{rel}","templated":true}]}}