{"id":46173,"date":"2022-11-29T09:44:53","date_gmt":"2022-11-29T08:44:53","guid":{"rendered":"https:\/\/www.xaro.nl\/product\/dunavox-weinklimaschrank-soul-49-schwarz-doppelzone-49-flaschen\/"},"modified":"2022-11-29T09:44:53","modified_gmt":"2022-11-29T08:44:53","slug":"dunavox-weinklimaschrank-soul-49-schwarz-doppelzone-49-flaschen","status":"publish","type":"product","link":"https:\/\/www.xaro.nl\/de\/produkt\/dunavox-weinklimaschrank-soul-49-schwarz-doppelzone-49-flaschen\/","title":{"rendered":"Dunavox Weinklimaschrank Soul-49 schwarz (Doppelzone) &#8211; 49 Flaschen"},"content":{"rendered":"<h5><span style=\"color: #1b1919;\">DUNAVOX SOUL-49 \/ DAVS-49.116DB<\/span><\/h5>\n<p>Der Dunavox Weinklimaschrank Soul-49 hat ein Fassungsverm\u00f6gen von 49 Flaschen (0,75 Liter Bordeaux), 2 Temperaturzonen und eine integrierte Bel\u00fcftung. Mit ihrem eleganten \u00c4u\u00dferen und einem T\u00fcrgriff aus Edelstahl ist die DUNAVOX Soul-49 perfekt f\u00fcr moderne K\u00fcchen geeignet. Die Flaschen werden auf Regalen aus massivem Buchenholz pr\u00e4sentiert und sind von einer wei\u00dfen, orangen und blauen LED-Innenbeleuchtung umgeben.<\/p>\n<p>Bitte beachten Sie, dass es sich bei diesem Modell um ein integriertes Ger\u00e4t handelt, das f\u00fcr den Einbau oder die Installation unter der Arbeitsplatte vorgesehen ist. Dieser Weinschrank ist nicht als freistehendes Modell gedacht.<\/p>\n","protected":false},"excerpt":{"rendered":"<p>Der Dunavox Weinklimaschrank Soul-49 hat ein Fassungsverm\u00f6gen von 49 Flaschen (0,75 Liter Bordeaux), 2 Temperaturzonen und eine integrierte Bel\u00fcftung.<\/p>\n","protected":false},"featured_media":26755,"comment_status":"closed","ping_status":"closed","template":"","meta":{"_acf_changed":false,"inline_featured_image":false},"product_brand":[],"product_cat":[330,333,329],"product_tag":[411],"class_list":{"0":"post-46173","1":"product","2":"type-product","3":"status-publish","4":"has-post-thumbnail","6":"product_cat-einbauschranke","7":"product_cat-weinklimaschranke","8":"product_cat-weinschranke","9":"product_tag-dunavox-de","10":"tm-no-options","12":"first","13":"instock","14":"taxable","15":"shipping-taxable","16":"purchasable","17":"product-type-simple"},"acf":[],"jetpack_sharing_enabled":true,"tiered_pricing_type":"fixed","tiered_pricing_fixed_rules":[],"tiered_pricing_product_settings":{"layout":"default","base_unit_name":{"singular":null,"plural":null},"default_variation":null},"tiered_pricing_minimum_quantity":null,"tiered_pricing_roles_data":[],"tiered_pricing_percentage_rules":[],"_links":{"self":[{"href":"https:\/\/www.xaro.nl\/de\/wp-json\/wp\/v2\/product\/46173","targetHints":{"allow":["GET"]}}],"collection":[{"href":"https:\/\/www.xaro.nl\/de\/wp-json\/wp\/v2\/product"}],"about":[{"href":"https:\/\/www.xaro.nl\/de\/wp-json\/wp\/v2\/types\/product"}],"replies":[{"embeddable":true,"href":"https:\/\/www.xaro.nl\/de\/wp-json\/wp\/v2\/comments?post=46173"}],"version-history":[{"count":0,"href":"https:\/\/www.xaro.nl\/de\/wp-json\/wp\/v2\/product\/46173\/revisions"}],"wp:featuredmedia":[{"embeddable":true,"href":"https:\/\/www.xaro.nl\/de\/wp-json\/wp\/v2\/media\/26755"}],"wp:attachment":[{"href":"https:\/\/www.xaro.nl\/de\/wp-json\/wp\/v2\/media?parent=46173"}],"wp:term":[{"taxonomy":"product_brand","embeddable":true,"href":"https:\/\/www.xaro.nl\/de\/wp-json\/wp\/v2\/product_brand?post=46173"},{"taxonomy":"product_cat","embeddable":true,"href":"https:\/\/www.xaro.nl\/de\/wp-json\/wp\/v2\/product_cat?post=46173"},{"taxonomy":"product_tag","embeddable":true,"href":"https:\/\/www.xaro.nl\/de\/wp-json\/wp\/v2\/product_tag?post=46173"}],"curies":[{"name":"wp","href":"https:\/\/api.w.org\/{rel}","templated":true}]}}