{"id":46171,"date":"2022-10-31T12:02:49","date_gmt":"2022-10-31T11:02:49","guid":{"rendered":"https:\/\/www.xaro.nl\/product\/dunavox-weinklimaschrank-grande-94-schwarz-dual-zone-94-flaschen\/"},"modified":"2022-10-31T12:02:49","modified_gmt":"2022-10-31T11:02:49","slug":"dunavox-weinklimaschrank-grande-94-schwarz-dual-zone-94-flaschen","status":"publish","type":"product","link":"https:\/\/www.xaro.nl\/de\/produkt\/dunavox-weinklimaschrank-grande-94-schwarz-dual-zone-94-flaschen\/","title":{"rendered":"Dunavox Weinklimaschrank Grande-94 schwarz (Dual Zone) &#8211; 94 Flaschen"},"content":{"rendered":"<h5><span style=\"color: #1b1919;\">DUNAVOX GRANDE-94 \/ DX-94.270DBK<\/span><\/h5>\n<p>Der Dunavox Weinklimaschrank Grande-94 hat eine doppelte Temperaturzone, kann sowohl freistehend als auch eingebaut verwendet werden und hat ein Fassungsverm\u00f6gen von 94 Flaschen (0,75 Liter Bordeaux). Mit ihrem eleganten \u00c4u\u00dferen und dem versenkten T\u00fcrgriff ist die DUNAVOX Grande-94 perfekt f\u00fcr moderne K\u00fcchen geeignet. Die Flaschen werden auf massiven Holzregalen pr\u00e4sentiert und sind von einer sch\u00f6nen hellblauen LED-Beleuchtung umgeben.<\/p>\n<p>Die obere Zone sollte k\u00e4lter sein als die untere Zone. Bitte beachten Sie, dass dieses Modell sowohl f\u00fcr die freistehende als auch f\u00fcr die eingebaute Verwendung geeignet ist.<\/p>\n<p><strong>360\u00b0 Video Vorschau<\/strong><\/p>\n<div style=\"width: 400px;\" class=\"wp-video\"><video class=\"wp-video-shortcode\" id=\"video-46171-1\" width=\"400\" height=\"300\" autoplay preload=\"metadata\" controls=\"controls\"><source type=\"video\/mp4\" src=\"https:\/\/www.xaro.nl\/wp-content\/uploads\/2022\/10\/DX-94.270DBK-video.mp4?_=1\" \/><a href=\"https:\/\/www.xaro.nl\/wp-content\/uploads\/2022\/10\/DX-94.270DBK-video.mp4\">https:\/\/www.xaro.nl\/wp-content\/uploads\/2022\/10\/DX-94.270DBK-video.mp4<\/a><\/video><\/div>\n","protected":false},"excerpt":{"rendered":"<p>Der Dunavox Weinklimaschrank Grande-94 hat eine doppelte Temperaturzone, kann sowohl freistehend als auch eingebaut verwendet werden und hat ein Fassungsverm\u00f6gen von 94 Flaschen (0,75 Liter Bordeaux).<\/p>\n","protected":false},"featured_media":26723,"comment_status":"closed","ping_status":"closed","template":"","meta":{"_acf_changed":false,"inline_featured_image":false},"product_brand":[],"product_cat":[330,333,329],"product_tag":[411],"class_list":{"0":"post-46171","1":"product","2":"type-product","3":"status-publish","4":"has-post-thumbnail","6":"product_cat-einbauschranke","7":"product_cat-weinklimaschranke","8":"product_cat-weinschranke","9":"product_tag-dunavox-de","10":"tm-no-options","12":"first","13":"instock","14":"taxable","15":"shipping-taxable","16":"purchasable","17":"product-type-simple"},"acf":[],"jetpack_sharing_enabled":true,"tiered_pricing_type":"fixed","tiered_pricing_fixed_rules":[],"tiered_pricing_product_settings":{"layout":"default","base_unit_name":{"singular":null,"plural":null},"default_variation":null},"tiered_pricing_minimum_quantity":null,"tiered_pricing_roles_data":[],"tiered_pricing_percentage_rules":[],"_links":{"self":[{"href":"https:\/\/www.xaro.nl\/de\/wp-json\/wp\/v2\/product\/46171","targetHints":{"allow":["GET"]}}],"collection":[{"href":"https:\/\/www.xaro.nl\/de\/wp-json\/wp\/v2\/product"}],"about":[{"href":"https:\/\/www.xaro.nl\/de\/wp-json\/wp\/v2\/types\/product"}],"replies":[{"embeddable":true,"href":"https:\/\/www.xaro.nl\/de\/wp-json\/wp\/v2\/comments?post=46171"}],"version-history":[{"count":0,"href":"https:\/\/www.xaro.nl\/de\/wp-json\/wp\/v2\/product\/46171\/revisions"}],"wp:featuredmedia":[{"embeddable":true,"href":"https:\/\/www.xaro.nl\/de\/wp-json\/wp\/v2\/media\/26723"}],"wp:attachment":[{"href":"https:\/\/www.xaro.nl\/de\/wp-json\/wp\/v2\/media?parent=46171"}],"wp:term":[{"taxonomy":"product_brand","embeddable":true,"href":"https:\/\/www.xaro.nl\/de\/wp-json\/wp\/v2\/product_brand?post=46171"},{"taxonomy":"product_cat","embeddable":true,"href":"https:\/\/www.xaro.nl\/de\/wp-json\/wp\/v2\/product_cat?post=46171"},{"taxonomy":"product_tag","embeddable":true,"href":"https:\/\/www.xaro.nl\/de\/wp-json\/wp\/v2\/product_tag?post=46171"}],"curies":[{"name":"wp","href":"https:\/\/api.w.org\/{rel}","templated":true}]}}