{"id":46168,"date":"2022-10-13T13:51:05","date_gmt":"2022-10-13T11:51:05","guid":{"rendered":"https:\/\/www.xaro.nl\/product\/dunavox-weinklimaschrank-grande-58-edelstahl-doppelzone-58-flaschen\/"},"modified":"2022-10-13T13:51:05","modified_gmt":"2022-10-13T11:51:05","slug":"dunavox-weinklimaschrank-grande-58-edelstahl-doppelzone-58-flaschen","status":"publish","type":"product","link":"https:\/\/www.xaro.nl\/de\/dunavox-weinklimaschrank-grande-58-edelstahl-doppelzone-58-flaschen\/","title":{"rendered":"Dunavox Weinklimaschrank Grande-58 Edelstahl (Doppelzone) &#8211; 58 Flaschen"},"content":{"rendered":"<h5><span style=\"color: #1b1919;\">DUNAVOX GRANDE-58 \/ DX-58.258DSS<\/span><\/h5>\n<p>Der Dunavox Grande-58 ist ein freistehendes Modell mit zwei Temperaturzonen und hat eine Kapazit\u00e4t von 58 Flaschen (0,75 Liter Bordeaux). Mit ihrem eleganten \u00c4u\u00dferen und einem T\u00fcrgriff aus Edelstahl ist die DUNAVOX Grande-58 perfekt f\u00fcr moderne K\u00fcchen, Restaurants oder Hotels. Die Flaschen stehen auf Regalen mit patentierten Pr\u00e4sentationsschienen und sind von doppelseitiger wei\u00dfer, bernsteinfarbener und blauer LED-Beleuchtung umgeben.<\/p>\n<p>Die obere Zone sollte k\u00e4lter sein als die untere Zone. Bitte beachten Sie, dass dieses Modell sowohl f\u00fcr die freistehende als auch f\u00fcr die eingebaute Verwendung geeignet ist.<\/p>\n","protected":false},"excerpt":{"rendered":"<p>Der Dunavox Weinklimaschrank Grande-58 hat eine doppelte Temperaturzone, kann sowohl freistehend als auch eingebaut verwendet werden und hat ein Fassungsverm\u00f6gen von 58 Flaschen (0,75 Liter Bordeaux).<\/p>\n","protected":false},"featured_media":26703,"comment_status":"closed","ping_status":"closed","template":"","meta":{"_acf_changed":false,"inline_featured_image":false},"product_brand":[],"product_cat":[330,333,329],"product_tag":[411],"class_list":{"0":"post-46168","1":"product","2":"type-product","3":"status-publish","4":"has-post-thumbnail","6":"product_cat-einbauschranke","7":"product_cat-weinklimaschranke","8":"product_cat-weinschranke","9":"product_tag-dunavox-de","10":"tm-no-options","12":"first","13":"instock","14":"taxable","15":"shipping-taxable","16":"purchasable","17":"product-type-simple"},"acf":[],"jetpack_sharing_enabled":true,"tiered_pricing_type":"fixed","tiered_pricing_fixed_rules":[],"tiered_pricing_product_settings":{"layout":"default","base_unit_name":{"singular":null,"plural":null},"default_variation":null},"tiered_pricing_minimum_quantity":null,"tiered_pricing_roles_data":[],"tiered_pricing_percentage_rules":[],"_links":{"self":[{"href":"https:\/\/www.xaro.nl\/de\/wp-json\/wp\/v2\/product\/46168","targetHints":{"allow":["GET"]}}],"collection":[{"href":"https:\/\/www.xaro.nl\/de\/wp-json\/wp\/v2\/product"}],"about":[{"href":"https:\/\/www.xaro.nl\/de\/wp-json\/wp\/v2\/types\/product"}],"replies":[{"embeddable":true,"href":"https:\/\/www.xaro.nl\/de\/wp-json\/wp\/v2\/comments?post=46168"}],"version-history":[{"count":0,"href":"https:\/\/www.xaro.nl\/de\/wp-json\/wp\/v2\/product\/46168\/revisions"}],"wp:featuredmedia":[{"embeddable":true,"href":"https:\/\/www.xaro.nl\/de\/wp-json\/wp\/v2\/media\/26703"}],"wp:attachment":[{"href":"https:\/\/www.xaro.nl\/de\/wp-json\/wp\/v2\/media?parent=46168"}],"wp:term":[{"taxonomy":"product_brand","embeddable":true,"href":"https:\/\/www.xaro.nl\/de\/wp-json\/wp\/v2\/product_brand?post=46168"},{"taxonomy":"product_cat","embeddable":true,"href":"https:\/\/www.xaro.nl\/de\/wp-json\/wp\/v2\/product_cat?post=46168"},{"taxonomy":"product_tag","embeddable":true,"href":"https:\/\/www.xaro.nl\/de\/wp-json\/wp\/v2\/product_tag?post=46168"}],"curies":[{"name":"wp","href":"https:\/\/api.w.org\/{rel}","templated":true}]}}