{"id":46165,"date":"2022-10-31T09:57:57","date_gmt":"2022-10-31T08:57:57","guid":{"rendered":"https:\/\/www.xaro.nl\/product\/dunavox-sektkuehler-sera-70-schwarz-einzelzone-70-flaschen\/"},"modified":"2022-10-31T09:57:57","modified_gmt":"2022-10-31T08:57:57","slug":"dunavox-sektkuehler-sera-70-schwarz-einzelzone-70-flaschen","status":"publish","type":"product","link":"https:\/\/www.xaro.nl\/de\/produkt\/dunavox-sektkuehler-sera-70-schwarz-einzelzone-70-flaschen\/","title":{"rendered":"Dunavox Sektk\u00fchler Sera-70 schwarz (Einzelzone) &#8211; 70 Flaschen"},"content":{"rendered":"<h5><span style=\"color: #1b1919;\">DUNAVOX SERA-70 \/ DX-70.258B<br \/>\n<\/span><\/h5>\n<p>Der Dunavox Sera-70 h\u00e4lt Ihre Lieblingsflasche mit Champagner oder Prosecco k\u00fchl und erfrischend. Der Dunavox Sera-70 ist ein freistehendes Modell mit einer einzigen Temperaturzone und hat eine Kapazit\u00e4t von 70 Champagnerflaschen (750 ml). Mit ihrem eleganten \u00c4u\u00dferen und einem T\u00fcrgriff aus Edelstahl ist die DUNAVOX Sera-70 perfekt f\u00fcr moderne K\u00fcchen, Restaurants oder Hotels. Die Flaschen stehen auf patentierten Pr\u00e4sentationsschienen und sind von wei\u00dfer, gelber und blauer LED-Beleuchtung umgeben.<\/p>\n<p>Bitte beachten Sie, dass dieses Modell sowohl f\u00fcr die freistehende als auch f\u00fcr die eingebaute Verwendung geeignet ist.<\/p>\n","protected":false},"excerpt":{"rendered":"<p>Der Dunavox Champagnerk\u00fchler Sera-70 hat eine einzige Temperaturzone, kann entweder freistehend oder eingebaut verwendet werden und hat ein Fassungsverm\u00f6gen von 70 Champagnerflaschen (750ml).<\/p>\n","protected":false},"featured_media":26712,"comment_status":"closed","ping_status":"closed","template":"","meta":{"_acf_changed":false,"inline_featured_image":false},"product_brand":[],"product_cat":[319,330,333,324,329],"product_tag":[411],"class_list":{"0":"post-46165","1":"product","2":"type-product","3":"status-publish","4":"has-post-thumbnail","6":"product_cat-champagner-kuhlschranke","7":"product_cat-einbauschranke","8":"product_cat-weinklimaschranke","9":"product_cat-weinkuhlschranke","10":"product_cat-weinschranke","11":"product_tag-dunavox-de","12":"tm-no-options","14":"first","15":"instock","16":"taxable","17":"shipping-taxable","18":"purchasable","19":"product-type-simple"},"acf":[],"jetpack_sharing_enabled":true,"tiered_pricing_type":"fixed","tiered_pricing_fixed_rules":[],"tiered_pricing_product_settings":{"layout":"default","base_unit_name":{"singular":null,"plural":null},"default_variation":null},"tiered_pricing_minimum_quantity":null,"tiered_pricing_roles_data":[],"tiered_pricing_percentage_rules":[],"_links":{"self":[{"href":"https:\/\/www.xaro.nl\/de\/wp-json\/wp\/v2\/product\/46165","targetHints":{"allow":["GET"]}}],"collection":[{"href":"https:\/\/www.xaro.nl\/de\/wp-json\/wp\/v2\/product"}],"about":[{"href":"https:\/\/www.xaro.nl\/de\/wp-json\/wp\/v2\/types\/product"}],"replies":[{"embeddable":true,"href":"https:\/\/www.xaro.nl\/de\/wp-json\/wp\/v2\/comments?post=46165"}],"version-history":[{"count":0,"href":"https:\/\/www.xaro.nl\/de\/wp-json\/wp\/v2\/product\/46165\/revisions"}],"wp:featuredmedia":[{"embeddable":true,"href":"https:\/\/www.xaro.nl\/de\/wp-json\/wp\/v2\/media\/26712"}],"wp:attachment":[{"href":"https:\/\/www.xaro.nl\/de\/wp-json\/wp\/v2\/media?parent=46165"}],"wp:term":[{"taxonomy":"product_brand","embeddable":true,"href":"https:\/\/www.xaro.nl\/de\/wp-json\/wp\/v2\/product_brand?post=46165"},{"taxonomy":"product_cat","embeddable":true,"href":"https:\/\/www.xaro.nl\/de\/wp-json\/wp\/v2\/product_cat?post=46165"},{"taxonomy":"product_tag","embeddable":true,"href":"https:\/\/www.xaro.nl\/de\/wp-json\/wp\/v2\/product_tag?post=46165"}],"curies":[{"name":"wp","href":"https:\/\/api.w.org\/{rel}","templated":true}]}}