{"id":46163,"date":"2022-10-13T11:34:07","date_gmt":"2022-10-13T09:34:07","guid":{"rendered":"https:\/\/www.xaro.nl\/product\/dunavox-weinklimaschrank-flow-38d-edelstahl-zwei-zonen-38-flaschen\/"},"modified":"2022-10-13T11:34:07","modified_gmt":"2022-10-13T09:34:07","slug":"dunavox-weinklimaschrank-flow-38d-edelstahl-zwei-zonen-38-flaschen","status":"publish","type":"product","link":"https:\/\/www.xaro.nl\/de\/dunavox-weinklimaschrank-flow-38d-edelstahl-zwei-zonen-38-flaschen\/","title":{"rendered":"Dunavox Weinklimaschrank Flow-38D Edelstahl (zwei Zonen) &#8211; 38 Flaschen"},"content":{"rendered":"<h5><span style=\"color: #1b1919;\">DUNAVOX FLOW-38 \/ DAUF-38.100DSS<\/span><\/h5>\n<p>Der Dunavox Weinklimaschrank Flow-38 hat eine doppelte Temperaturzone, kann entweder freistehend oder eingebaut verwendet werden und hat ein Fassungsverm\u00f6gen von 38 Flaschen (0,75 Liter Bordeaux). Mit ihrem eleganten \u00c4u\u00dferen und einem T\u00fcrgriff aus Edelstahl ist die DUNAVOX Flow-38 perfekt f\u00fcr moderne K\u00fcchen geeignet. Eingebaut unter einer K\u00fccheninsel oder Arbeitsplatte ist er ein echter Blickfang. Die Flaschen werden auf Regalen aus massivem Buchenholz pr\u00e4sentiert und sind von einer wei\u00dfen, bernsteinfarbenen und blauen LED-Innenbeleuchtung umgeben.<\/p>\n<p>2 Temperaturzonen: einstellbar mit einer maximalen Differenz von 8 \u00b0C. Bitte beachten Sie, dass dieses Modell sowohl f\u00fcr die freistehende als auch f\u00fcr die eingebaute Verwendung geeignet ist.<\/p>\n","protected":false},"excerpt":{"rendered":"<p>Der Dunavox Weinklimaschrank Flow-38 hat eine doppelte Temperaturzone, kann entweder freistehend oder eingebaut verwendet werden und hat ein Fassungsverm\u00f6gen von 38 Flaschen (0,75 Liter Bordeaux).<\/p>\n","protected":false},"featured_media":26697,"comment_status":"closed","ping_status":"closed","template":"","meta":{"_acf_changed":false,"inline_featured_image":false},"product_brand":[],"product_cat":[330,333,329],"product_tag":[411],"class_list":{"0":"post-46163","1":"product","2":"type-product","3":"status-publish","4":"has-post-thumbnail","6":"product_cat-einbauschranke","7":"product_cat-weinklimaschranke","8":"product_cat-weinschranke","9":"product_tag-dunavox-de","10":"tm-no-options","12":"first","13":"instock","14":"taxable","15":"shipping-taxable","16":"purchasable","17":"product-type-simple"},"acf":[],"jetpack_sharing_enabled":true,"tiered_pricing_type":"fixed","tiered_pricing_fixed_rules":[],"tiered_pricing_product_settings":{"layout":"default","base_unit_name":{"singular":null,"plural":null},"default_variation":null},"tiered_pricing_minimum_quantity":null,"tiered_pricing_roles_data":[],"tiered_pricing_percentage_rules":[],"_links":{"self":[{"href":"https:\/\/www.xaro.nl\/de\/wp-json\/wp\/v2\/product\/46163","targetHints":{"allow":["GET"]}}],"collection":[{"href":"https:\/\/www.xaro.nl\/de\/wp-json\/wp\/v2\/product"}],"about":[{"href":"https:\/\/www.xaro.nl\/de\/wp-json\/wp\/v2\/types\/product"}],"replies":[{"embeddable":true,"href":"https:\/\/www.xaro.nl\/de\/wp-json\/wp\/v2\/comments?post=46163"}],"version-history":[{"count":0,"href":"https:\/\/www.xaro.nl\/de\/wp-json\/wp\/v2\/product\/46163\/revisions"}],"wp:featuredmedia":[{"embeddable":true,"href":"https:\/\/www.xaro.nl\/de\/wp-json\/wp\/v2\/media\/26697"}],"wp:attachment":[{"href":"https:\/\/www.xaro.nl\/de\/wp-json\/wp\/v2\/media?parent=46163"}],"wp:term":[{"taxonomy":"product_brand","embeddable":true,"href":"https:\/\/www.xaro.nl\/de\/wp-json\/wp\/v2\/product_brand?post=46163"},{"taxonomy":"product_cat","embeddable":true,"href":"https:\/\/www.xaro.nl\/de\/wp-json\/wp\/v2\/product_cat?post=46163"},{"taxonomy":"product_tag","embeddable":true,"href":"https:\/\/www.xaro.nl\/de\/wp-json\/wp\/v2\/product_tag?post=46163"}],"curies":[{"name":"wp","href":"https:\/\/api.w.org\/{rel}","templated":true}]}}