{"id":46153,"date":"2022-10-03T14:43:58","date_gmt":"2022-10-03T12:43:58","guid":{"rendered":"https:\/\/www.xaro.nl\/product\/passionsgrill-gartenkamin-grill-aus-edelstahl-cute-l-o78-x-242-cm\/"},"modified":"2024-07-10T17:04:39","modified_gmt":"2024-07-10T15:04:39","slug":"passionsgrill-gartenkamin-grill-aus-edelstahl-cute-l-o78-x-242-cm","status":"publish","type":"product","link":"https:\/\/www.xaro.nl\/de\/passionsgrill-gartenkamin-grill-aus-edelstahl-cute-l-o78-x-242-cm\/","title":{"rendered":"Passionsgrill Gartenkamin \/ Grill aus Edelstahl &#8211; CUTE L &#8211; \u00d878 x 242 cm"},"content":{"rendered":"\t\t<div data-elementor-type=\"product-post\" data-elementor-id=\"46153\" class=\"elementor elementor-46153 elementor-20952\" data-elementor-post-type=\"product\">\n\t\t\t\t\t\t<section class=\"wd-negative-gap elementor-section elementor-top-section elementor-element elementor-element-4b4a7466 elementor-section-boxed elementor-section-height-default elementor-section-height-default\" data-id=\"4b4a7466\" data-element_type=\"section\" data-e-type=\"section\">\n\t\t\t\t\t\t<div class=\"elementor-container elementor-column-gap-default\">\n\t\t\t\t\t<div class=\"elementor-column elementor-col-100 elementor-top-column elementor-element elementor-element-23044a67\" data-id=\"23044a67\" data-element_type=\"column\" data-e-type=\"column\">\n\t\t\t<div class=\"elementor-widget-wrap elementor-element-populated\">\n\t\t\t\t\t\t<div class=\"elementor-element elementor-element-643ee586 color-scheme-inherit text-left elementor-widget elementor-widget-text-editor\" data-id=\"643ee586\" data-element_type=\"widget\" data-e-type=\"widget\" data-widget_type=\"text-editor.default\">\n\t\t\t\t<div class=\"elementor-widget-container\">\n\t\t\t\t\t\t\t\t\t<p>Die Lieferzeit f\u00fcr Passionsgrill Au\u00dfenkamine\/Grills betr\u00e4gt 3-5 Arbeitstage, sofern auf Lager. Falls das Produkt nicht auf Lager ist, rechnen Sie bitte mit einer Lieferzeit von ca. 2-3 Wochen. Wenn Sie Fragen haben, k\u00f6nnen Sie uns jederzeit kontaktieren unter <strong><br \/>\n  <span class=\"header-usp-list-item-wrapper\"><br \/>\n    <a href=\"callto:+31356945004\">035 &#8211; 694 50 04<\/a><br \/>\n  <\/span><br \/>\n<\/strong><span class=\"header-usp-list-item-wrapper\">.<\/span><\/p>\n<h2><strong>Passionsgrill Niedlicher Au\u00dfenkamin<\/strong><\/h2>\n<p>Der CUTE Gartenkamin hat das gleiche elegante Aussehen wie alle anderen Passionsgrill-Au\u00dfenkamine und BBQ-Kamine. Die Qualit\u00e4t der Herstellung ist die gleiche wie bei allen Passionsgrill-Produkten, denn auch hier wird alles von Hand gefertigt. Ein wesentliches Merkmal, das den CUTE auszeichnet, ist, dass es keine Innenwand in der Feuerhaube oder der R\u00fcckwand des Feuerraums gibt, da diese einwandig sind. Ein cleveres St\u00fcck Arbeit aus Deutschland!<\/p>\n<h3><strong>Erleben Sie unvergessliche kulinarische Highlights<\/strong><\/h3>\n<p>Da die Feuerkuppel einwandig ist, wird viel Platz gespart und fast alles Zubeh\u00f6r passt auf das CUTE Modell. Mit dem verf\u00fcgbaren (Grill-)Zubeh\u00f6r wie Grillrost, Pfanne, Wok, Rotisserie usw. erleben Sie unvergessliche kulinarische H\u00f6hepunkte &#8211; w\u00e4hrend Sie abends drau\u00dfen die W\u00e4rme genie\u00dfen. Das Modell Cute wird eine Quelle des Lichts und der W\u00e4rme in Ihrem Garten oder auf Ihrer Terrasse sein, perfekt, um eine gem\u00fctliche Lounge-Atmosph\u00e4re zu schaffen.<\/p>\n<h3><strong>Einfach zu benutzen<\/strong><\/h3>\n<p>Der CUTE Gartenkamin in Gr\u00f6\u00dfe L ist mit vier R\u00e4dern ausgestattet, so dass er leicht zu transportieren und zu bewegen ist, auch w\u00e4hrend des Heizens. Die gleichm\u00e4\u00dfige W\u00e4rmeverteilung wird durch die feuerfesten Steine im Feuerraum gew\u00e4hrleistet.<\/p>\n<p>W\u00e4hlen Sie einen sch\u00f6nen Au\u00dfenkamin von Passionsgrill f\u00fcr Ihre Veranda, Terrasse oder Ihren Garten.<\/p>\n<p><span style=\"color: #202b34;\"><strong>Ma\u00dfe<\/strong><\/span><\/p>\n<p>H\u00f6he: 242cm<br \/>\u00c4u\u00dferer Durchmesser: 78cm<br \/>Innendurchmesser: 65cm<\/p>\n\t\t\t\t\t\t\t\t<\/div>\n\t\t\t\t<\/div>\n\t\t\t\t\t<\/div>\n\t\t<\/div>\n\t\t\t\t\t<\/div>\n\t\t<\/section>\n\t\t\t\t<\/div>\n\t\t","protected":false},"excerpt":{"rendered":"<p>Passionsgrill verwendet f\u00fcr die Herstellung von Gartenkaminen und -grills nur die hochwertigsten Materialien. Das Modell CUTE ist vollst\u00e4ndig aus rostfreiem Stahl AISI 304L (1.4037) gefertigt. So k\u00f6nnen diese Kamine jahrelang allen Wetterbedingungen standhalten.<\/p>\n<p>Das Modell CUTE ist in 2 verschiedenen Ausf\u00fchrungen und 3 Gr\u00f6\u00dfen erh\u00e4ltlich. Sie sehen jetzt das Modell &#8222;L&#8220;. Bitte beachten Sie, dass die Produktfotos haupts\u00e4chlich die XL-Variante des CUTE-Modells zeigen. Sie k\u00f6nnen die Gr\u00f6\u00dfenunterschiede auf dem letzten Bild erkennen.<\/p>\n","protected":false},"featured_media":26664,"comment_status":"closed","ping_status":"closed","template":"","meta":{"_acf_changed":false,"inline_featured_image":false},"product_brand":[],"product_cat":[314],"product_tag":[400],"class_list":{"0":"post-46153","1":"product","2":"type-product","3":"status-publish","4":"has-post-thumbnail","6":"product_cat-grills-gartenkamine","7":"product_tag-passionsgrill-de","8":"tm-has-styled-variations","9":"tm-has-options","11":"first","12":"instock","13":"taxable","14":"shipping-taxable","15":"purchasable","16":"product-type-variable","17":"has-default-attributes"},"acf":[],"jetpack_sharing_enabled":true,"tiered_pricing_type":"fixed","tiered_pricing_fixed_rules":[],"tiered_pricing_product_settings":{"layout":"default","base_unit_name":{"singular":null,"plural":null},"default_variation":null},"tiered_pricing_minimum_quantity":null,"tiered_pricing_roles_data":[],"tiered_pricing_percentage_rules":[],"_links":{"self":[{"href":"https:\/\/www.xaro.nl\/de\/wp-json\/wp\/v2\/product\/46153","targetHints":{"allow":["GET"]}}],"collection":[{"href":"https:\/\/www.xaro.nl\/de\/wp-json\/wp\/v2\/product"}],"about":[{"href":"https:\/\/www.xaro.nl\/de\/wp-json\/wp\/v2\/types\/product"}],"replies":[{"embeddable":true,"href":"https:\/\/www.xaro.nl\/de\/wp-json\/wp\/v2\/comments?post=46153"}],"version-history":[{"count":1,"href":"https:\/\/www.xaro.nl\/de\/wp-json\/wp\/v2\/product\/46153\/revisions"}],"predecessor-version":[{"id":46157,"href":"https:\/\/www.xaro.nl\/de\/wp-json\/wp\/v2\/product\/46153\/revisions\/46157"}],"wp:featuredmedia":[{"embeddable":true,"href":"https:\/\/www.xaro.nl\/de\/wp-json\/wp\/v2\/media\/26664"}],"wp:attachment":[{"href":"https:\/\/www.xaro.nl\/de\/wp-json\/wp\/v2\/media?parent=46153"}],"wp:term":[{"taxonomy":"product_brand","embeddable":true,"href":"https:\/\/www.xaro.nl\/de\/wp-json\/wp\/v2\/product_brand?post=46153"},{"taxonomy":"product_cat","embeddable":true,"href":"https:\/\/www.xaro.nl\/de\/wp-json\/wp\/v2\/product_cat?post=46153"},{"taxonomy":"product_tag","embeddable":true,"href":"https:\/\/www.xaro.nl\/de\/wp-json\/wp\/v2\/product_tag?post=46153"}],"curies":[{"name":"wp","href":"https:\/\/api.w.org\/{rel}","templated":true}]}}