{"id":46141,"date":"2022-10-03T19:40:28","date_gmt":"2022-10-03T17:40:28","guid":{"rendered":"https:\/\/www.xaro.nl\/product\/passionsgrill-gartenkamin-grill-aus-edelstahl-shine-xl-o100-x-250-cm\/"},"modified":"2024-07-10T17:04:37","modified_gmt":"2024-07-10T15:04:37","slug":"passionsgrill-gartenkamin-grill-aus-edelstahl-shine-xl-o100-x-250-cm","status":"publish","type":"product","link":"https:\/\/www.xaro.nl\/de\/produkt\/passionsgrill-gartenkamin-grill-aus-edelstahl-shine-xl-o100-x-250-cm\/","title":{"rendered":"Passionsgrill Gartenkamin \/ Grill aus Edelstahl &#8211; SHINE XL &#8211; \u00d8100 x 250 cm"},"content":{"rendered":"\t\t<div data-elementor-type=\"product-post\" data-elementor-id=\"46141\" class=\"elementor elementor-46141 elementor-21009\" data-elementor-post-type=\"product\">\n\t\t\t\t\t\t<section class=\"wd-negative-gap elementor-section elementor-top-section elementor-element elementor-element-4b4a7466 elementor-section-boxed elementor-section-height-default elementor-section-height-default\" data-id=\"4b4a7466\" data-element_type=\"section\" data-e-type=\"section\">\n\t\t\t\t\t\t<div class=\"elementor-container elementor-column-gap-default\">\n\t\t\t\t\t<div class=\"elementor-column elementor-col-100 elementor-top-column elementor-element elementor-element-23044a67\" data-id=\"23044a67\" data-element_type=\"column\" data-e-type=\"column\">\n\t\t\t<div class=\"elementor-widget-wrap elementor-element-populated\">\n\t\t\t\t\t\t<div class=\"elementor-element elementor-element-643ee586 color-scheme-inherit text-left elementor-widget elementor-widget-text-editor\" data-id=\"643ee586\" data-element_type=\"widget\" data-e-type=\"widget\" data-widget_type=\"text-editor.default\">\n\t\t\t\t<div class=\"elementor-widget-container\">\n\t\t\t\t\t\t\t\t\t<p>Die Lieferzeit f\u00fcr Passionsgrill Au\u00dfenkamine\/Grills betr\u00e4gt 3-5 Arbeitstage, sofern auf Lager. Falls das Produkt nicht auf Lager ist, rechnen Sie bitte mit einer Lieferzeit von ca. 2-3 Wochen. Wenn Sie Fragen haben, k\u00f6nnen Sie uns jederzeit kontaktieren unter <strong><br \/>\n  <span class=\"header-usp-list-item-wrapper\"><br \/>\n    <a href=\"callto:+31356945004\">035 &#8211; 694 50 04<\/a><br \/>\n  <\/span><br \/>\n<\/strong><span class=\"header-usp-list-item-wrapper\">.<\/span><\/p>\n<h2><strong>Passionsgrill Shine Au\u00dfenkamin<\/strong><\/h2>\n<p>Die SHINE Garten- und Grillkamine sind f\u00fcr echte Enthusiasten gedacht, die etwas &#8222;mehr&#8220; oder etwas &#8222;anderes&#8220; als einen gew\u00f6hnlichen Kamin wollen. Mit diesem Modell heben Sie sich nicht nur durch sein elegantes Aussehen von der Masse ab &#8211; sondern auch durch die Ausstattung und die verwendeten Materialien. Eines der wichtigsten Merkmale des SHINE-Modells ist der doppelwandige Kamin, die doppelwandige Abzugshaube und der doppelwandige Feuerraum mit Steinwollisolierung zwischen den W\u00e4nden. Sie brauchen sich also keine Sorgen zu machen, wenn sogar Kinder die R\u00fcckseite des Kamins oder die Haube des Kamins ber\u00fchren, w\u00e4hrend er brennt, da die W\u00e4nde dank dieses Isolationssystems k\u00fchl bleiben. Dies macht SHINE zu einem der sichersten und komplexesten Modelle von Passionsgrill. Au\u00dferdem verf\u00e4rbt sich der rostfreie Stahl selbst bei h\u00f6chsten Temperaturen nicht. Ein cleveres St\u00fcck Arbeit aus Deutschland! Ein wichtiges optisches Detail des SHINE ist die speziell angefertigte Glasschiebet\u00fcr rundum.<\/p>\n<h3><strong>Erleben Sie unvergessliche kulinarische Highlights<\/strong><\/h3>\n<p>Mit dem ebenfalls erh\u00e4ltlichen (Grill-)Zubeh\u00f6r wie Grillrost, Pfanne, Wok, Rotisserie usw. erleben Sie unvergessliche kulinarische Highlights &#8211; w\u00e4hrend Sie abends drau\u00dfen die W\u00e4rme genie\u00dfen. Das Modell Shine wird eine Quelle des Lichts und der W\u00e4rme in Ihrem Garten oder auf Ihrer Terrasse sein, perfekt, um eine gem\u00fctliche Lounge-Atmosph\u00e4re zu schaffen.<\/p>\n<h3><strong>Einfach zu benutzen<\/strong><\/h3>\n<p>Wie der SONSY ist auch der SHINE auf 4 Gummir\u00e4dern leicht zu transportieren. So sind auch mit dem SHINE jahrelanges Kaminvergn\u00fcgen, Komfort und der Erhalt eines sch\u00f6nen Aussehens garantiert.<\/p>\n<p>W\u00e4hlen Sie einen sch\u00f6nen Au\u00dfenkamin von Passionsgrill f\u00fcr Ihre Veranda, Terrasse oder Ihren Garten.<\/p>\n<p><span style=\"color: #202b34;\"><strong>Ma\u00dfe<\/strong><\/span><\/p>\n<p>H\u00f6he: 250cm<br \/>\u00c4u\u00dferer Durchmesser: 100cm<br \/>Innendurchmesser: 70cm<\/p>\n\t\t\t\t\t\t\t\t<\/div>\n\t\t\t\t<\/div>\n\t\t\t\t\t<\/div>\n\t\t<\/div>\n\t\t\t\t\t<\/div>\n\t\t<\/section>\n\t\t\t\t<\/div>\n\t\t","protected":false},"excerpt":{"rendered":"<p>Passionsgrill verwendet f\u00fcr die Herstellung von Gartenkaminen und -grills nur die hochwertigsten Materialien. Das Modell SHINE ist komplett aus rostfreiem Stahl AISI 304L (1.4037) oder, auf Anfrage, aus rostfreiem Stahl AISI 316 (1.4401) gefertigt. So k\u00f6nnen diese Kamine jahrelang allen Wetterbedingungen standhalten.<\/p>\n<p>Das Modell SHINE ist in 3 verschiedenen Ausf\u00fchrungen sowie in 2 Gr\u00f6\u00dfen erh\u00e4ltlich. Sie sehen jetzt das Modell &#8222;XL&#8220;. Sie k\u00f6nnen die Gr\u00f6\u00dfenunterschiede auf dem letzten Bild erkennen. F\u00fcr das Modell Shine in geb\u00fcrstetem Edelstahl sind derzeit keine Fotos verf\u00fcgbar. Ein Beispiel f\u00fcr geb\u00fcrsteten Edelstahl finden Sie bei dem <a href=\"https:\/\/www.xaro.nl\/product\/passionsgrill-tuinhaard-barbecue-rvs-sonsy-m-o72-x-250-cm\/\" target=\"_blank\" rel=\"noopener\">Modell Sonsy<\/a>.<\/p>\n","protected":false},"featured_media":26684,"comment_status":"closed","ping_status":"closed","template":"","meta":{"_acf_changed":false,"inline_featured_image":false},"product_brand":[],"product_cat":[314],"product_tag":[400],"class_list":{"0":"post-46141","1":"product","2":"type-product","3":"status-publish","4":"has-post-thumbnail","6":"product_cat-grills-gartenkamine","7":"product_tag-passionsgrill-de","8":"tm-has-styled-variations","9":"tm-has-options","11":"first","12":"instock","13":"taxable","14":"shipping-taxable","15":"purchasable","16":"product-type-variable","17":"has-default-attributes"},"acf":[],"jetpack_sharing_enabled":true,"tiered_pricing_type":"fixed","tiered_pricing_fixed_rules":[],"tiered_pricing_product_settings":{"layout":"default","base_unit_name":{"singular":null,"plural":null},"default_variation":null},"tiered_pricing_minimum_quantity":null,"tiered_pricing_roles_data":[],"tiered_pricing_percentage_rules":[],"_links":{"self":[{"href":"https:\/\/www.xaro.nl\/de\/wp-json\/wp\/v2\/product\/46141","targetHints":{"allow":["GET"]}}],"collection":[{"href":"https:\/\/www.xaro.nl\/de\/wp-json\/wp\/v2\/product"}],"about":[{"href":"https:\/\/www.xaro.nl\/de\/wp-json\/wp\/v2\/types\/product"}],"replies":[{"embeddable":true,"href":"https:\/\/www.xaro.nl\/de\/wp-json\/wp\/v2\/comments?post=46141"}],"version-history":[{"count":1,"href":"https:\/\/www.xaro.nl\/de\/wp-json\/wp\/v2\/product\/46141\/revisions"}],"predecessor-version":[{"id":46147,"href":"https:\/\/www.xaro.nl\/de\/wp-json\/wp\/v2\/product\/46141\/revisions\/46147"}],"wp:featuredmedia":[{"embeddable":true,"href":"https:\/\/www.xaro.nl\/de\/wp-json\/wp\/v2\/media\/26684"}],"wp:attachment":[{"href":"https:\/\/www.xaro.nl\/de\/wp-json\/wp\/v2\/media?parent=46141"}],"wp:term":[{"taxonomy":"product_brand","embeddable":true,"href":"https:\/\/www.xaro.nl\/de\/wp-json\/wp\/v2\/product_brand?post=46141"},{"taxonomy":"product_cat","embeddable":true,"href":"https:\/\/www.xaro.nl\/de\/wp-json\/wp\/v2\/product_cat?post=46141"},{"taxonomy":"product_tag","embeddable":true,"href":"https:\/\/www.xaro.nl\/de\/wp-json\/wp\/v2\/product_tag?post=46141"}],"curies":[{"name":"wp","href":"https:\/\/api.w.org\/{rel}","templated":true}]}}