{"id":46133,"date":"2022-10-03T10:22:29","date_gmt":"2022-10-03T08:22:29","guid":{"rendered":"https:\/\/www.xaro.nl\/product\/passionsgrill-gartenkamin-grill-aus-edelstahl-galaxy-o90-x-100-cm\/"},"modified":"2024-07-10T17:04:38","modified_gmt":"2024-07-10T15:04:38","slug":"passionsgrill-gartenkamin-grill-aus-edelstahl-galaxy-o90-x-100-cm","status":"publish","type":"product","link":"https:\/\/www.xaro.nl\/de\/passionsgrill-gartenkamin-grill-aus-edelstahl-galaxy-o90-x-100-cm\/","title":{"rendered":"Passionsgrill Gartenkamin \/ Grill aus Edelstahl &#8211; GALAXY &#8211; \u00d890 x 100 cm"},"content":{"rendered":"\t\t<div data-elementor-type=\"product-post\" data-elementor-id=\"46133\" class=\"elementor elementor-46133 elementor-20768\" data-elementor-post-type=\"product\">\n\t\t\t\t\t\t<section class=\"wd-negative-gap elementor-section elementor-top-section elementor-element elementor-element-4e4ba0ff elementor-section-boxed elementor-section-height-default elementor-section-height-default\" data-id=\"4e4ba0ff\" data-element_type=\"section\" data-e-type=\"section\">\n\t\t\t\t\t\t<div class=\"elementor-container elementor-column-gap-default\">\n\t\t\t\t\t<div class=\"elementor-column elementor-col-100 elementor-top-column elementor-element elementor-element-43e86a48\" data-id=\"43e86a48\" data-element_type=\"column\" data-e-type=\"column\">\n\t\t\t<div class=\"elementor-widget-wrap elementor-element-populated\">\n\t\t\t\t\t\t<div class=\"elementor-element elementor-element-2f6e5bee color-scheme-inherit text-left elementor-widget elementor-widget-text-editor\" data-id=\"2f6e5bee\" data-element_type=\"widget\" data-e-type=\"widget\" data-widget_type=\"text-editor.default\">\n\t\t\t\t<div class=\"elementor-widget-container\">\n\t\t\t\t\t\t\t\t\t<p>Die Lieferzeit f\u00fcr Passionsgrill Au\u00dfenkamine\/Grills betr\u00e4gt 3-5 Arbeitstage, sofern auf Lager. Falls das Produkt nicht auf Lager ist, rechnen Sie bitte mit einer Lieferzeit von ca. 2-3 Wochen. Wenn Sie Fragen haben, k\u00f6nnen Sie uns jederzeit kontaktieren unter <strong><br \/>\n  <span class=\"header-usp-list-item-wrapper\"><br \/>\n    <a href=\"callto:+31356945004\">035 &#8211; 694 50 04<\/a><br \/>\n  <\/span><br \/>\n<\/strong><span class=\"header-usp-list-item-wrapper\">.<\/span><\/p>\n<h2><strong>Passionsgrill Galaxy Gartenkamin<\/strong><\/h2>\n<p>Der Galaxy Gartenkamin\/Grill ist ein langlebiges und elegantes Modell. F\u00fcr die Herstellung des GALAXY Au\u00dfenkamins verwendet Passionsgrill den gleichen hochwertigen Edelstahl wie f\u00fcr alle seine Produkte. So k\u00f6nnen diese Kamine jahrelang allen Wetterbedingungen standhalten. Ein cleveres St\u00fcck Arbeit aus Deutschland!<\/p>\n<h3><strong>Erleben Sie unvergessliche kulinarische Highlights<\/strong><\/h3>\n<p>Mit dem ebenfalls erh\u00e4ltlichen (Grill-)Zubeh\u00f6r wie dem Grillrost, der Pfanne, dem Wok usw. erleben Sie unvergessliche kulinarische H\u00f6hepunkte &#8211; w\u00e4hrend Sie abends drau\u00dfen die W\u00e4rme genie\u00dfen. Das Modell Galaxy wird eine Quelle des Lichts und der W\u00e4rme in Ihrem Garten oder auf Ihrer Terrasse sein, perfekt, um eine gem\u00fctliche Lounge-Atmosph\u00e4re zu schaffen.<\/p>\n<h3><strong>Einfach zu benutzen<\/strong><\/h3>\n<p>Der Galaxy Gartenkamin hat vier R\u00e4der, so dass er leicht zu transportieren und zu bewegen ist, auch w\u00e4hrend des Heizens. Dank der Ascheschublade ist der GALAXY Passions Grill leicht zu reinigen. Es ist auch m\u00f6glich, eine Abdeckung f\u00fcr den GALAXY Gartenkamin zu kaufen, um ihn bei Nichtgebrauch oder bei schlechtem Wetter zu sch\u00fctzen.<\/p>\n<p>W\u00e4hlen Sie einen sch\u00f6nen Au\u00dfenkamin von Passionsgrill f\u00fcr Ihre Veranda, Terrasse oder Ihren Garten.<\/p>\n<p><span style=\"color: #202b34;\"><strong>Ma\u00dfe<\/strong><\/span><\/p>\n<p>H\u00f6he: 100cm<br \/>\u00c4u\u00dferer Durchmesser: 90cm<\/p>\n\t\t\t\t\t\t\t\t<\/div>\n\t\t\t\t<\/div>\n\t\t\t\t\t<\/div>\n\t\t<\/div>\n\t\t\t\t\t<\/div>\n\t\t<\/section>\n\t\t\t\t<\/div>\n\t\t","protected":false},"excerpt":{"rendered":"<p>Passionsgrill verwendet f\u00fcr die Herstellung von Gartenkaminen und -grills nur die hochwertigsten Materialien. Das Modell GALAXY ist vollst\u00e4ndig aus rostfreiem Stahl AISI 304L (1.4037) gefertigt. So k\u00f6nnen diese Kamine jahrelang allen Wetterbedingungen standhalten. Die Stahlplatte auf der Oberseite ist satte 12 mm dick.<\/p>\n","protected":false},"featured_media":26652,"comment_status":"closed","ping_status":"closed","template":"","meta":{"_acf_changed":false,"inline_featured_image":false},"product_brand":[],"product_cat":[314],"product_tag":[400],"class_list":{"0":"post-46133","1":"product","2":"type-product","3":"status-publish","4":"has-post-thumbnail","6":"product_cat-grills-gartenkamine","7":"product_tag-passionsgrill-de","8":"tm-has-options","10":"first","11":"instock","12":"taxable","13":"shipping-taxable","14":"purchasable","15":"product-type-simple"},"acf":[],"jetpack_sharing_enabled":true,"tiered_pricing_type":"fixed","tiered_pricing_fixed_rules":[],"tiered_pricing_product_settings":{"layout":"default","base_unit_name":{"singular":null,"plural":null},"default_variation":null},"tiered_pricing_minimum_quantity":null,"tiered_pricing_roles_data":[],"tiered_pricing_percentage_rules":[],"_links":{"self":[{"href":"https:\/\/www.xaro.nl\/de\/wp-json\/wp\/v2\/product\/46133","targetHints":{"allow":["GET"]}}],"collection":[{"href":"https:\/\/www.xaro.nl\/de\/wp-json\/wp\/v2\/product"}],"about":[{"href":"https:\/\/www.xaro.nl\/de\/wp-json\/wp\/v2\/types\/product"}],"replies":[{"embeddable":true,"href":"https:\/\/www.xaro.nl\/de\/wp-json\/wp\/v2\/comments?post=46133"}],"version-history":[{"count":1,"href":"https:\/\/www.xaro.nl\/de\/wp-json\/wp\/v2\/product\/46133\/revisions"}],"predecessor-version":[{"id":46138,"href":"https:\/\/www.xaro.nl\/de\/wp-json\/wp\/v2\/product\/46133\/revisions\/46138"}],"wp:featuredmedia":[{"embeddable":true,"href":"https:\/\/www.xaro.nl\/de\/wp-json\/wp\/v2\/media\/26652"}],"wp:attachment":[{"href":"https:\/\/www.xaro.nl\/de\/wp-json\/wp\/v2\/media?parent=46133"}],"wp:term":[{"taxonomy":"product_brand","embeddable":true,"href":"https:\/\/www.xaro.nl\/de\/wp-json\/wp\/v2\/product_brand?post=46133"},{"taxonomy":"product_cat","embeddable":true,"href":"https:\/\/www.xaro.nl\/de\/wp-json\/wp\/v2\/product_cat?post=46133"},{"taxonomy":"product_tag","embeddable":true,"href":"https:\/\/www.xaro.nl\/de\/wp-json\/wp\/v2\/product_tag?post=46133"}],"curies":[{"name":"wp","href":"https:\/\/api.w.org\/{rel}","templated":true}]}}