{"id":45995,"date":"2022-08-24T11:01:46","date_gmt":"2022-08-24T09:01:46","guid":{"rendered":"https:\/\/www.xaro.nl\/product\/passionsgrill-gartenkamin-grill-aus-edelstahl-sonsy-m-o72-x-250-cm\/"},"modified":"2024-07-10T17:03:57","modified_gmt":"2024-07-10T15:03:57","slug":"passionsgrill-gartenkamin-grill-aus-edelstahl-sonsy-m-o72-x-250-cm","status":"publish","type":"product","link":"https:\/\/www.xaro.nl\/de\/passionsgrill-gartenkamin-grill-aus-edelstahl-sonsy-m-o72-x-250-cm\/","title":{"rendered":"Passionsgrill Gartenkamin \/ Grill aus Edelstahl &#8211; SONSY M &#8211; \u00d872 x 250 cm"},"content":{"rendered":"\t\t<div data-elementor-type=\"product-post\" data-elementor-id=\"45995\" class=\"elementor elementor-45995 elementor-20343\" data-elementor-post-type=\"product\">\n\t\t\t\t\t\t<section class=\"wd-negative-gap elementor-section elementor-top-section elementor-element elementor-element-4b4a7466 elementor-section-boxed elementor-section-height-default elementor-section-height-default\" data-id=\"4b4a7466\" data-element_type=\"section\" data-e-type=\"section\">\n\t\t\t\t\t\t<div class=\"elementor-container elementor-column-gap-default\">\n\t\t\t\t\t<div class=\"elementor-column elementor-col-100 elementor-top-column elementor-element elementor-element-23044a67\" data-id=\"23044a67\" data-element_type=\"column\" data-e-type=\"column\">\n\t\t\t<div class=\"elementor-widget-wrap elementor-element-populated\">\n\t\t\t\t\t\t<div class=\"elementor-element elementor-element-643ee586 color-scheme-inherit text-left elementor-widget elementor-widget-text-editor\" data-id=\"643ee586\" data-element_type=\"widget\" data-e-type=\"widget\" data-widget_type=\"text-editor.default\">\n\t\t\t\t<div class=\"elementor-widget-container\">\n\t\t\t\t\t\t\t\t\t<p>Die Lieferzeit f\u00fcr Passionsgrill Au\u00dfenkamine\/Grills betr\u00e4gt 3-5 Arbeitstage, sofern auf Lager. Falls das Produkt nicht auf Lager ist, rechnen Sie bitte mit einer Lieferzeit von ca. 2-3 Wochen. Wenn Sie Fragen haben, k\u00f6nnen Sie uns jederzeit kontaktieren unter <strong><br \/>\n  <span class=\"header-usp-list-item-wrapper\"><br \/>\n    <a href=\"callto:+31356945004\">035 &#8211; 694 50 04<\/a><br \/>\n  <\/span><br \/>\n<\/strong><span class=\"header-usp-list-item-wrapper\">.<\/span><\/p>\n<h2><strong>Passionsgrill Sonsy Au\u00dfenkamin<\/strong><\/h2>\n<p>Das SONSY M Grillfeuer ist ein langlebiges und elegantes Modell. F\u00fcr die Herstellung des SONSY Au\u00dfenkamins verwendet Passionsgrill den gleichen hochwertigen Edelstahl wie f\u00fcr alle seine Produkte. So k\u00f6nnen diese Kamine jahrelang allen Wetterbedingungen standhalten. Ein cleveres St\u00fcck Arbeit aus Deutschland!<\/p>\n<h3><strong>Erleben Sie unvergessliche kulinarische Highlights<\/strong><\/h3>\n<p>Mit dem ebenfalls erh\u00e4ltlichen (Grill-)Zubeh\u00f6r wie Grillrost, Pfanne, Wok, Rotisserie usw. erleben Sie unvergessliche kulinarische Highlights &#8211; w\u00e4hrend Sie abends drau\u00dfen die W\u00e4rme genie\u00dfen. Das Modell Sonsy wird eine Quelle des Lichts und der W\u00e4rme in Ihrem Garten oder auf Ihrer Terrasse sein, perfekt, um eine gem\u00fctliche Lounge-Atmosph\u00e4re zu schaffen.<\/p>\n<h3><strong>Einfach zu benutzen<\/strong><\/h3>\n<p>Der Gartenkamin SONSY in der Gr\u00f6\u00dfe M hat vier R\u00e4der, so dass er leicht zu transportieren und zu bewegen ist, auch w\u00e4hrend des Heizens. Die gleichm\u00e4\u00dfige W\u00e4rmeverteilung wird durch die feuerfesten Steine im Feuerraum gew\u00e4hrleistet.<\/p>\n<p>W\u00e4hlen Sie einen sch\u00f6nen Au\u00dfenkamin von Passionsgrill f\u00fcr Ihre Veranda, Terrasse oder Ihren Garten.<\/p>\n<p><span style=\"color: #202b34;\"><strong>Ma\u00dfe<\/strong><\/span><\/p>\n<p>H\u00f6he: 250cm<br \/>\u00c4u\u00dferer Durchmesser: 72cm<br \/>Innendurchmesser: 50cm<\/p>\n\t\t\t\t\t\t\t\t<\/div>\n\t\t\t\t<\/div>\n\t\t\t\t\t<\/div>\n\t\t<\/div>\n\t\t\t\t\t<\/div>\n\t\t<\/section>\n\t\t\t\t<\/div>\n\t\t","protected":false},"excerpt":{"rendered":"<p>Passionsgrill verwendet f\u00fcr die Herstellung von Gartenkaminen und -grills nur die hochwertigsten Materialien. Das Modell SONSY ist vollst\u00e4ndig aus rostfreiem Stahl AISI 304L (1.4037) oder, auf Anfrage, aus rostfreiem Stahl AISI 316 (1.4401) gefertigt. So k\u00f6nnen diese Kamine jahrelang allen Wetterbedingungen standhalten.<\/p>\n<p>Das SONSY Modell ist in 3 verschiedenen Ausf\u00fchrungen und Gr\u00f6\u00dfen erh\u00e4ltlich. Sie sehen jetzt das Modell &#8222;M&#8220;. Bitte beachten Sie, dass die Produktfotos haupts\u00e4chlich die XL-Variante des Sonsy-Modells zeigen. Sie k\u00f6nnen die Gr\u00f6\u00dfenunterschiede auf dem letzten Bild erkennen.<\/p>\n","protected":false},"featured_media":26645,"comment_status":"closed","ping_status":"closed","template":"","meta":{"_acf_changed":false,"inline_featured_image":false},"product_brand":[],"product_cat":[314],"product_tag":[400],"class_list":{"0":"post-45995","1":"product","2":"type-product","3":"status-publish","4":"has-post-thumbnail","6":"product_cat-grills-gartenkamine","7":"product_tag-passionsgrill-de","8":"tm-has-styled-variations","9":"tm-has-options","11":"first","12":"instock","13":"taxable","14":"shipping-taxable","15":"purchasable","16":"product-type-variable","17":"has-default-attributes"},"acf":[],"jetpack_sharing_enabled":true,"tiered_pricing_type":"fixed","tiered_pricing_fixed_rules":[],"tiered_pricing_product_settings":{"layout":"default","base_unit_name":{"singular":null,"plural":null},"default_variation":null},"tiered_pricing_minimum_quantity":null,"tiered_pricing_roles_data":[],"tiered_pricing_percentage_rules":[],"_links":{"self":[{"href":"https:\/\/www.xaro.nl\/de\/wp-json\/wp\/v2\/product\/45995","targetHints":{"allow":["GET"]}}],"collection":[{"href":"https:\/\/www.xaro.nl\/de\/wp-json\/wp\/v2\/product"}],"about":[{"href":"https:\/\/www.xaro.nl\/de\/wp-json\/wp\/v2\/types\/product"}],"replies":[{"embeddable":true,"href":"https:\/\/www.xaro.nl\/de\/wp-json\/wp\/v2\/comments?post=45995"}],"version-history":[{"count":1,"href":"https:\/\/www.xaro.nl\/de\/wp-json\/wp\/v2\/product\/45995\/revisions"}],"predecessor-version":[{"id":46002,"href":"https:\/\/www.xaro.nl\/de\/wp-json\/wp\/v2\/product\/45995\/revisions\/46002"}],"wp:featuredmedia":[{"embeddable":true,"href":"https:\/\/www.xaro.nl\/de\/wp-json\/wp\/v2\/media\/26645"}],"wp:attachment":[{"href":"https:\/\/www.xaro.nl\/de\/wp-json\/wp\/v2\/media?parent=45995"}],"wp:term":[{"taxonomy":"product_brand","embeddable":true,"href":"https:\/\/www.xaro.nl\/de\/wp-json\/wp\/v2\/product_brand?post=45995"},{"taxonomy":"product_cat","embeddable":true,"href":"https:\/\/www.xaro.nl\/de\/wp-json\/wp\/v2\/product_cat?post=45995"},{"taxonomy":"product_tag","embeddable":true,"href":"https:\/\/www.xaro.nl\/de\/wp-json\/wp\/v2\/product_tag?post=45995"}],"curies":[{"name":"wp","href":"https:\/\/api.w.org\/{rel}","templated":true}]}}