{"id":45933,"date":"2024-06-18T10:53:04","date_gmt":"2024-06-18T08:53:04","guid":{"rendered":"https:\/\/www.xaro.nl\/product\/nimo-dampfkammer-waermepumpe-alize-schwarz\/"},"modified":"2024-07-12T11:07:33","modified_gmt":"2024-07-12T09:07:33","slug":"nimo-dampfkammer-waermepumpe-alize-schwarz","status":"publish","type":"product","link":"https:\/\/www.xaro.nl\/de\/nimo-dampfkammer-waermepumpe-alize-schwarz\/","title":{"rendered":"NIMO Dampfkammer-W\u00e4rmepumpe &#8211; Aliz\u00e9 &#8211; Schwarz"},"content":{"rendered":"<p>&nbsp;<\/p>\n<h2 style=\"font-size: 16px; font-weight: 600; font-family: open sans; color: #202b34; text-align: left;\">NIMO Aliz\u00e9 &#8211; Dampfklimaschrank f\u00fcr Kleidung mit W\u00e4rmepumpentechnologie &#8211; Schwarz<\/h2>\n<h2 style=\"font-size: 17px; font-weight: bold; font-family: open sans; color: #1d242d; text-align: left;\">Vorteile<\/h2>\n<h3 style=\"font-size: 16px; font-weight: 600; font-family: open sans; color: #1d242d; text-align: left;\">Wichtigste Vorteile<\/h3>\n<ul>\n<li><strong>Dampffunktion:<\/strong> Entfernt Falten und Ger\u00fcche schnell und einfach.<\/li>\n<li><strong>Energiesparend:<\/strong> Ger\u00e4uschlose W\u00e4rmepumpentechnologie.<\/li>\n<li><strong>Elegantes Design:<\/strong> Passt perfekt in Ihr Zuhause, Ihren Arbeitsplatz oder Ihre Waschk\u00fcche.<\/li>\n<\/ul>\n<h2 style=\"font-size: 17px; font-weight: bold; font-family: open sans; color: #1d242d; text-align: left;\">Innovation in der Bekleidungs- und Textilpflege<\/h2>\n<p>Der Aliz\u00e9-Dampfschrank ist die neueste Innovation von NIMO im Bereich der Kleider- und Textilpflege. Aliz\u00e9 trocknet nicht nur Kleidung, sondern verf\u00fcgt auch \u00fcber eine Dampffunktion, die Ihre Kleidung erfrischt. Genie\u00dfen Sie jeden Tag glatte und frische Kleidung. Der Dampf entfernt effektiv Falten und verleiht Ihrer Kleidung ein frisch gewaschenes Gef\u00fchl. Die Dampffunktion beseitigt auch unerw\u00fcnschte Ger\u00fcche, die Ihre Kleidung nach einem langen Tag aufgenommen haben k\u00f6nnte.<\/p>\n<p>Aliz\u00e9 ist mit einer fortschrittlichen W\u00e4rmepumpentechnologie ausgestattet, die ihn sowohl energieeffizient als auch leise macht. Das bedeutet, dass Sie Ihre Kleidung auf umweltfreundliche Weise trocknen und auffrischen k\u00f6nnen, ohne Kompromisse bei der Leistung einzugehen. Aliz\u00e9 ist nicht nur funktionell, sondern auch eine stilvolle Erg\u00e4nzung f\u00fcr Ihr Zuhause oder Ihren Arbeitsplatz. Das elegante Design passt perfekt sowohl in die Waschk\u00fcche als auch in die Diele.<\/p>\n<h3 style=\"font-size: 16px; font-weight: 600; font-family: open sans; color: #1d242d; text-align: left;\">Aliz\u00e9 Dampfkabinett<\/h3>\n<p>Ein innovativer Dampfgarer aus Schweden, der mit Pr\u00e4zision und Sorgfalt entworfen wurde. Ein feuchtigkeitsspendender Dampfstrom, der erfrischt und die Richtung f\u00fcr die zuk\u00fcnftige Pflege der Kleidung vorgibt.<\/p>\n<h3 style=\"font-size: 16px; font-weight: 600; font-family: open sans; color: #1d242d; text-align: left;\">Skandinavische Qualit\u00e4t mit minimalistischem Design<\/h3>\n<p>NIMO bietet eine einzigartige Kombination aus fortschrittlicher Technologie und Design. Die Form und die matte Oberfl\u00e4che sind eine Hommage an den schwedischen Designstil und das intuitive Display erleichtert die Navigation zwischen den Programmen.<\/p>\n<h2 style=\"font-size: 17px; font-weight: bold; font-family: open sans; color: #1d242d; text-align: left;\">Programme<\/h2>\n<h3 style=\"font-size: 16px; font-weight: 600; font-family: open sans; color: #1d242d; text-align: left;\">Schnelles Auffrischen<\/h3>\n<p>Vergeuden Sie keine Zeit mit dem manuellen D\u00e4mpfen. Dies ist der schnellste Weg, um Falten zu gl\u00e4tten und zerknitterter Kleidung neues Leben einzuhauchen. Mit Quick Refresh b\u00fcgeln Sie nicht nur glatt, sondern sorgen mit Dampf auch f\u00fcr ein Gef\u00fchl von &#8222;frisch gewaschen&#8220;. Der Dampfgarer macht diesen Prozess effizient und einfach.<\/p>\n<h3 style=\"font-size: 16px; font-weight: 600; font-family: open sans; color: #1d242d; text-align: left;\">Standard-Auffrischung<\/h3>\n<p>Eine Stunde, um alten Kleidungsst\u00fccken neues Leben und neue Kraft zu verleihen, ist gut investierte Zeit. Standard Refresh &#8211; d\u00e4mpft und reduziert unerw\u00fcnschte Ger\u00fcche. Eine neue Art, gebrauchte Kleidung ohne Waschen aufzufrischen.<\/p>\n<h3 style=\"font-size: 16px; font-weight: 600; font-family: open sans; color: #1d242d; text-align: left;\">Sanitize Refresh (Desinfektionsmittel Auffrischen)<\/h3>\n<p>Vieles bleibt zur\u00fcck, was wir nicht sehen k\u00f6nnen. Das Sanitize Refresh-Programm sorgt also nicht nur f\u00fcr eine sofortige Auffrischung, sondern kann auch Bakterien, Viren und Milben, die sich in Textilien verstecken, reduzieren.<\/p>\n<h3 style=\"font-size: 16px; font-weight: 600; font-family: open sans; color: #1d242d; text-align: left;\">Klassisch trocken<\/h3>\n<p>Wenn es etwas gibt, was NIMO tun kann, dann ist es die Entwicklung von Produkten zur Trocknung von Textilien. Nat\u00fcrlich hat NIMO auch die Trocknungsfunktion nicht ausgelassen. Mit dem Programm Classic Dry erhalten Sie die bestm\u00f6gliche L\u00f6sung zum nachhaltigen Trocknen von Kleidung.<\/p>\n<h2 style=\"font-size: 17px; font-weight: bold; font-family: open sans; color: #1d242d; text-align: left;\">Technologische Fortschritte und innovative L\u00f6sungen<\/h2>\n<p>Die Technologie von NIMO steht an der Spitze der neuesten Generation von energieeffizienten Sensorsystemen. Mit einem geschlossenen Dampfsystem werden die Auswirkungen auf die Umwelt reduziert &#8211; f\u00fcr ein besseres Klima und eine nachhaltige Pflege der Kleidung.<\/p>\n<h3 style=\"font-size: 16px; font-weight: 600; font-family: open sans; color: #1d242d; text-align: left;\">Modular, beleuchtet &amp; anpassungsf\u00e4hig<\/h3>\n<p>Kombinieren, optimieren und maximieren Sie sowohl den Nutzen als auch den Platz. Der modulare Innenraum bietet Platz f\u00fcr alle Arten von Kleidung.<\/p>\n<h3 style=\"font-size: 16px; font-weight: 600; font-family: open sans; color: #1d242d; text-align: left;\">Nicht nur irgendeine Dampfkammer<\/h3>\n<p>Jeder Aspekt der NIMO Dampfkabine wurde mit Pr\u00e4zision und Sorgfalt entworfen, vom ger\u00e4umigen Innenraum mit verstellbaren B\u00fcgeln bis hin zu den fortschrittlichen technischen L\u00f6sungen.<\/p>\n<p><iframe title=\"YouTube-Video-Player\" data-src=\"https:\/\/www.youtube.com\/embed\/rJ9EcVMjjpo?si=OTbuWBHzw0ntx1xL\" width=\"1192\" height=\"511\" frameborder=\"0\" allowfullscreen=\"allowfullscreen\" src=\"data:image\/svg+xml;base64,PHN2ZyB3aWR0aD0iMSIgaGVpZ2h0PSIxIiB4bWxucz0iaHR0cDovL3d3dy53My5vcmcvMjAwMC9zdmciPjwvc3ZnPg==\" data-load-mode=\"1\"><span data-mce-type=\"bookmark\" style=\"display: inline-block; width: 0px; overflow: hidden; line-height: 0;\" class=\"mce_SELRES_start lazyload\"><\/span><\/iframe><\/p>\n<h3 style=\"font-size: 16px; font-weight: 600; font-family: open sans; color: #1d242d; text-align: left;\">Dampfkammer-W\u00e4rmepumpe A+++<\/h3>\n<p>Als Exklusivimporteur der <strong><br \/>\n  <a href=\"https:\/\/www.nimoverken.com\/en\/about-nimo\/\" target=\"_blank\" rel=\"noopener\">NIMO<\/a><br \/>\n<\/strong> sind wir stolz darauf, dass der &#8218;Aliz\u00e9 Dampfgarderobenschrank f\u00fcr Kleidung&#8216; die Energieeffizienzklasse A+++ erreicht hat. Das macht die Dampfkabine zu einem der energieeffizientesten Ger\u00e4te auf dem Markt. Da zum Trocknen Ihrer Kleidung weniger Energie ben\u00f6tigt wird, leisten Sie auch einen Beitrag zum Umweltschutz. Die Investition in eine Dampfkabine mit dieser Energieeffizienzklasse ist daher eine kluge Entscheidung.<\/p>\n","protected":false},"excerpt":{"rendered":"<p>Der Aliz\u00e9-Dampfschrank ist die neueste Innovation von NIMO im Bereich der Bekleidungs- und Textilpflege. Aliz\u00e9 trocknet nicht nur effizient, sondern bietet auch eine Dampffunktion, die die Kleidung auffrischt, so dass Sie jeden Tag glatte, frische Kleidung genie\u00dfen k\u00f6nnen. Der Dampf entfernt effektiv Knitterfalten, verleiht Ihrer Kleidung ein frisch gewaschenes Gef\u00fchl und beseitigt unerw\u00fcnschte Ger\u00fcche.<\/p>\n<p>Ausgestattet mit fortschrittlicher W\u00e4rmepumpentechnologie ist Aliz\u00e9 energieeffizient und leise im Betrieb. So k\u00f6nnen Sie Ihre W\u00e4sche auf umweltfreundliche Weise pflegen, ohne Kompromisse bei der Leistung einzugehen. Aliz\u00e9 ist funktional und stilvoll und f\u00fcgt sich mit seinem eleganten Design nahtlos in Waschr\u00e4ume und Flure ein, die zu modernen Einrichtungen passen.<\/p>\n<p><span style=\"color: #1d242d;\"><strong>Ab September dieses Jahres exklusiv in den Niederlanden bei XARO erh\u00e4ltlich!<\/strong><\/span><\/p>\n","protected":false},"featured_media":43486,"comment_status":"closed","ping_status":"closed","template":"","meta":{"_acf_changed":false,"inline_featured_image":false},"product_brand":[],"product_cat":[315,317],"product_tag":[383,381,382,396,395,394],"class_list":{"0":"post-45933","1":"product","2":"type-product","3":"status-publish","4":"has-post-thumbnail","6":"product_cat-trockenschranke","7":"product_cat-warmepumpentrockner","8":"product_tag-dry-box","9":"product_tag-nimo-trockenschrank","10":"product_tag-nimoverken-de","11":"product_tag-steam-box","12":"product_tag-steamcabine","13":"product_tag-warmepumpe","14":"tm-no-options","16":"first","17":"instock","18":"taxable","19":"shipping-taxable","20":"product-type-simple"},"acf":[],"jetpack_sharing_enabled":true,"tiered_pricing_type":"fixed","tiered_pricing_fixed_rules":[],"tiered_pricing_product_settings":{"layout":"default","base_unit_name":{"singular":null,"plural":null},"default_variation":null},"tiered_pricing_minimum_quantity":null,"tiered_pricing_roles_data":[],"tiered_pricing_percentage_rules":[],"_links":{"self":[{"href":"https:\/\/www.xaro.nl\/de\/wp-json\/wp\/v2\/product\/45933","targetHints":{"allow":["GET"]}}],"collection":[{"href":"https:\/\/www.xaro.nl\/de\/wp-json\/wp\/v2\/product"}],"about":[{"href":"https:\/\/www.xaro.nl\/de\/wp-json\/wp\/v2\/types\/product"}],"replies":[{"embeddable":true,"href":"https:\/\/www.xaro.nl\/de\/wp-json\/wp\/v2\/comments?post=45933"}],"version-history":[{"count":1,"href":"https:\/\/www.xaro.nl\/de\/wp-json\/wp\/v2\/product\/45933\/revisions"}],"predecessor-version":[{"id":45934,"href":"https:\/\/www.xaro.nl\/de\/wp-json\/wp\/v2\/product\/45933\/revisions\/45934"}],"wp:featuredmedia":[{"embeddable":true,"href":"https:\/\/www.xaro.nl\/de\/wp-json\/wp\/v2\/media\/43486"}],"wp:attachment":[{"href":"https:\/\/www.xaro.nl\/de\/wp-json\/wp\/v2\/media?parent=45933"}],"wp:term":[{"taxonomy":"product_brand","embeddable":true,"href":"https:\/\/www.xaro.nl\/de\/wp-json\/wp\/v2\/product_brand?post=45933"},{"taxonomy":"product_cat","embeddable":true,"href":"https:\/\/www.xaro.nl\/de\/wp-json\/wp\/v2\/product_cat?post=45933"},{"taxonomy":"product_tag","embeddable":true,"href":"https:\/\/www.xaro.nl\/de\/wp-json\/wp\/v2\/product_tag?post=45933"}],"curies":[{"name":"wp","href":"https:\/\/api.w.org\/{rel}","templated":true}]}}