{"id":45917,"date":"2021-08-06T16:33:39","date_gmt":"2021-08-06T14:33:39","guid":{"rendered":"https:\/\/www.xaro.nl\/product\/avintage-weinklimaschrank-dvp305g-dreifache-zone-294-flaschen\/"},"modified":"2021-08-06T16:33:39","modified_gmt":"2021-08-06T14:33:39","slug":"avintage-weinklimaschrank-dvp305g-dreifache-zone-294-flaschen","status":"publish","type":"product","link":"https:\/\/www.xaro.nl\/de\/avintage-weinklimaschrank-dvp305g-dreifache-zone-294-flaschen\/","title":{"rendered":"Avintage Weinklimaschrank DVP305G (dreifache Zone) &#8211; 294 Flaschen"},"content":{"rendered":"<h2 style=\"font-size: 16px; font-weight: 600; font-family: open sans; color: #202b34; text-align: left;\">Avintage Weinklimaschrank DVP305G:<\/h2>\n<p>Mit dem Avintage Weinklimaschrank DVP305G genie\u00dfen Sie die perfekten Lager- und Reifebedingungen f\u00fcr Ihre Weinsammlung. Dieser h\u00fcbsche, freistehende Weinklimaschrank verf\u00fcgt \u00fcber 3 Zonen (Multi-Temperatur) und fasst bis zu 294 Flaschen &#8222;Bordelaise&#8220; 75 cl. Dank seines eleganten Designs mit geschlossener T\u00fcr passt dieser AVINTAGE\u2122 Weinklimaschrank in jede Einrichtung und sorgt f\u00fcr optimale Lagerbedingungen f\u00fcr Ihre Weine.<\/p>\n<p><span style=\"color: #1d242d;\"><strong>Eigenschaften Avintage Weinklimaschrank DVP305G<\/strong><\/span><\/p>\n<ul>\n<li>Fasst bis zu 294 Flaschen &#8222;Bordelaise&#8220; 75 cl<\/li>\n<li>3 Zonen mit Multi-Temperatur zwischen 6\u00b0 &#8211; 18\u00b0C<\/li>\n<li>5 verstellbare Holzeinlegeb\u00f6den, davon 2 Kollisionsb\u00f6den auf Gleitschienen (optional ausziehbar)<\/li>\n<li>Wintersystem (geeignet f\u00fcr unbeheizte R\u00e4ume)<\/li>\n<li>LED-Beleuchtung, Schloss, Hygrometer, Alarm<\/li>\n<\/ul>\n<p>Mit dem Avintage Weinklimaschrank DVP305G hat AVINTAGE eine L\u00f6sung entwickelt, die sich sowohl f\u00fcr den t\u00e4glichen Gebrauch als auch f\u00fcr die Langzeitnutzung eignet. Daher ist der klimatisierte K\u00fchlschrank ideal f\u00fcr eine breite Palette von Weinliebhabern. Sie haben die Wahl zwischen drei Temperaturbereichen: Sie k\u00f6nnen Ihren Wein bei Raumtemperatur aufbewahren, ihn zur Reifung lagern oder f\u00fcr den sofortigen Genuss k\u00fchlen. Dies sichert die Qualit\u00e4t Ihrer kostbaren Weine auf lange Sicht und Sie haben immer einen Vorrat an Weinen in Serviertemperatur.<\/p>\n<p>Dieses Modell ist au\u00dferdem mit einem Wintersystem ausgestattet, d.h. es kann in unbeheizten R\u00e4umen bis zu 0\u00b0C aushalten, ohne dass Ihr Wein unterk\u00fchlt. So bleiben Ihre Weine perfekt temperiert, selbst unter den schwierigsten Bedingungen. Der Weink\u00fchler ist mit der Energieklasse G gekennzeichnet, was heutzutage eine relativ energieeffiziente Wahl ist.<\/p>\n<p><strong><br \/>\n  <a href=\"https:\/\/www.avintage-wijnkoelkasten.nl\" target=\"_blank\" rel=\"noopener\">Avintage<\/a><br \/>\n<\/strong> Weinschr\u00e4nke sind in der Regel ein echtes Must-Have f\u00fcr den wahren Weinliebhaber. Alle Modelle werden vollst\u00e4ndig in Europa hergestellt, was hohe Qualit\u00e4t und Handwerkskunst garantiert.<\/p>\n<p>W\u00e4hlen Sie den Avintage Weinklimaschrank DVP305G und holen Sie das Beste aus Ihren Weinen heraus! Entdecken Sie alle <strong><br \/>\n  <a href=\"https:\/\/www.xaro.nl\/avintage\/\">AVINTAGE<\/a><br \/>\n<\/strong> Modelle bei XARO &#8211; Wohnen in Luxus &amp; Komfort.<\/p>\n","protected":false},"excerpt":{"rendered":"<p>Mit dem Avintage Weinklimaschrank DVP305G genie\u00dfen Sie die perfekten Lager- und Reifebedingungen f\u00fcr Ihre Weinsammlung. Dieser h\u00fcbsche, freistehende Weinklimaschrank verf\u00fcgt \u00fcber 3 Zonen (Multi-Temperatur) und fasst bis zu 294 Flaschen &#8222;Bordelaise&#8220; 75 cl. Dank seines eleganten Designs mit geschlossener T\u00fcr passt dieser AVINTAGE\u2122 Weinklimaschrank in jede Einrichtung und sorgt f\u00fcr optimale Lagerbedingungen f\u00fcr Ihre Weine.<\/p>\n","protected":false},"featured_media":24868,"comment_status":"open","ping_status":"closed","template":"","meta":{"_acf_changed":false,"inline_featured_image":false},"product_brand":[],"product_cat":[333,329],"product_tag":[387],"class_list":{"0":"post-45917","1":"product","2":"type-product","3":"status-publish","4":"has-post-thumbnail","6":"product_cat-weinklimaschranke","7":"product_cat-weinschranke","8":"product_tag-avintage-de","9":"tm-no-options","11":"first","12":"instock","13":"taxable","14":"shipping-taxable","15":"purchasable","16":"product-type-simple"},"acf":[],"jetpack_sharing_enabled":true,"tiered_pricing_type":"fixed","tiered_pricing_fixed_rules":[],"tiered_pricing_product_settings":{"layout":"default","base_unit_name":{"singular":null,"plural":null},"default_variation":null},"tiered_pricing_minimum_quantity":null,"tiered_pricing_roles_data":[],"tiered_pricing_percentage_rules":[],"_links":{"self":[{"href":"https:\/\/www.xaro.nl\/de\/wp-json\/wp\/v2\/product\/45917","targetHints":{"allow":["GET"]}}],"collection":[{"href":"https:\/\/www.xaro.nl\/de\/wp-json\/wp\/v2\/product"}],"about":[{"href":"https:\/\/www.xaro.nl\/de\/wp-json\/wp\/v2\/types\/product"}],"replies":[{"embeddable":true,"href":"https:\/\/www.xaro.nl\/de\/wp-json\/wp\/v2\/comments?post=45917"}],"version-history":[{"count":0,"href":"https:\/\/www.xaro.nl\/de\/wp-json\/wp\/v2\/product\/45917\/revisions"}],"wp:featuredmedia":[{"embeddable":true,"href":"https:\/\/www.xaro.nl\/de\/wp-json\/wp\/v2\/media\/24868"}],"wp:attachment":[{"href":"https:\/\/www.xaro.nl\/de\/wp-json\/wp\/v2\/media?parent=45917"}],"wp:term":[{"taxonomy":"product_brand","embeddable":true,"href":"https:\/\/www.xaro.nl\/de\/wp-json\/wp\/v2\/product_brand?post=45917"},{"taxonomy":"product_cat","embeddable":true,"href":"https:\/\/www.xaro.nl\/de\/wp-json\/wp\/v2\/product_cat?post=45917"},{"taxonomy":"product_tag","embeddable":true,"href":"https:\/\/www.xaro.nl\/de\/wp-json\/wp\/v2\/product_tag?post=45917"}],"curies":[{"name":"wp","href":"https:\/\/api.w.org\/{rel}","templated":true}]}}