{"id":45908,"date":"2023-04-12T14:35:10","date_gmt":"2023-04-12T12:35:10","guid":{"rendered":"https:\/\/www.xaro.nl\/product\/nimo-trockner-timer-funktion-ets-1500-weiss\/"},"modified":"2024-08-14T21:18:30","modified_gmt":"2024-08-14T19:18:30","slug":"nimo-trockner-timer-funktion-ets-1500-weiss","status":"publish","type":"product","link":"https:\/\/www.xaro.nl\/de\/nimo-trockenschrank-timer-funktion-ets-1500-weiss\/","title":{"rendered":"NIMO Trockenschrank Timer-Funktion &#8211; ETS 1500 &#8211; Wei\u00df"},"content":{"rendered":"<h2 style=\"font-size: 16px; font-weight: 600; font-family: open sans; color: #202b34; text-align: left;\">NIMO Trockenschrank Timer-Funktion &#8211; ETS 1500 &#8211; Wei\u00df<\/h2>\n<p>Wandtrockner mit Timerfunktion, speziell f\u00fcr kleinere R\u00e4ume, z.B. \u00fcber der Waschmaschine. Die h\u00f6henverstellbare Aufh\u00e4ngung sorgt f\u00fcr eine komfortable Arbeitsh\u00f6he, so dass Sie Ihre trockenen Waren leicht erreichen k\u00f6nnen. Der Trockner mit Timerfunktion ist auch mit Sensortechnologie, automatischen Waschprogrammen und einem digitalen Bedienfeld erh\u00e4ltlich. Die <a href=\"https:\/\/www.xaro.nl\/nimo-droogkast-sensortechnologie-ets-1500-e-wit\/\"><strong>ETS 1500 E<\/strong><\/a> hat jedoch einen Aufpreis.<\/p>\n<p><strong>Die Vorteile der ETS 1500 auf einen Blick:<\/strong><\/p>\n<ul>\n<li>Dieser Wandtrockner hat ein Fassungsverm\u00f6gen von 3,5 kg und ist damit f\u00fcr kleine W\u00e4scheladungen geeignet.<\/li>\n<li>Mit einer Aufh\u00e4ngel\u00e4nge von 16 Metern und starken B\u00fcgeln bietet dieser Wandtrockner viel Platz zum Aufh\u00e4ngen von Kleidung und anderen Gegenst\u00e4nden.<\/li>\n<li>Das 1,5 kW Heizelement sorgt f\u00fcr eine schnelle und effektive Trocknung der W\u00e4sche.<\/li>\n<\/ul>\n<h2 style=\"font-size: 16px; font-weight: 600; font-family: open sans; color: #202b34; text-align: left;\">Warum ein W\u00e4schetrockner?<\/h2>\n<p>Es gibt viele Gr\u00fcnde, sich f\u00fcr einen W\u00e4schetrockner zu entscheiden:<\/p>\n<ol>\n<li><strong>Energieeffizient<\/strong><br \/>\nNIMO W\u00e4schetrockner haben viele verschiedene Programme. Was sie alle gemeinsam haben, ist, dass sie energieeffizient sind und Sie viel mehr sparen <a href=\"https:\/\/www.milieucentraal.nl\/energie-besparen\/apparaten-in-huis\/wasdroger\/\" target=\"_blank\" rel=\"noopener\"><strong>Energieeinsparung<\/strong><\/a> als herk\u00f6mmliche W\u00e4schetrockner.<\/li>\n<li><strong>Schonend f\u00fcr Ihre Kleidung<\/strong><br \/>\nDas Trocknen im W\u00e4schetrockner strapaziert Ihre Kleidungsst\u00fccke st\u00e4rker als das Waschen. Die mechanische Bearbeitung des Trockners bewirkt, dass sich die Fasern aus der Kleidung l\u00f6sen, wenn sie aneinander gerieben werden. Das Trocknen Ihrer Kleidung an der Luft ist sowohl f\u00fcr Ihre Kleidung als auch f\u00fcr die Umwelt am schonendsten. Yvette von Binki hat herausgefunden, warum Kleidung oft nicht in den Trockner passt. Lesen Sie den Artikel <strong><a href=\"https:\/\/www.binki.co\/nl\/waarom-mag-kleding-vaak-niet-in-de-droger\/\" target=\"_blank\" rel=\"noopener\">hier<\/a><\/strong>.<\/li>\n<\/ol>\n<p><iframe title=\"Introductie Nimoverken - Duurzaam drogen dankzij innovatieve (warmtepomp) technologie\" width=\"500\" height=\"281\" data-src=\"https:\/\/www.youtube.com\/embed\/AZ_rj4CzyZY?feature=oembed&#038;enablejsapi=1&#038;origin=https:\/\/www.xaro.nl\" frameborder=\"0\" allow=\"accelerometer; autoplay; clipboard-write; encrypted-media; gyroscope; picture-in-picture; web-share\" referrerpolicy=\"strict-origin-when-cross-origin\" allowfullscreen src=\"data:image\/svg+xml;base64,PHN2ZyB3aWR0aD0iMSIgaGVpZ2h0PSIxIiB4bWxucz0iaHR0cDovL3d3dy53My5vcmcvMjAwMC9zdmciPjwvc3ZnPg==\" class=\"lazyload\" data-load-mode=\"1\"><\/iframe><\/p>\n","protected":false},"excerpt":{"rendered":"<p>Wandtrockner mit Timerfunktion, speziell f\u00fcr kleinere R\u00e4ume, z.B. \u00fcber der Waschmaschine. Die h\u00f6henverstellbare Aufh\u00e4ngung sorgt f\u00fcr eine komfortable Arbeitsh\u00f6he, so dass Sie Ihre trockenen Waren leicht erreichen k\u00f6nnen. Der Trockner mit Timerfunktion ist auch mit Sensortechnologie, automatischen Waschprogrammen und einem digitalen Bedienfeld erh\u00e4ltlich. Die <a href=\"https:\/\/www.xaro.nl\/nimo-droogkast-sensortechnologie-ets-1500-e-wit\/\"><strong>ETS 1500 E<\/strong><\/a> hat jedoch einen Aufpreis.<\/p>\n<p>*<strong>Keine weiteren Fotos von ETS 1500 derzeit verf\u00fcgbar. Achtung! Dieses Modell ist f\u00fcr Linksh\u00e4nder (Drehrichtung umkehrbar) und hat Drehkn\u00f6pfe. Die Aktionsfotos zeigen die <\/strong><strong>Modell ETS 1500 E, bei dem die Drehrichtung rechts ist und das Bedienfeld digital ist.<\/strong><\/p>\n","protected":false},"featured_media":27206,"comment_status":"closed","ping_status":"closed","template":"","meta":{"_acf_changed":false,"inline_featured_image":false},"product_brand":[],"product_cat":[316,315],"product_tag":[383,381,382],"class_list":{"0":"post-45908","1":"product","2":"type-product","3":"status-publish","4":"has-post-thumbnail","6":"product_cat-ablufttrockner","7":"product_cat-trockenschranke","8":"product_tag-dry-box","9":"product_tag-nimo-trockenschrank","10":"product_tag-nimoverken-de","11":"product_shipping_class-trockenschraenke-de","12":"tm-no-options","14":"first","15":"outofstock","16":"taxable","17":"shipping-taxable","18":"purchasable","19":"product-type-simple"},"acf":[],"jetpack_sharing_enabled":true,"tiered_pricing_type":"fixed","tiered_pricing_fixed_rules":[],"tiered_pricing_product_settings":{"layout":"default","base_unit_name":{"singular":null,"plural":null},"default_variation":null},"tiered_pricing_minimum_quantity":null,"tiered_pricing_roles_data":[],"tiered_pricing_percentage_rules":[],"_links":{"self":[{"href":"https:\/\/www.xaro.nl\/de\/wp-json\/wp\/v2\/product\/45908","targetHints":{"allow":["GET"]}}],"collection":[{"href":"https:\/\/www.xaro.nl\/de\/wp-json\/wp\/v2\/product"}],"about":[{"href":"https:\/\/www.xaro.nl\/de\/wp-json\/wp\/v2\/types\/product"}],"replies":[{"embeddable":true,"href":"https:\/\/www.xaro.nl\/de\/wp-json\/wp\/v2\/comments?post=45908"}],"version-history":[{"count":3,"href":"https:\/\/www.xaro.nl\/de\/wp-json\/wp\/v2\/product\/45908\/revisions"}],"predecessor-version":[{"id":50268,"href":"https:\/\/www.xaro.nl\/de\/wp-json\/wp\/v2\/product\/45908\/revisions\/50268"}],"wp:featuredmedia":[{"embeddable":true,"href":"https:\/\/www.xaro.nl\/de\/wp-json\/wp\/v2\/media\/27206"}],"wp:attachment":[{"href":"https:\/\/www.xaro.nl\/de\/wp-json\/wp\/v2\/media?parent=45908"}],"wp:term":[{"taxonomy":"product_brand","embeddable":true,"href":"https:\/\/www.xaro.nl\/de\/wp-json\/wp\/v2\/product_brand?post=45908"},{"taxonomy":"product_cat","embeddable":true,"href":"https:\/\/www.xaro.nl\/de\/wp-json\/wp\/v2\/product_cat?post=45908"},{"taxonomy":"product_tag","embeddable":true,"href":"https:\/\/www.xaro.nl\/de\/wp-json\/wp\/v2\/product_tag?post=45908"}],"curies":[{"name":"wp","href":"https:\/\/api.w.org\/{rel}","templated":true}]}}